{"id":1816,"date":"2024-02-29T15:02:57","date_gmt":"2024-02-29T20:02:57","guid":{"rendered":"https:\/\/montsaintpierre.ca\/join-our-team\/serveur-euse-et-aide-de-cuisine\/"},"modified":"2024-02-29T15:02:57","modified_gmt":"2024-02-29T20:02:57","slug":"serveur-euse-et-aide-de-cuisine","status":"publish","type":"page","link":"https:\/\/montsaintpierre.ca\/en\/join-our-team\/serveur-euse-et-aide-de-cuisine\/","title":{"rendered":"Gestionnaire d&#8217;exp\u00e9rience &#8211; Terrasse les vagues"},"content":{"rendered":"<div class=\"wpb-content-wrapper\"><p>[vc_row full_width=&#8221;stretch_row_content_no_spaces&#8221;][vc_column]<div class=\"henri-vc-module module-header \">\n\n    <div class=\"header\">\n        <div class=\"image-title-wrapper\">\n\n                            <div class=\"image\">\n                    <img decoding=\"async\" alt=\"image header - image en-tete\" src=\"https:\/\/mont-saint-pierre.s3.bhs.io.cloud.ovh.net\/2024\/01\/img-6278-scaled.jpg\">\n\n                                    <\/div>\n            \n            <div class=\"container-xl\">\n\n                <div class=\"row\">\n                    <div class=\"col-12\">\n                        <div class=\"title-and-btn \">\n                            <h1 class=\"color-inverse\">Gestionnaire d'exp\u00e9rience - Terrasse les vagues<\/h1>\n\n                                                    <\/div>\n                        \n                    <\/div>\n                <\/div>\n            <\/div>\n        <\/div>\n        <div class=\"container-xl\">\n            <div class=\"row\">\n                <div class=\"col-12\">\n                    <div class=\"subtitle\">\n                        <h2 class=\"color-inverse\"><\/h2>\n                    <\/div>\n                    <div class=\"text\">\n                        <p class=\"color-inverse\"><\/p>\n                    <\/div>\n                <\/div>\n            <\/div>\n        <\/div>\n        <div class=\"bottom-section-wrapper\">\n            <div class=\"container-xl\">\n                <div class=\"row\">\n                    <div class=\"col-12\">\n                        <div class=\"bottom-section-content \">\n                            <div class=\"chapeau\">\n                                <p class=\"color-inverse\"><\/p>\n                            <\/div>\n\n                                                    <\/div>\n                    <\/div>\n                <\/div>\n            <\/div>\n        <\/div>\n    <\/div>\n<\/div>\n[\/vc_column][\/vc_row][vc_row css=&#8221;.vc_custom_1708015890376{padding-bottom: 2vw !important;}&#8221;][vc_column][vc_row_inner][vc_column_inner][vc_column_text]<\/p>\n<h2>Positionnement dans l&#8217;organisation<\/h2>\n<p>[\/vc_column_text][vc_column_text]Sous la responsabilit\u00e9 de la direction des op\u00e9rations, de la programmation et de l\u2019exp\u00e9rience client.<\/p>\n<p style=\"text-align: left;\">Responsable du service \u00e0 la client\u00e8le de la Terrasse les vagues pour la nourriture et les breuvages.<\/p>\n<p>[\/vc_column_text][\/vc_column_inner][\/vc_row_inner][\/vc_column][\/vc_row][vc_row css=&#8221;.vc_custom_1708015925403{padding-bottom: 2vw !important;}&#8221;][vc_column][vc_row_inner][vc_column_inner][vc_column_text]<\/p>\n<h2>R\u00f4les et responsabilit\u00e9s<\/h2>\n<p>[\/vc_column_text][vc_column_text]<span style=\"font-size: 12pt;\"><em>Les<\/em><em> mots de genre masculin appliqu\u00e9s aux personnes d\u00e9signent autant les hommes que les femmes (utilis\u00e9 comme genre neutre) afin de faciliter la lecture de la pr\u00e9sente description de poste<\/em><em>.<\/em><\/span><\/p>\n<p><strong>Serveur.euse<\/strong><\/p>\n<ul>\n<li>Prendre les commandes de la client\u00e8le au comptoir.<\/li>\n<li>Dresser les tables.<\/li>\n<li>Tenir les registres des quantit\u00e9s d&#8217;aliments consomm\u00e9s.<\/li>\n<li><span style=\"color: #223654;\">Recevoir les paiements.<\/span><\/li>\n<li><span style=\"color: #223654;\">D\u00e9barrasser et nettoyer les tables et les plateaux.<\/span><\/li>\n<\/ul>\n<p><strong>Aide de cuisine<\/strong><\/p>\n<ul>\n<li>Laver, \u00e9plucher et trancher les aliments.<\/li>\n<li>Diviser les aliments en portions, les assembler et les emballer ou les placer dans des assiettes.<\/li>\n<li>Pr\u00e9parer les plats rapides et les boissons.<\/li>\n<li>Nettoyer les surfaces de travail, les armoires et les appareils.<\/li>\n<li>Sortir les d\u00e9chets<span style=\"color: #223654;\">.<\/span><\/li>\n<li>D\u00e9baller et ranger les provisions.<\/li>\n<li>Balayer les planchers.<\/li>\n<li>Remplir les contenants de condiments sur les tables et dans les aires de service.<\/li>\n<li><span style=\"color: #223654;\">Laver la vaisselle, les verres, les ustensiles et autres mat\u00e9riel de cuisine<\/span><\/li>\n<li>Ranger la vaisselle \u00e0 l&#8217;endroit pr\u00e9vu.<\/li>\n<li><span style=\"color: #223654;\">Remplir les r\u00e9frig\u00e9rateurs.\u00a0<\/span><\/li>\n<li><span style=\"color: #223654;\">Apporter toute autre forme d&#8217;aide \u00e0 ses co\u00e9quipiers.<\/span><\/li>\n<\/ul>\n<p>[\/vc_column_text][\/vc_column_inner][\/vc_row_inner][\/vc_column][\/vc_row][vc_row css=&#8221;.vc_custom_1708015925403{padding-bottom: 2vw !important;}&#8221;][vc_column][vc_row_inner][vc_column_inner][vc_column_text]<\/p>\n<h2>Volet \u00e9coresponsable<\/h2>\n<p>[\/vc_column_text][vc_column_text]Puisque la Station se veut \u00e9coresponsable, la personne \u00e0 ce poste est sensibilis\u00e9 \u00e0 propos des politiques mises en place sur le d\u00e9veloppement durable dans un contexte d\u2019\u00e9cotourisme. Il a les responsabilit\u00e9s suivantes :<\/p>\n<ul>\n<li>S\u2019approprie la charte du visiteur, le volet ambassadeur et les principes du z\u00e9ro d\u00e9chet et du sans trace pour bien transmettre leur concept et leurs principes aux visiteurs.<\/li>\n<\/ul>\n<p>[\/vc_column_text][\/vc_column_inner][\/vc_row_inner][\/vc_column][\/vc_row][vc_row css=&#8221;.vc_custom_1708015925403{padding-bottom: 2vw !important;}&#8221;][vc_column][vc_row_inner][vc_column_inner][vc_column_text]<\/p>\n<h2>Service \u00e0 la client\u00e8le<\/h2>\n<p>[\/vc_column_text][vc_column_text]<\/p>\n<ul>\n<li>Agit en tant que repr\u00e9sentant de la Station de montagne sur mer.<\/li>\n<li>Maintient l\u2019excellence du service \u00e0 la client\u00e8le par un accueil courtois, respectueux et souriant.<\/li>\n<li>Assure une vigie de la satisfaction de la client\u00e8le par le recueillement des commentaires positifs ou n\u00e9gatifs.<\/li>\n<li>G\u00e8re des situations sensibles (plaintes, comportements g\u00eanants).<\/li>\n<li>Porte secours si n\u00e9cessaire, donne les premiers soins et peut participer aux proc\u00e9dures d\u2019urgence<\/li>\n<\/ul>\n<p>[\/vc_column_text][\/vc_column_inner][\/vc_row_inner][\/vc_column][\/vc_row][vc_row css=&#8221;.vc_custom_1708015925403{padding-bottom: 2vw !important;}&#8221;][vc_column][vc_row_inner][vc_column_inner][vc_column_text]<\/p>\n<h2>Comp\u00e9tences recherch\u00e9es<\/h2>\n<p>[\/vc_column_text][vc_column_text]<\/p>\n<ul>\n<li>Bonne ma\u00eetrise du fran\u00e7ais, oral et \u00e9crit<\/li>\n<li>Anglais fonctionnel, bilinguisme un atout<\/li>\n<li>Autonomie<\/li>\n<li>Ma\u00eetrise du fonctionnement d\u2019une caisse<\/li>\n<li>Sens de l\u2019organisation et de l\u2019initiative<\/li>\n<li>Polyvalence<\/li>\n<li>Tol\u00e9rance au stress<\/li>\n<\/ul>\n<h2>Formations \/ connaissances recherch\u00e9es<\/h2>\n<ul>\n<li>Toute autre exp\u00e9rience pertinente et connexe acquise en milieu de travail<\/li>\n<\/ul>\n<p>[\/vc_column_text][\/vc_column_inner][\/vc_row_inner][\/vc_column][\/vc_row][vc_row css=&#8221;.vc_custom_1708015925403{padding-bottom: 2vw !important;}&#8221;][vc_column][vc_row_inner][vc_column_inner][vc_column_text]<\/p>\n<h2>Savoir \u00eatre recherch\u00e9<\/h2>\n<p>[\/vc_column_text][vc_column_text]<\/p>\n<ul>\n<li>Ponctualit\u00e9<\/li>\n<li>Fiabilit\u00e9<\/li>\n<li>D\u00e9brouillardise et autonomie<\/li>\n<li>Capacit\u00e9 \u00e0 renseigner la client\u00e8le<\/li>\n<li>Souriant<\/li>\n<li>Attitude positive<\/li>\n<li>Esprit d\u2019\u00e9quipe<\/li>\n<\/ul>\n<p>&nbsp;<\/p>\n<h2>Int\u00e9r\u00eats<\/h2>\n<ul>\n<li>Service \u00e0 la client\u00e8le<\/li>\n<li>Vente<\/li>\n<li>Tourisme<\/li>\n<li>Aide et conseil<\/li>\n<\/ul>\n<p>[\/vc_column_text][\/vc_column_inner][\/vc_row_inner][\/vc_column][\/vc_row][vc_row css=&#8221;.vc_custom_1708015925403{padding-bottom: 2vw !important;}&#8221;][vc_column][vc_row_inner][vc_column_inner][vc_column_text]<\/p>\n<h2>Ann\u00e9es d&#8217;exp\u00e9rience<\/h2>\n<p>[\/vc_column_text][vc_column_text]<\/p>\n<table width=\"718\">\n<tbody>\n<tr>\n<td width=\"605\">Minimum 1 ann\u00e9e d\u2019exp\u00e9rience dans un poste similaire<\/td>\n<\/tr>\n<\/tbody>\n<\/table>\n<p>[\/vc_column_text][\/vc_column_inner][\/vc_row_inner][\/vc_column][\/vc_row][vc_row][vc_column][vc_row_inner][vc_column_inner][\/vc_column_inner][\/vc_row_inner][vc_row_inner css=&#8221;.vc_custom_1708016356081{margin-right: 0px !important;margin-left: 0px !important;padding-right: 0px !important;padding-left: 0px !important;}&#8221;][vc_column_inner width=&#8221;1\/4&#8243;][vc_column_text css=&#8221;.vc_custom_1708699727026{margin-bottom: 15px !important;padding-bottom: 0px !important;}&#8221;]<strong>Lieu de travail<\/strong><br \/>\nMont-Saint-Pierre, Gasp\u00e9sie<\/p>\n<p><strong>Type d&#8217;emploi<\/strong><br \/>\nTemps plein<br \/>\nStatut saisonnier<br \/>\nMai \u00e0 octobre<\/p>\n<p><strong>Horaire flexible<\/strong><br \/>\n5 jours<br \/>\nJour et soir<\/p>\n<p>&nbsp;<\/p>\n<p><strong>\u00a0<\/strong>[\/vc_column_text][\/vc_column_inner][vc_column_inner width=&#8221;1\/4&#8243;][vc_column_text css=&#8221;.vc_custom_1708377057787{margin-bottom: 15px !important;padding-bottom: 0px !important;}&#8221;]<strong>Disponibilit\u00e9s<\/strong><br \/>\nSemaine<br \/>\nFin de semaine, selon les urgences<\/p>\n<p><strong>Avantages<\/strong><br \/>\nUniforme fourni<br \/>\nPlan de formation Participe \u00e0 l\u2019essor d\u2019une nouvelle destination<br \/>\nAide \u00e0 l&#8217;h\u00e9bergement[\/vc_column_text][\/vc_column_inner][vc_column_inner width=&#8221;1\/4&#8243;][vc_column_text]<strong>Salaire<\/strong><br \/>\n18$ \u00e0 23$\/h selon l&#8217;exp\u00e9rience<\/p>\n<p><strong>Nombre de poste \u00e0 combler<\/strong><br \/>\n2[\/vc_column_text][\/vc_column_inner][\/vc_row_inner][\/vc_column][\/vc_row][vc_row][vc_column][vc_row_inner][vc_column_inner][vc_column_text]<\/p>\n<h2><strong>Pour postuler<br \/>\n<\/strong><\/h2>\n<p>[\/vc_column_text][vc_column_text]Faites parvenir votre CV \u00e0 <a href=\"mailto:dg.csmsp@montsaintpierre.ca\">dg.csmsp@montsaintpierre.ca<\/a>[\/vc_column_text][\/vc_column_inner][\/vc_row_inner][\/vc_column][\/vc_row][vc_row][vc_column]<div class=\"henri-vc-module \">\n    <div class=\"container-xl\">\n        <div class=\"row\">\n            <div class=\"col-12\">\n                <div class=\"link-wrapper\">\n                                            <a class=\"link-arrow blue-arrow-orange-bg\" href=\"https:\/\/montsaintpierre.ca\/carriere\/\" title=\"Carri\u00e8re\" target=\"\">Retourner \u00e0 la section Rejoignez l'\u00e9quipe!<\/a>\n                                    <\/div>\n            <\/div>\n        <\/div>\n    <\/div>\n<\/div>\n[\/vc_column][\/vc_row]<\/p>\n<\/div>","protected":false},"excerpt":{"rendered":"<p>[vc_row full_width=&#8221;stretch_row_content_no_spaces&#8221;][vc_column][\/vc_column][\/vc_row][vc_row css=&#8221;.vc_custom_1708015890376{padding-bottom: 2vw !important;}&#8221;][vc_column][vc_row_inner][vc_column_inner][vc_column_text] Positionnement dans l&#8217;organisation [\/vc_column_text][vc_column_text]Sous la responsabilit\u00e9 de la direction des op\u00e9rations, de la programmation et de l\u2019exp\u00e9rience client. Responsable du service \u00e0 la client\u00e8le de la Terrasse les vagues pour la nourriture et les breuvages. [\/vc_column_text][\/vc_column_inner][\/vc_row_inner][\/vc_column][\/vc_row][vc_row css=&#8221;.vc_custom_1708015925403{padding-bottom: 2vw !important;}&#8221;][vc_column][vc_row_inner][vc_column_inner][vc_column_text] R\u00f4les et responsabilit\u00e9s [\/vc_column_text][vc_column_text]Les mots de genre masculin appliqu\u00e9s aux personnes [&hellip;]<\/p>\n","protected":false},"author":3,"featured_media":0,"parent":1805,"menu_order":0,"comment_status":"closed","ping_status":"closed","template":"","meta":{"_acf_changed":false,"inline_featured_image":false,"footnotes":""},"class_list":["post-1816","page","type-page","status-publish","hentry"],"acf":[],"yoast_head":"<!-- This site is optimized with the Yoast SEO plugin v25.3.1 - https:\/\/yoast.com\/wordpress\/plugins\/seo\/ -->\n<title>Gestionnaire d&#039;exp\u00e9rience - Terrasse les vagues | Mont-Saint-Pierre<\/title>\n<meta name=\"robots\" content=\"index, follow, max-snippet:-1, max-image-preview:large, max-video-preview:-1\" \/>\n<link rel=\"canonical\" href=\"https:\/\/montsaintpierre.ca\/en\/join-our-team\/serveur-euse-et-aide-de-cuisine\/\" \/>\n<meta property=\"og:locale\" content=\"en_US\" \/>\n<meta property=\"og:type\" content=\"article\" \/>\n<meta property=\"og:title\" content=\"Gestionnaire d&#039;exp\u00e9rience - Terrasse les vagues | Mont-Saint-Pierre\" \/>\n<meta property=\"og:description\" content=\"[vc_row full_width=&#8221;stretch_row_content_no_spaces&#8221;][vc_column][\/vc_column][\/vc_row][vc_row css=&#8221;.vc_custom_1708015890376{padding-bottom: 2vw !important;}&#8221;][vc_column][vc_row_inner][vc_column_inner][vc_column_text] Positionnement dans l&#8217;organisation [\/vc_column_text][vc_column_text]Sous la responsabilit\u00e9 de la direction des op\u00e9rations, de la programmation et de l\u2019exp\u00e9rience client. Responsable du service \u00e0 la client\u00e8le de la Terrasse les vagues pour la nourriture et les breuvages. [\/vc_column_text][\/vc_column_inner][\/vc_row_inner][\/vc_column][\/vc_row][vc_row css=&#8221;.vc_custom_1708015925403{padding-bottom: 2vw !important;}&#8221;][vc_column][vc_row_inner][vc_column_inner][vc_column_text] R\u00f4les et responsabilit\u00e9s [\/vc_column_text][vc_column_text]Les mots de genre masculin appliqu\u00e9s aux personnes [&hellip;]\" \/>\n<meta property=\"og:url\" content=\"https:\/\/montsaintpierre.ca\/en\/join-our-team\/serveur-euse-et-aide-de-cuisine\/\" \/>\n<meta property=\"og:site_name\" content=\"Mont-Saint-Pierre\" \/>\n<meta property=\"og:image\" content=\"https:\/\/mont-saint-pierre.s3.bhs.io.cloud.ovh.net\/2024\/02\/entete-du-tourisme-autrement.jpg\" \/>\n\t<meta property=\"og:image:width\" content=\"2160\" \/>\n\t<meta property=\"og:image:height\" content=\"1438\" \/>\n\t<meta property=\"og:image:type\" content=\"image\/jpeg\" \/>\n<meta name=\"twitter:card\" content=\"summary_large_image\" \/>\n<meta name=\"twitter:label1\" content=\"Est. reading time\" \/>\n\t<meta name=\"twitter:data1\" content=\"5 minutes\" \/>\n<script type=\"application\/ld+json\" class=\"yoast-schema-graph\">{\"@context\":\"https:\/\/schema.org\",\"@graph\":[{\"@type\":\"WebPage\",\"@id\":\"https:\/\/montsaintpierre.ca\/en\/join-our-team\/serveur-euse-et-aide-de-cuisine\/\",\"url\":\"https:\/\/montsaintpierre.ca\/en\/join-our-team\/serveur-euse-et-aide-de-cuisine\/\",\"name\":\"Gestionnaire d'exp\u00e9rience - Terrasse les vagues | Mont-Saint-Pierre\",\"isPartOf\":{\"@id\":\"https:\/\/montsaintpierre.ca\/en\/#website\"},\"datePublished\":\"2024-02-29T20:02:57+00:00\",\"breadcrumb\":{\"@id\":\"https:\/\/montsaintpierre.ca\/en\/join-our-team\/serveur-euse-et-aide-de-cuisine\/#breadcrumb\"},\"inLanguage\":\"en-US\",\"potentialAction\":[{\"@type\":\"ReadAction\",\"target\":[\"https:\/\/montsaintpierre.ca\/en\/join-our-team\/serveur-euse-et-aide-de-cuisine\/\"]}]},{\"@type\":\"BreadcrumbList\",\"@id\":\"https:\/\/montsaintpierre.ca\/en\/join-our-team\/serveur-euse-et-aide-de-cuisine\/#breadcrumb\",\"itemListElement\":[{\"@type\":\"ListItem\",\"position\":1,\"name\":\"Home\",\"item\":\"https:\/\/montsaintpierre.ca\/en\/\"},{\"@type\":\"ListItem\",\"position\":2,\"name\":\"Join our team!\",\"item\":\"https:\/\/montsaintpierre.ca\/en\/join-our-team\/\"},{\"@type\":\"ListItem\",\"position\":3,\"name\":\"Gestionnaire d&rsquo;exp\u00e9rience &#8211; Terrasse les vagues\"}]},{\"@type\":\"WebSite\",\"@id\":\"https:\/\/montsaintpierre.ca\/en\/#website\",\"url\":\"https:\/\/montsaintpierre.ca\/en\/\",\"name\":\"Mont-Saint-Pierre\",\"description\":\"Station de montagne sur mer\",\"alternateName\":\"MSP\",\"potentialAction\":[{\"@type\":\"SearchAction\",\"target\":{\"@type\":\"EntryPoint\",\"urlTemplate\":\"https:\/\/montsaintpierre.ca\/en\/?s={search_term_string}\"},\"query-input\":{\"@type\":\"PropertyValueSpecification\",\"valueRequired\":true,\"valueName\":\"search_term_string\"}}],\"inLanguage\":\"en-US\"}]}<\/script>\n<!-- \/ Yoast SEO plugin. -->","yoast_head_json":{"title":"Gestionnaire d'exp\u00e9rience - Terrasse les vagues | Mont-Saint-Pierre","robots":{"index":"index","follow":"follow","max-snippet":"max-snippet:-1","max-image-preview":"max-image-preview:large","max-video-preview":"max-video-preview:-1"},"canonical":"https:\/\/montsaintpierre.ca\/en\/join-our-team\/serveur-euse-et-aide-de-cuisine\/","og_locale":"en_US","og_type":"article","og_title":"Gestionnaire d'exp\u00e9rience - Terrasse les vagues | Mont-Saint-Pierre","og_description":"[vc_row full_width=&#8221;stretch_row_content_no_spaces&#8221;][vc_column][\/vc_column][\/vc_row][vc_row css=&#8221;.vc_custom_1708015890376{padding-bottom: 2vw !important;}&#8221;][vc_column][vc_row_inner][vc_column_inner][vc_column_text] Positionnement dans l&#8217;organisation [\/vc_column_text][vc_column_text]Sous la responsabilit\u00e9 de la direction des op\u00e9rations, de la programmation et de l\u2019exp\u00e9rience client. Responsable du service \u00e0 la client\u00e8le de la Terrasse les vagues pour la nourriture et les breuvages. [\/vc_column_text][\/vc_column_inner][\/vc_row_inner][\/vc_column][\/vc_row][vc_row css=&#8221;.vc_custom_1708015925403{padding-bottom: 2vw !important;}&#8221;][vc_column][vc_row_inner][vc_column_inner][vc_column_text] R\u00f4les et responsabilit\u00e9s [\/vc_column_text][vc_column_text]Les mots de genre masculin appliqu\u00e9s aux personnes [&hellip;]","og_url":"https:\/\/montsaintpierre.ca\/en\/join-our-team\/serveur-euse-et-aide-de-cuisine\/","og_site_name":"Mont-Saint-Pierre","og_image":[{"width":2160,"height":1438,"url":"https:\/\/mont-saint-pierre.s3.bhs.io.cloud.ovh.net\/2024\/02\/entete-du-tourisme-autrement.jpg","type":"image\/jpeg"}],"twitter_card":"summary_large_image","twitter_misc":{"Est. reading time":"5 minutes"},"schema":{"@context":"https:\/\/schema.org","@graph":[{"@type":"WebPage","@id":"https:\/\/montsaintpierre.ca\/en\/join-our-team\/serveur-euse-et-aide-de-cuisine\/","url":"https:\/\/montsaintpierre.ca\/en\/join-our-team\/serveur-euse-et-aide-de-cuisine\/","name":"Gestionnaire d'exp\u00e9rience - Terrasse les vagues | Mont-Saint-Pierre","isPartOf":{"@id":"https:\/\/montsaintpierre.ca\/en\/#website"},"datePublished":"2024-02-29T20:02:57+00:00","breadcrumb":{"@id":"https:\/\/montsaintpierre.ca\/en\/join-our-team\/serveur-euse-et-aide-de-cuisine\/#breadcrumb"},"inLanguage":"en-US","potentialAction":[{"@type":"ReadAction","target":["https:\/\/montsaintpierre.ca\/en\/join-our-team\/serveur-euse-et-aide-de-cuisine\/"]}]},{"@type":"BreadcrumbList","@id":"https:\/\/montsaintpierre.ca\/en\/join-our-team\/serveur-euse-et-aide-de-cuisine\/#breadcrumb","itemListElement":[{"@type":"ListItem","position":1,"name":"Home","item":"https:\/\/montsaintpierre.ca\/en\/"},{"@type":"ListItem","position":2,"name":"Join our team!","item":"https:\/\/montsaintpierre.ca\/en\/join-our-team\/"},{"@type":"ListItem","position":3,"name":"Gestionnaire d&rsquo;exp\u00e9rience &#8211; Terrasse les vagues"}]},{"@type":"WebSite","@id":"https:\/\/montsaintpierre.ca\/en\/#website","url":"https:\/\/montsaintpierre.ca\/en\/","name":"Mont-Saint-Pierre","description":"Station de montagne sur mer","alternateName":"MSP","potentialAction":[{"@type":"SearchAction","target":{"@type":"EntryPoint","urlTemplate":"https:\/\/montsaintpierre.ca\/en\/?s={search_term_string}"},"query-input":{"@type":"PropertyValueSpecification","valueRequired":true,"valueName":"search_term_string"}}],"inLanguage":"en-US"}]}},"_links":{"self":[{"href":"https:\/\/montsaintpierre.ca\/en\/wp-json\/wp\/v2\/pages\/1816","targetHints":{"allow":["GET"]}}],"collection":[{"href":"https:\/\/montsaintpierre.ca\/en\/wp-json\/wp\/v2\/pages"}],"about":[{"href":"https:\/\/montsaintpierre.ca\/en\/wp-json\/wp\/v2\/types\/page"}],"author":[{"embeddable":true,"href":"https:\/\/montsaintpierre.ca\/en\/wp-json\/wp\/v2\/users\/3"}],"replies":[{"embeddable":true,"href":"https:\/\/montsaintpierre.ca\/en\/wp-json\/wp\/v2\/comments?post=1816"}],"version-history":[{"count":0,"href":"https:\/\/montsaintpierre.ca\/en\/wp-json\/wp\/v2\/pages\/1816\/revisions"}],"up":[{"embeddable":true,"href":"https:\/\/montsaintpierre.ca\/en\/wp-json\/wp\/v2\/pages\/1805"}],"wp:attachment":[{"href":"https:\/\/montsaintpierre.ca\/en\/wp-json\/wp\/v2\/media?parent=1816"}],"curies":[{"name":"wp","href":"https:\/\/api.w.org\/{rel}","templated":true}]}}