{"id":1815,"date":"2024-02-29T15:00:21","date_gmt":"2024-02-29T20:00:21","guid":{"rendered":"https:\/\/montsaintpierre.ca\/join-our-team\/conducteur-trice-de-navette\/"},"modified":"2024-02-29T15:00:21","modified_gmt":"2024-02-29T20:00:21","slug":"conducteur-trice-de-navette","status":"publish","type":"page","link":"https:\/\/montsaintpierre.ca\/en\/join-our-team\/conducteur-trice-de-navette\/","title":{"rendered":"Gestionnaire d&#8217;exp\u00e9rience &#8211; Conducteur.trice de navette"},"content":{"rendered":"<div class=\"wpb-content-wrapper\"><p>[vc_row full_width=&#8221;stretch_row_content_no_spaces&#8221;][vc_column]<div class=\"henri-vc-module module-header \">\n\n    <div class=\"header\">\n        <div class=\"image-title-wrapper\">\n\n                            <div class=\"image\">\n                    <img decoding=\"async\" alt=\"image header - image en-tete\" src=\"https:\/\/mont-saint-pierre.s3.bhs.io.cloud.ovh.net\/2024\/01\/img-6278-scaled.jpg\">\n\n                                    <\/div>\n            \n            <div class=\"container-xl\">\n\n                <div class=\"row\">\n                    <div class=\"col-12\">\n                        <div class=\"title-and-btn \">\n                            <h1 class=\"color-inverse\">Gestionnaire d'exp\u00e9rience - Conducteur.trice de navette<\/h1>\n\n                                                    <\/div>\n                        \n                    <\/div>\n                <\/div>\n            <\/div>\n        <\/div>\n        <div class=\"container-xl\">\n            <div class=\"row\">\n                <div class=\"col-12\">\n                    <div class=\"subtitle\">\n                        <h2 class=\"color-inverse\"><\/h2>\n                    <\/div>\n                    <div class=\"text\">\n                        <p class=\"color-inverse\"><\/p>\n                    <\/div>\n                <\/div>\n            <\/div>\n        <\/div>\n        <div class=\"bottom-section-wrapper\">\n            <div class=\"container-xl\">\n                <div class=\"row\">\n                    <div class=\"col-12\">\n                        <div class=\"bottom-section-content \">\n                            <div class=\"chapeau\">\n                                <p class=\"color-inverse\"><\/p>\n                            <\/div>\n\n                                                    <\/div>\n                    <\/div>\n                <\/div>\n            <\/div>\n        <\/div>\n    <\/div>\n<\/div>\n[\/vc_column][\/vc_row][vc_row css=&#8221;.vc_custom_1708015890376{padding-bottom: 2vw !important;}&#8221;][vc_column][vc_row_inner][vc_column_inner][vc_column_text]<\/p>\n<h2>Positionnement dans l&#8217;organisation<\/h2>\n<p>[\/vc_column_text][vc_column_text]Sous la responsabilit\u00e9 de la direction des op\u00e9rations, de la programmation et de l&#8217;exp\u00e9rience client<\/p>\n<p>Plus qu\u2019un conducteur de navette traditionnel, vous \u00eates le visage de la Station de montagne sur mer de Mont-Saint-Pierre en lien avec l\u2019exp\u00e9rience client. Votre capacit\u00e9 \u00e0 parler positivement de notre r\u00e9gion, \u00e0 sugg\u00e9rer nos activit\u00e9s et \u00e0 conseiller nos visiteurs font du conducteur de navette notre alli\u00e9 de l\u2019accueil! Si vous aimez conduire et \u00eatre en contact avec des gens qui d\u00e9sirent d\u00e9couvrir de nouveaux horizons\u2026 Prenez place! Le m\u00e9tier de conducteur de navette est pour fait pour vous.[\/vc_column_text][\/vc_column_inner][\/vc_row_inner][\/vc_column][\/vc_row][vc_row css=&#8221;.vc_custom_1708015925403{padding-bottom: 2vw !important;}&#8221;][vc_column][vc_row_inner][vc_column_inner][vc_column_text]<\/p>\n<h2>R\u00f4les et responsabilit\u00e9s<\/h2>\n<p>[\/vc_column_text][vc_column_text]<span style=\"font-size: 12pt;\"><em>Les<\/em><em> mots de genre masculin appliqu\u00e9s aux personnes d\u00e9signent autant les hommes que les femmes (utilis\u00e9 comme genre neutre) afin de faciliter la lecture de la pr\u00e9sente description de poste<\/em><em>.<\/em><\/span><\/p>\n<ul>\n<li>Est responsable du transport des visiteurs dans diff\u00e9rents points de chute.<\/li>\n<li>Conduit un minibus 22 passagers servant de navette entre diff\u00e9rents points de collecte\/chute offerts par la Station de montagne sur mer.<\/li>\n<li>Transporte des passagers en fonction d&#8217;un itin\u00e9raire pr\u00e9cis.<\/li>\n<li>Accueille les visiteurs dans la navette et les renseigne au besoin (horaire, parcours, arr\u00eats).<\/li>\n<li>Assure la s\u00e9curit\u00e9 des passagers par une ronde journali\u00e8re de s\u00e9curit\u00e9 du minibus utilis\u00e9.<\/li>\n<li>Assure la s\u00e9curit\u00e9 des passagers durant les d\u00e9placements.<\/li>\n<li>Fournit divers renseignements aux passagers, r\u00e9pond \u00e0 leurs demandes ou \u00e0 celles du guide-accompagnateur.<\/li>\n<li>Aide \u00e0 charger ou d\u00e9charger les items (ex\u00a0: v\u00e9lo) des passagers, au besoin.<\/li>\n<li>Inspecte et pr\u00e9pare le v\u00e9hicule (r\u00e9troviseurs, pneus, niveau d&#8217;essence, chauffage, ventilation, etc.) avant chaque quart de travail.<\/li>\n<li>Est responsable de la propret\u00e9 du v\u00e9hicule en d\u00e9but et en fin de chaque quart de travail, ainsi que pour chaque d\u00e9part de la navette.<\/li>\n<li>Rapporte toute d\u00e9fectuosit\u00e9 m\u00e9canique \u00e0 la direction des op\u00e9rations.<\/li>\n<li>Est directement en contact avec les agents d\u2019accueil de l&#8217;Espace d\u00e9couverte de la Place du village.<\/li>\n<\/ul>\n<p>[\/vc_column_text][\/vc_column_inner][\/vc_row_inner][\/vc_column][\/vc_row][vc_row css=&#8221;.vc_custom_1708015925403{padding-bottom: 2vw !important;}&#8221;][vc_column][vc_row_inner][vc_column_inner][vc_column_text]<\/p>\n<h2>Volet \u00e9coresponsable<\/h2>\n<p>[\/vc_column_text][vc_column_text]Puisque la Station se veut \u00e9coresponsable, le conducteur de navette sensibilise les visiteurs sur les politiques mises en place sur le d\u00e9veloppement durable dans un contexte d\u2019\u00e9cotourisme. Il doit s\u2019approprier la charte du visiteur, le volet ambassadeur et les principes du z\u00e9ro d\u00e9chet et du sans trace pour bien transmettre leur concept et leurs principes aux visiteurs en cas de questions des ceux-ci.[\/vc_column_text][\/vc_column_inner][\/vc_row_inner][\/vc_column][\/vc_row][vc_row css=&#8221;.vc_custom_1708015925403{padding-bottom: 2vw !important;}&#8221;][vc_column][vc_row_inner][vc_column_inner][vc_column_text]<\/p>\n<h2>Service \u00e0 la client\u00e8le<\/h2>\n<p>[\/vc_column_text][vc_column_text]<\/p>\n<ul>\n<li>Agit en tant que repr\u00e9sentant de la Station de montagne sur mer.<\/li>\n<li>Maintient l\u2019excellence du service \u00e0 la client\u00e8le par un accueil courtois, respectueux et souriant.<\/li>\n<li>Assure une vigie de la satisfaction de la client\u00e8le.<\/li>\n<\/ul>\n<p>[\/vc_column_text][\/vc_column_inner][\/vc_row_inner][\/vc_column][\/vc_row][vc_row css=&#8221;.vc_custom_1708015925403{padding-bottom: 2vw !important;}&#8221;][vc_column][vc_row_inner][vc_column_inner][vc_column_text]<\/p>\n<h2>Comp\u00e9tences recherch\u00e9es<\/h2>\n<p>[\/vc_column_text][vc_column_text]<\/p>\n<ul>\n<li>Poss\u00e8de une classe de permis de conduire 4B<\/li>\n<li>Bonne maitrise du fran\u00e7ais oral<\/li>\n<li>Maitrise de l\u2019anglais fonctionnel oral<\/li>\n<li>Prudence au volant<\/li>\n<li>Ponctualit\u00e9<\/li>\n<li>Fiabilit\u00e9<\/li>\n<li>D\u00e9brouillardise et autonomie<\/li>\n<li>Capacit\u00e9 \u00e0 renseigner la client\u00e8le<\/li>\n<li>Accueillant<\/li>\n<\/ul>\n<p>[\/vc_column_text][\/vc_column_inner][\/vc_row_inner][\/vc_column][\/vc_row][vc_row css=&#8221;.vc_custom_1708015925403{padding-bottom: 2vw !important;}&#8221;][vc_column][vc_row_inner][vc_column_inner][vc_column_text]<\/p>\n<h2>Savoir \u00eatre recherch\u00e9<\/h2>\n<p>[\/vc_column_text][vc_column_text]<\/p>\n<ul>\n<li>Habilet\u00e9 en communication<\/li>\n<li>Esprit d\u2019\u00e9quipe<\/li>\n<li>Sens \u00e9lev\u00e9 des responsabilit\u00e9s et de l\u2019imputabilit\u00e9<\/li>\n<li>Habilet\u00e9s relationnelles<\/li>\n<li>Patience<\/li>\n<li>Vigilance<\/li>\n<\/ul>\n<p>[\/vc_column_text][\/vc_column_inner][\/vc_row_inner][\/vc_column][\/vc_row][vc_row css=&#8221;.vc_custom_1708015925403{padding-bottom: 2vw !important;}&#8221;][vc_column][vc_row_inner][vc_column_inner][vc_column_text]<\/p>\n<h2>Ann\u00e9e d&#8217;exp\u00e9rience<\/h2>\n<p>[\/vc_column_text][vc_column_text]Minimum 2 \u00e0 3 ann\u00e9es d\u2019exp\u00e9rience dans un poste similaire[\/vc_column_text][\/vc_column_inner][\/vc_row_inner][\/vc_column][\/vc_row][vc_row][vc_column][vc_row_inner][vc_column_inner][\/vc_column_inner][\/vc_row_inner][vc_row_inner css=&#8221;.vc_custom_1708016356081{margin-right: 0px !important;margin-left: 0px !important;padding-right: 0px !important;padding-left: 0px !important;}&#8221;][vc_column_inner width=&#8221;1\/4&#8243;][vc_column_text css=&#8221;.vc_custom_1710445261147{margin-bottom: 15px !important;padding-bottom: 0px !important;}&#8221;]<strong>Lieu de travail<\/strong><br \/>\nMont-Saint-Pierre, Gasp\u00e9sie<\/p>\n<p><strong>Type d&#8217;emploi<\/strong><br \/>\nTemps plein\u00a0 Statut saisonnier<\/p>\n<p><strong>Horaire flexible<\/strong><br \/>\n5 jours &#8211; 40 hrs\/sem &#8211; Jour, parfois de soir<\/p>\n<p><strong>\u00a0<\/strong>[\/vc_column_text][\/vc_column_inner][vc_column_inner width=&#8221;1\/4&#8243;][vc_column_text css=&#8221;.vc_custom_1708116392505{margin-bottom: 15px !important;padding-bottom: 0px !important;}&#8221;]<strong>Disponibilit\u00e9s<\/strong><br \/>\nSemaine<br \/>\nFin de semaine<\/p>\n<p><strong>Avantages<\/strong><br \/>\nUniforme fourni<br \/>\nPlan de formation Participe \u00e0 l\u2019essor d\u2019une nouvelle destination<br \/>\nAide \u00e0 l&#8217;h\u00e9bergement<\/p>\n<p>[\/vc_column_text][\/vc_column_inner][vc_column_inner width=&#8221;1\/4&#8243;][vc_column_text]<strong>Salaire<\/strong><br \/>\n18$ \u00e0 23$\/h selon l&#8217;exp\u00e9rience<\/p>\n<p><strong>Nombre de poste \u00e0 combler<\/strong><br \/>\n3[\/vc_column_text][\/vc_column_inner][\/vc_row_inner][\/vc_column][\/vc_row][vc_row][vc_column][vc_row_inner][vc_column_inner][vc_column_text]<\/p>\n<h2><strong>Pour postuler<br \/>\n<\/strong><\/h2>\n<p>[\/vc_column_text][vc_column_text]Faites parvenir votre CV \u00e0 <a href=\"mailto:dg.csmsp@montsaintpierre.ca\">dg.csmsp@montsaintpierre.ca<\/a>[\/vc_column_text][\/vc_column_inner][\/vc_row_inner][\/vc_column][\/vc_row][vc_row][vc_column]<div class=\"henri-vc-module \">\n    <div class=\"container-xl\">\n        <div class=\"row\">\n            <div class=\"col-12\">\n                <div class=\"link-wrapper\">\n                                            <a class=\"link-arrow blue-arrow-orange-bg\" href=\"https:\/\/montsaintpierre.ca\/carriere\/\" title=\"Carri\u00e8re\" target=\"\">Retourner \u00e0 la section Rejoignez l'\u00e9quipe!<\/a>\n                                    <\/div>\n            <\/div>\n        <\/div>\n    <\/div>\n<\/div>\n[\/vc_column][\/vc_row]<\/p>\n<\/div>","protected":false},"excerpt":{"rendered":"<p>[vc_row full_width=&#8221;stretch_row_content_no_spaces&#8221;][vc_column][\/vc_column][\/vc_row][vc_row css=&#8221;.vc_custom_1708015890376{padding-bottom: 2vw !important;}&#8221;][vc_column][vc_row_inner][vc_column_inner][vc_column_text] Positionnement dans l&#8217;organisation [\/vc_column_text][vc_column_text]Sous la responsabilit\u00e9 de la direction des op\u00e9rations, de la programmation et de l&#8217;exp\u00e9rience client Plus qu\u2019un conducteur de navette traditionnel, vous \u00eates le visage de la Station de montagne sur mer de Mont-Saint-Pierre en lien avec l\u2019exp\u00e9rience client. Votre capacit\u00e9 \u00e0 parler positivement de notre r\u00e9gion, [&hellip;]<\/p>\n","protected":false},"author":3,"featured_media":0,"parent":1805,"menu_order":0,"comment_status":"closed","ping_status":"closed","template":"","meta":{"_acf_changed":false,"inline_featured_image":false,"footnotes":""},"class_list":["post-1815","page","type-page","status-publish","hentry"],"acf":[],"yoast_head":"<!-- This site is optimized with the Yoast SEO plugin v25.3.1 - https:\/\/yoast.com\/wordpress\/plugins\/seo\/ -->\n<title>Gestionnaire d&#039;exp\u00e9rience - Conducteur.trice de navette | Mont-Saint-Pierre<\/title>\n<meta name=\"robots\" content=\"index, follow, max-snippet:-1, max-image-preview:large, max-video-preview:-1\" \/>\n<link rel=\"canonical\" href=\"https:\/\/montsaintpierre.ca\/en\/join-our-team\/conducteur-trice-de-navette\/\" \/>\n<meta property=\"og:locale\" content=\"en_US\" \/>\n<meta property=\"og:type\" content=\"article\" \/>\n<meta property=\"og:title\" content=\"Gestionnaire d&#039;exp\u00e9rience - Conducteur.trice de navette | Mont-Saint-Pierre\" \/>\n<meta property=\"og:description\" content=\"[vc_row full_width=&#8221;stretch_row_content_no_spaces&#8221;][vc_column][\/vc_column][\/vc_row][vc_row css=&#8221;.vc_custom_1708015890376{padding-bottom: 2vw !important;}&#8221;][vc_column][vc_row_inner][vc_column_inner][vc_column_text] Positionnement dans l&#8217;organisation [\/vc_column_text][vc_column_text]Sous la responsabilit\u00e9 de la direction des op\u00e9rations, de la programmation et de l&#8217;exp\u00e9rience client Plus qu\u2019un conducteur de navette traditionnel, vous \u00eates le visage de la Station de montagne sur mer de Mont-Saint-Pierre en lien avec l\u2019exp\u00e9rience client. Votre capacit\u00e9 \u00e0 parler positivement de notre r\u00e9gion, [&hellip;]\" \/>\n<meta property=\"og:url\" content=\"https:\/\/montsaintpierre.ca\/en\/join-our-team\/conducteur-trice-de-navette\/\" \/>\n<meta property=\"og:site_name\" content=\"Mont-Saint-Pierre\" \/>\n<meta property=\"og:image\" content=\"https:\/\/mont-saint-pierre.s3.bhs.io.cloud.ovh.net\/2024\/02\/entete-du-tourisme-autrement.jpg\" \/>\n\t<meta property=\"og:image:width\" content=\"2160\" \/>\n\t<meta property=\"og:image:height\" content=\"1438\" \/>\n\t<meta property=\"og:image:type\" content=\"image\/jpeg\" \/>\n<meta name=\"twitter:card\" content=\"summary_large_image\" \/>\n<meta name=\"twitter:label1\" content=\"Est. reading time\" \/>\n\t<meta name=\"twitter:data1\" content=\"5 minutes\" \/>\n<script type=\"application\/ld+json\" class=\"yoast-schema-graph\">{\"@context\":\"https:\/\/schema.org\",\"@graph\":[{\"@type\":\"WebPage\",\"@id\":\"https:\/\/montsaintpierre.ca\/en\/join-our-team\/conducteur-trice-de-navette\/\",\"url\":\"https:\/\/montsaintpierre.ca\/en\/join-our-team\/conducteur-trice-de-navette\/\",\"name\":\"Gestionnaire d'exp\u00e9rience - Conducteur.trice de navette | Mont-Saint-Pierre\",\"isPartOf\":{\"@id\":\"https:\/\/montsaintpierre.ca\/en\/#website\"},\"datePublished\":\"2024-02-29T20:00:21+00:00\",\"breadcrumb\":{\"@id\":\"https:\/\/montsaintpierre.ca\/en\/join-our-team\/conducteur-trice-de-navette\/#breadcrumb\"},\"inLanguage\":\"en-US\",\"potentialAction\":[{\"@type\":\"ReadAction\",\"target\":[\"https:\/\/montsaintpierre.ca\/en\/join-our-team\/conducteur-trice-de-navette\/\"]}]},{\"@type\":\"BreadcrumbList\",\"@id\":\"https:\/\/montsaintpierre.ca\/en\/join-our-team\/conducteur-trice-de-navette\/#breadcrumb\",\"itemListElement\":[{\"@type\":\"ListItem\",\"position\":1,\"name\":\"Home\",\"item\":\"https:\/\/montsaintpierre.ca\/en\/\"},{\"@type\":\"ListItem\",\"position\":2,\"name\":\"Join our team!\",\"item\":\"https:\/\/montsaintpierre.ca\/en\/join-our-team\/\"},{\"@type\":\"ListItem\",\"position\":3,\"name\":\"Gestionnaire d&rsquo;exp\u00e9rience &#8211; Conducteur.trice de navette\"}]},{\"@type\":\"WebSite\",\"@id\":\"https:\/\/montsaintpierre.ca\/en\/#website\",\"url\":\"https:\/\/montsaintpierre.ca\/en\/\",\"name\":\"Mont-Saint-Pierre\",\"description\":\"Station de montagne sur mer\",\"alternateName\":\"MSP\",\"potentialAction\":[{\"@type\":\"SearchAction\",\"target\":{\"@type\":\"EntryPoint\",\"urlTemplate\":\"https:\/\/montsaintpierre.ca\/en\/?s={search_term_string}\"},\"query-input\":{\"@type\":\"PropertyValueSpecification\",\"valueRequired\":true,\"valueName\":\"search_term_string\"}}],\"inLanguage\":\"en-US\"}]}<\/script>\n<!-- \/ Yoast SEO plugin. -->","yoast_head_json":{"title":"Gestionnaire d'exp\u00e9rience - Conducteur.trice de navette | Mont-Saint-Pierre","robots":{"index":"index","follow":"follow","max-snippet":"max-snippet:-1","max-image-preview":"max-image-preview:large","max-video-preview":"max-video-preview:-1"},"canonical":"https:\/\/montsaintpierre.ca\/en\/join-our-team\/conducteur-trice-de-navette\/","og_locale":"en_US","og_type":"article","og_title":"Gestionnaire d'exp\u00e9rience - Conducteur.trice de navette | Mont-Saint-Pierre","og_description":"[vc_row full_width=&#8221;stretch_row_content_no_spaces&#8221;][vc_column][\/vc_column][\/vc_row][vc_row css=&#8221;.vc_custom_1708015890376{padding-bottom: 2vw !important;}&#8221;][vc_column][vc_row_inner][vc_column_inner][vc_column_text] Positionnement dans l&#8217;organisation [\/vc_column_text][vc_column_text]Sous la responsabilit\u00e9 de la direction des op\u00e9rations, de la programmation et de l&#8217;exp\u00e9rience client Plus qu\u2019un conducteur de navette traditionnel, vous \u00eates le visage de la Station de montagne sur mer de Mont-Saint-Pierre en lien avec l\u2019exp\u00e9rience client. Votre capacit\u00e9 \u00e0 parler positivement de notre r\u00e9gion, [&hellip;]","og_url":"https:\/\/montsaintpierre.ca\/en\/join-our-team\/conducteur-trice-de-navette\/","og_site_name":"Mont-Saint-Pierre","og_image":[{"width":2160,"height":1438,"url":"https:\/\/mont-saint-pierre.s3.bhs.io.cloud.ovh.net\/2024\/02\/entete-du-tourisme-autrement.jpg","type":"image\/jpeg"}],"twitter_card":"summary_large_image","twitter_misc":{"Est. reading time":"5 minutes"},"schema":{"@context":"https:\/\/schema.org","@graph":[{"@type":"WebPage","@id":"https:\/\/montsaintpierre.ca\/en\/join-our-team\/conducteur-trice-de-navette\/","url":"https:\/\/montsaintpierre.ca\/en\/join-our-team\/conducteur-trice-de-navette\/","name":"Gestionnaire d'exp\u00e9rience - Conducteur.trice de navette | Mont-Saint-Pierre","isPartOf":{"@id":"https:\/\/montsaintpierre.ca\/en\/#website"},"datePublished":"2024-02-29T20:00:21+00:00","breadcrumb":{"@id":"https:\/\/montsaintpierre.ca\/en\/join-our-team\/conducteur-trice-de-navette\/#breadcrumb"},"inLanguage":"en-US","potentialAction":[{"@type":"ReadAction","target":["https:\/\/montsaintpierre.ca\/en\/join-our-team\/conducteur-trice-de-navette\/"]}]},{"@type":"BreadcrumbList","@id":"https:\/\/montsaintpierre.ca\/en\/join-our-team\/conducteur-trice-de-navette\/#breadcrumb","itemListElement":[{"@type":"ListItem","position":1,"name":"Home","item":"https:\/\/montsaintpierre.ca\/en\/"},{"@type":"ListItem","position":2,"name":"Join our team!","item":"https:\/\/montsaintpierre.ca\/en\/join-our-team\/"},{"@type":"ListItem","position":3,"name":"Gestionnaire d&rsquo;exp\u00e9rience &#8211; Conducteur.trice de navette"}]},{"@type":"WebSite","@id":"https:\/\/montsaintpierre.ca\/en\/#website","url":"https:\/\/montsaintpierre.ca\/en\/","name":"Mont-Saint-Pierre","description":"Station de montagne sur mer","alternateName":"MSP","potentialAction":[{"@type":"SearchAction","target":{"@type":"EntryPoint","urlTemplate":"https:\/\/montsaintpierre.ca\/en\/?s={search_term_string}"},"query-input":{"@type":"PropertyValueSpecification","valueRequired":true,"valueName":"search_term_string"}}],"inLanguage":"en-US"}]}},"_links":{"self":[{"href":"https:\/\/montsaintpierre.ca\/en\/wp-json\/wp\/v2\/pages\/1815","targetHints":{"allow":["GET"]}}],"collection":[{"href":"https:\/\/montsaintpierre.ca\/en\/wp-json\/wp\/v2\/pages"}],"about":[{"href":"https:\/\/montsaintpierre.ca\/en\/wp-json\/wp\/v2\/types\/page"}],"author":[{"embeddable":true,"href":"https:\/\/montsaintpierre.ca\/en\/wp-json\/wp\/v2\/users\/3"}],"replies":[{"embeddable":true,"href":"https:\/\/montsaintpierre.ca\/en\/wp-json\/wp\/v2\/comments?post=1815"}],"version-history":[{"count":0,"href":"https:\/\/montsaintpierre.ca\/en\/wp-json\/wp\/v2\/pages\/1815\/revisions"}],"up":[{"embeddable":true,"href":"https:\/\/montsaintpierre.ca\/en\/wp-json\/wp\/v2\/pages\/1805"}],"wp:attachment":[{"href":"https:\/\/montsaintpierre.ca\/en\/wp-json\/wp\/v2\/media?parent=1815"}],"curies":[{"name":"wp","href":"https:\/\/api.w.org\/{rel}","templated":true}]}}