{"id":1814,"date":"2024-02-29T15:01:08","date_gmt":"2024-02-29T20:01:08","guid":{"rendered":"https:\/\/montsaintpierre.ca\/join-our-team\/gestionnaire-dexperience\/"},"modified":"2024-02-29T15:01:08","modified_gmt":"2024-02-29T20:01:08","slug":"gestionnaire-dexperience","status":"publish","type":"page","link":"https:\/\/montsaintpierre.ca\/en\/join-our-team\/gestionnaire-dexperience\/","title":{"rendered":"Gestionnaire d&#8217;exp\u00e9rience"},"content":{"rendered":"<div class=\"wpb-content-wrapper\"><p>[vc_row full_width=&#8221;stretch_row_content_no_spaces&#8221;][vc_column]<div class=\"henri-vc-module module-header \">\n\n    <div class=\"header\">\n        <div class=\"image-title-wrapper\">\n\n                            <div class=\"image\">\n                    <img decoding=\"async\" alt=\"image header - image en-tete\" src=\"https:\/\/mont-saint-pierre.s3.bhs.io.cloud.ovh.net\/2024\/01\/img-6278-scaled.jpg\">\n\n                                    <\/div>\n            \n            <div class=\"container-xl\">\n\n                <div class=\"row\">\n                    <div class=\"col-12\">\n                        <div class=\"title-and-btn \">\n                            <h1 class=\"color-inverse\">Gestionnaire d'exp\u00e9rience<\/h1>\n\n                                                    <\/div>\n                        \n                    <\/div>\n                <\/div>\n            <\/div>\n        <\/div>\n        <div class=\"container-xl\">\n            <div class=\"row\">\n                <div class=\"col-12\">\n                    <div class=\"subtitle\">\n                        <h2 class=\"color-inverse\"><\/h2>\n                    <\/div>\n                    <div class=\"text\">\n                        <p class=\"color-inverse\"><\/p>\n                    <\/div>\n                <\/div>\n            <\/div>\n        <\/div>\n        <div class=\"bottom-section-wrapper\">\n            <div class=\"container-xl\">\n                <div class=\"row\">\n                    <div class=\"col-12\">\n                        <div class=\"bottom-section-content \">\n                            <div class=\"chapeau\">\n                                <p class=\"color-inverse\"><\/p>\n                            <\/div>\n\n                                                    <\/div>\n                    <\/div>\n                <\/div>\n            <\/div>\n        <\/div>\n    <\/div>\n<\/div>\n[\/vc_column][\/vc_row][vc_row css=&#8221;.vc_custom_1708015890376{padding-bottom: 2vw !important;}&#8221;][vc_column][vc_row_inner][vc_column_inner][vc_column_text]<\/p>\n<h2>Positionnement dans l&#8217;organisation<\/h2>\n<p>[\/vc_column_text][vc_column_text]<\/p>\n<p style=\"text-align: left;\">Sous la responsabilit\u00e9 de la direction des op\u00e9rations, de la programmation et de l&#8217;exp\u00e9rience client<\/p>\n<p>Poste strat\u00e9gique dans l\u2019organisation, vous \u00eates le visage de la Station de montagne sur mer en lien avec l\u2019exp\u00e9rience client. Votre capacit\u00e9 \u00e0 repr\u00e9senter qui nous sommes, \u00e0 sugg\u00e9rer nos activit\u00e9s, \u00e0 conseiller nos visiteurs et \u00e0 susciter la participation de ceux-ci, font du gestionnaire d\u2019exp\u00e9rience notre premier alli\u00e9 de l\u2019accueil! Sans vous, l\u2019exp\u00e9rience client perd de sa richesse.[\/vc_column_text][\/vc_column_inner][\/vc_row_inner][\/vc_column][\/vc_row][vc_row css=&#8221;.vc_custom_1708015925403{padding-bottom: 2vw !important;}&#8221;][vc_column][vc_row_inner][vc_column_inner][vc_column_text]<\/p>\n<h2>R\u00f4les et responsabilit\u00e9s<\/h2>\n<p>[\/vc_column_text][vc_column_text]<span style=\"font-size: 12pt;\"><em>Les<\/em><em> mots de genre masculin appliqu\u00e9s aux personnes d\u00e9signent autant les hommes que les femmes (utilis\u00e9 comme genre neutre) afin de faciliter la lecture de la pr\u00e9sente description de poste<\/em><em>.<\/em><\/span><\/p>\n<p>Responsable d\u2019accueillir, d\u2019informer, d\u2019orienter et d\u2019interagir avec les visiteurs\u00a0dans le but de susciter de l&#8217;int\u00e9r\u00eat, de la compr\u00e9hension et de l&#8217;appr\u00e9ciation \u00e0 l&#8217;\u00e9gard de l\u2019ensemble de l\u2019offre de la Station de montagne sur mer de Mont-Saint-Pierre.<\/p>\n<p>Expert communicateur, le gestionnaire d\u2019exp\u00e9rience engage la discussion de fa\u00e7on courtoise et professionnelle avec les visiteurs afin d\u2019offrir un service de qualit\u00e9 et de procurer une exp\u00e9rience agr\u00e9able. Il doit conna\u00eetre parfaitement les attraits pour bien transmettre l\u2019information de fa\u00e7on claire et pr\u00e9cise. Il aime susciter l\u2019int\u00e9r\u00eat et s\u2019assure de la compr\u00e9hension \u00e0 l\u2019\u00e9gard de la nature ou du volet historique et \u00e9cotouristique de Mont-Saint-Pierre.<\/p>\n<p>Le gestionnaire d\u2019exp\u00e9rience sera appel\u00e9 \u00e0 travailler dans l\u2019une des diff\u00e9rentes exp\u00e9riences de la Station de montagne sur mer de Mont-Saint-Pierre, soit :<\/p>\n<p><strong>L\u2019Espace d\u00e9couverte et sa billetterie<\/strong><\/p>\n<p>Utilisation d\u2019outils num\u00e9riques (bornes interactives) pour promouvoir l\u2019offre compl\u00e8te touristique (attraits, \u00e9v\u00e9nements, plein air) et vente de billets pour les deux exp\u00e9riences de la Station.<\/p>\n<p><strong>La Salle du clocher et son spectacle <em>\u00c0 vol d\u2019oiseau, un voyage immersif<\/em><\/strong><\/p>\n<p>Exp\u00e9rience immersive qui propose un voyage po\u00e9tique en mots et en images \u00e0 travers la mythique discipline du vol libre et toute son histoire. Un voyage sensoriel et captivant qui donnera l\u2019impression aux visiteurs de survoler Mont-Saint-Pierre.<\/p>\n<p><strong>L\u2019Observatoire au sommet et son exp\u00e9rience <em>Odyss\u00e9e, la face cach\u00e9e du mont Saint-Pierre <\/em><\/strong><\/p>\n<p>Spectacle immersif qui propose aux visiteurs de passer de l\u2019\u00e8re glaciaire aux fonds marins jusqu\u2019au-dessus de la vall\u00e9e afin de d\u00e9couvrir les ph\u00e9nom\u00e8nes incroyables qui ont fa\u00e7onn\u00e9 Mont-Saint-Pierre.<\/p>\n<p><strong>Interpr\u00e8te au site de roches volantes du sommet du mont Saint-Pierre<\/strong><\/p>\n<p>Site d\u2019interpr\u00e9tation des roches volantes, ce ph\u00e9nom\u00e8ne rare que l\u2019on retrouve \u00e0 Mont-Saint-Pierre.[\/vc_column_text][\/vc_column_inner][\/vc_row_inner][\/vc_column][\/vc_row][vc_row css=&#8221;.vc_custom_1708015925403{padding-bottom: 2vw !important;}&#8221;][vc_column][vc_row_inner][vc_column_inner][vc_column_text]<\/p>\n<h2>Volet \u00e9coresponsable<\/h2>\n<p>[\/vc_column_text][vc_column_text]Puisque la Station se veut \u00e9coresponsable, le gestionnaire d\u2019exp\u00e9rience sensibilise les visiteurs sur les politiques mises en place sur le d\u00e9veloppement durable dans un contexte d\u2019\u00e9cotourisme. Il a les responsabilit\u00e9s suivantes\u00a0:<\/p>\n<ul>\n<li>S\u2019approprie la charte du visiteur et le volet ambassadeur pour bien transmettre leur concept et leurs principes aux visiteurs et v\u00e9rifie que la charte <strong>est sign\u00e9e<\/strong> et comprise par chacun d\u2019entre eux.<\/li>\n<li>S\u2019approprie et sensibilise les visiteurs sur les principes du z\u00e9ro d\u00e9chet et du sans trace.<\/li>\n<\/ul>\n<p>[\/vc_column_text][\/vc_column_inner][\/vc_row_inner][\/vc_column][\/vc_row][vc_row css=&#8221;.vc_custom_1708015925403{padding-bottom: 2vw !important;}&#8221;][vc_column][vc_row_inner][vc_column_inner][vc_column_text]<\/p>\n<h2>Gestion op\u00e9rationnelle<\/h2>\n<p>[\/vc_column_text][vc_column_text]<\/p>\n<ul>\n<li>Travaille \u00e0 l\u2019int\u00e9rieur ou \u00e0 l\u2019ext\u00e9rieur, d\u00e9pendamment de l\u2019attrait.<\/li>\n<li>Veille au bon fonctionnement de la billetterie.<\/li>\n<li>G\u00e8re et soutient les r\u00e9servations et transactions des visiteurs.<\/li>\n<li>Suscite l\u2019int\u00e9r\u00eat du public.<\/li>\n<li>Contr\u00f4le les droits d\u2019entr\u00e9e.<\/li>\n<\/ul>\n<p>&nbsp;<\/p>\n<h2>Service \u00e0 la client\u00e8le<\/h2>\n<ul>\n<li>Vulgarise pour une meilleure compr\u00e9hension des visiteurs.<\/li>\n<li>Se pr\u00e9occupe d\u2019offrir un bon service \u00e0 la client\u00e8le.<\/li>\n<li>Travaille avec diff\u00e9rentes client\u00e8les.<\/li>\n<li>D\u00e9crit l\u2019activit\u00e9 et les diff\u00e9rentes \u00e9tapes de l\u2019attrait, et fournit des renseignements sur les autres attraits.<\/li>\n<li>Accompagne les visiteurs \u00e0 l\u2019int\u00e9rieur du lieu de l\u2019attrait et encadre un groupe \u00e0 la demande.<\/li>\n<li>R\u00e9pond aux questions et aux besoins des visiteurs, et r\u00e9sout les probl\u00e8mes des visiteurs.<\/li>\n<\/ul>\n<p>[\/vc_column_text][\/vc_column_inner][\/vc_row_inner][\/vc_column][\/vc_row][vc_row css=&#8221;.vc_custom_1708015925403{padding-bottom: 2vw !important;}&#8221;][vc_column][vc_row_inner][vc_column_inner][vc_column_text]<\/p>\n<h2>Comp\u00e9tences recherch\u00e9es<\/h2>\n<p>[\/vc_column_text][vc_column_text]<\/p>\n<ul>\n<li>\u00c0 l\u2019aise au contact du public, entregent.<\/li>\n<li>D\u00e9montre de la p\u00e9dagogie<\/li>\n<li>Facilit\u00e9 \u00e0 prendre la parole<\/li>\n<li>Souci marqu\u00e9 pour le service \u00e0 la client\u00e8le<\/li>\n<li>Ma\u00eetrise du fran\u00e7ais oral et \u00e9crit<\/li>\n<li>Anglais oral fonctionnel, bilingue est atout<\/li>\n<\/ul>\n<h2>Formations \/ connaissances recherch\u00e9es<\/h2>\n<ul>\n<li>Exp\u00e9riences connexes acquises en milieu de travail en lien avec le service \u00e0 la client\u00e8le<\/li>\n<li>Exp\u00e9rience de travail avec le service \u00e0 la client\u00e8le, un atout<\/li>\n<li>Exp\u00e9rience dans un domaine jug\u00e9 pertinent<\/li>\n<li>Bienvenue aux retrait\u00e9s<\/li>\n<\/ul>\n<p>[\/vc_column_text][\/vc_column_inner][\/vc_row_inner][\/vc_column][\/vc_row][vc_row css=&#8221;.vc_custom_1708015925403{padding-bottom: 2vw !important;}&#8221;][vc_column][vc_row_inner][vc_column_inner][vc_column_text]<\/p>\n<h2>Savoir \u00eatre recherch\u00e9<\/h2>\n<p>[\/vc_column_text][vc_column_text]<\/p>\n<ul>\n<li>Aisance relationnelle.<\/li>\n<li>Ouverture d\u2019esprit<\/li>\n<li>Excellent communicateur<\/li>\n<li>Autonomie et d\u00e9brouillardise<\/li>\n<li>Proactif (en allant au-devant des besoins des visiteurs)<\/li>\n<li>Capacit\u00e9 de travailler en \u00e9quipe<\/li>\n<li>Ouverture face \u00e0 la mobilit\u00e9 de son \u00e9quipe et de son horaire<\/li>\n<li>Polyvalent<\/li>\n<\/ul>\n<p>[\/vc_column_text][\/vc_column_inner][\/vc_row_inner][\/vc_column][\/vc_row][vc_row css=&#8221;.vc_custom_1708015925403{padding-bottom: 2vw !important;}&#8221;][vc_column][vc_row_inner][vc_column_inner][vc_column_text]<\/p>\n<h2>Ann\u00e9es d&#8217;exp\u00e9rience<\/h2>\n<p>[\/vc_column_text][vc_column_text]<\/p>\n<table width=\"718\">\n<tbody>\n<tr>\n<td width=\"605\">1 \u00e0 2 ann\u00e9es d\u2019exp\u00e9rience<\/td>\n<\/tr>\n<\/tbody>\n<\/table>\n<p>[\/vc_column_text][\/vc_column_inner][\/vc_row_inner][\/vc_column][\/vc_row][vc_row][vc_column][vc_row_inner][vc_column_inner][\/vc_column_inner][\/vc_row_inner][vc_row_inner css=&#8221;.vc_custom_1708016356081{margin-right: 0px !important;margin-left: 0px !important;padding-right: 0px !important;padding-left: 0px !important;}&#8221;][vc_column_inner width=&#8221;1\/4&#8243;][vc_column_text css=&#8221;.vc_custom_1710443204904{margin-bottom: 15px !important;padding-bottom: 0px !important;}&#8221;]<strong>Lieu de travail<\/strong><br \/>\nMont-Saint-Pierre, Gasp\u00e9sie<\/p>\n<p><strong>Type d&#8217;emploi<\/strong><br \/>\nTemps plein\u00a0 Statut saisonnier de mai \u00e0 septembre<\/p>\n<p><strong>Horaire flexible<\/strong><br \/>\n5 jours &#8211; 40 hrs\/sem &#8211; Jour et possibilit\u00e9 de soir selon les \u00e9v\u00e9nements et le lieu de travail<\/p>\n<p>&nbsp;<\/p>\n<p><strong>\u00a0<\/strong>[\/vc_column_text][\/vc_column_inner][vc_column_inner width=&#8221;1\/4&#8243;][vc_column_text css=&#8221;.vc_custom_1708378028800{margin-bottom: 15px !important;padding-bottom: 0px !important;}&#8221;]<strong>Disponibilit\u00e9s<\/strong><br \/>\nSemaine<br \/>\nFin de semaine<\/p>\n<p><strong>Avantages<\/strong><br \/>\nUniforme fourni<br \/>\nPlan de formation Participe \u00e0 l\u2019essor d\u2019une nouvelle destination<br \/>\nAide \u00e0 l&#8217;h\u00e9bergement[\/vc_column_text][\/vc_column_inner][vc_column_inner width=&#8221;1\/4&#8243;][vc_column_text]<strong>Salaire<\/strong><br \/>\n18$ \u00e0 23$\/h selon l&#8217;exp\u00e9rience<\/p>\n<p><strong>Nombre de poste \u00e0 combler<\/strong><br \/>\n9 (dont 1 poste \u00e0 temps partiel)[\/vc_column_text][\/vc_column_inner][\/vc_row_inner][\/vc_column][\/vc_row][vc_row][vc_column][vc_row_inner][vc_column_inner][vc_column_text]<\/p>\n<h2><strong>Pour postuler<br \/>\n<\/strong><\/h2>\n<p>[\/vc_column_text][vc_column_text]Faites parvenir votre CV \u00e0 <a href=\"mailto:dg.csmsp@montsaintpierre.ca\">dg.csmsp@montsaintpierre.ca<\/a>[\/vc_column_text][\/vc_column_inner][\/vc_row_inner][\/vc_column][\/vc_row][vc_row][vc_column]<div class=\"henri-vc-module \">\n    <div class=\"container-xl\">\n        <div class=\"row\">\n            <div class=\"col-12\">\n                <div class=\"link-wrapper\">\n                                            <a class=\"link-arrow blue-arrow-orange-bg\" href=\"https:\/\/montsaintpierre.ca\/carriere\/\" title=\"Carri\u00e8re\" target=\"\">Retourner \u00e0 la section Rejoignez l'\u00e9quipe!<\/a>\n                                    <\/div>\n            <\/div>\n        <\/div>\n    <\/div>\n<\/div>\n[\/vc_column][\/vc_row]<\/p>\n<\/div>","protected":false},"excerpt":{"rendered":"<p>[vc_row full_width=&#8221;stretch_row_content_no_spaces&#8221;][vc_column][\/vc_column][\/vc_row][vc_row css=&#8221;.vc_custom_1708015890376{padding-bottom: 2vw !important;}&#8221;][vc_column][vc_row_inner][vc_column_inner][vc_column_text] Positionnement dans l&#8217;organisation [\/vc_column_text][vc_column_text] Sous la responsabilit\u00e9 de la direction des op\u00e9rations, de la programmation et de l&#8217;exp\u00e9rience client Poste strat\u00e9gique dans l\u2019organisation, vous \u00eates le visage de la Station de montagne sur mer en lien avec l\u2019exp\u00e9rience client. Votre capacit\u00e9 \u00e0 repr\u00e9senter qui nous sommes, \u00e0 sugg\u00e9rer nos activit\u00e9s, [&hellip;]<\/p>\n","protected":false},"author":3,"featured_media":0,"parent":1805,"menu_order":0,"comment_status":"closed","ping_status":"closed","template":"","meta":{"_acf_changed":false,"inline_featured_image":false,"footnotes":""},"class_list":["post-1814","page","type-page","status-publish","hentry"],"acf":[],"yoast_head":"<!-- This site is optimized with the Yoast SEO plugin v25.3.1 - https:\/\/yoast.com\/wordpress\/plugins\/seo\/ -->\n<title>Gestionnaire d&#039;exp\u00e9rience | Mont-Saint-Pierre<\/title>\n<meta name=\"robots\" content=\"index, follow, max-snippet:-1, max-image-preview:large, max-video-preview:-1\" \/>\n<link rel=\"canonical\" href=\"https:\/\/montsaintpierre.ca\/en\/join-our-team\/gestionnaire-dexperience\/\" \/>\n<meta property=\"og:locale\" content=\"en_US\" \/>\n<meta property=\"og:type\" content=\"article\" \/>\n<meta property=\"og:title\" content=\"Gestionnaire d&#039;exp\u00e9rience | Mont-Saint-Pierre\" \/>\n<meta property=\"og:description\" content=\"[vc_row full_width=&#8221;stretch_row_content_no_spaces&#8221;][vc_column][\/vc_column][\/vc_row][vc_row css=&#8221;.vc_custom_1708015890376{padding-bottom: 2vw !important;}&#8221;][vc_column][vc_row_inner][vc_column_inner][vc_column_text] Positionnement dans l&#8217;organisation [\/vc_column_text][vc_column_text] Sous la responsabilit\u00e9 de la direction des op\u00e9rations, de la programmation et de l&#8217;exp\u00e9rience client Poste strat\u00e9gique dans l\u2019organisation, vous \u00eates le visage de la Station de montagne sur mer en lien avec l\u2019exp\u00e9rience client. Votre capacit\u00e9 \u00e0 repr\u00e9senter qui nous sommes, \u00e0 sugg\u00e9rer nos activit\u00e9s, [&hellip;]\" \/>\n<meta property=\"og:url\" content=\"https:\/\/montsaintpierre.ca\/en\/join-our-team\/gestionnaire-dexperience\/\" \/>\n<meta property=\"og:site_name\" content=\"Mont-Saint-Pierre\" \/>\n<meta property=\"og:image\" content=\"https:\/\/mont-saint-pierre.s3.bhs.io.cloud.ovh.net\/2024\/02\/entete-du-tourisme-autrement.jpg\" \/>\n\t<meta property=\"og:image:width\" content=\"2160\" \/>\n\t<meta property=\"og:image:height\" content=\"1438\" \/>\n\t<meta property=\"og:image:type\" content=\"image\/jpeg\" \/>\n<meta name=\"twitter:card\" content=\"summary_large_image\" \/>\n<meta name=\"twitter:label1\" content=\"Est. reading time\" \/>\n\t<meta name=\"twitter:data1\" content=\"7 minutes\" \/>\n<script type=\"application\/ld+json\" class=\"yoast-schema-graph\">{\"@context\":\"https:\/\/schema.org\",\"@graph\":[{\"@type\":\"WebPage\",\"@id\":\"https:\/\/montsaintpierre.ca\/en\/join-our-team\/gestionnaire-dexperience\/\",\"url\":\"https:\/\/montsaintpierre.ca\/en\/join-our-team\/gestionnaire-dexperience\/\",\"name\":\"Gestionnaire d'exp\u00e9rience | Mont-Saint-Pierre\",\"isPartOf\":{\"@id\":\"https:\/\/montsaintpierre.ca\/en\/#website\"},\"datePublished\":\"2024-02-29T20:01:08+00:00\",\"breadcrumb\":{\"@id\":\"https:\/\/montsaintpierre.ca\/en\/join-our-team\/gestionnaire-dexperience\/#breadcrumb\"},\"inLanguage\":\"en-US\",\"potentialAction\":[{\"@type\":\"ReadAction\",\"target\":[\"https:\/\/montsaintpierre.ca\/en\/join-our-team\/gestionnaire-dexperience\/\"]}]},{\"@type\":\"BreadcrumbList\",\"@id\":\"https:\/\/montsaintpierre.ca\/en\/join-our-team\/gestionnaire-dexperience\/#breadcrumb\",\"itemListElement\":[{\"@type\":\"ListItem\",\"position\":1,\"name\":\"Home\",\"item\":\"https:\/\/montsaintpierre.ca\/en\/\"},{\"@type\":\"ListItem\",\"position\":2,\"name\":\"Join our team!\",\"item\":\"https:\/\/montsaintpierre.ca\/en\/join-our-team\/\"},{\"@type\":\"ListItem\",\"position\":3,\"name\":\"Gestionnaire d&rsquo;exp\u00e9rience\"}]},{\"@type\":\"WebSite\",\"@id\":\"https:\/\/montsaintpierre.ca\/en\/#website\",\"url\":\"https:\/\/montsaintpierre.ca\/en\/\",\"name\":\"Mont-Saint-Pierre\",\"description\":\"Station de montagne sur mer\",\"alternateName\":\"MSP\",\"potentialAction\":[{\"@type\":\"SearchAction\",\"target\":{\"@type\":\"EntryPoint\",\"urlTemplate\":\"https:\/\/montsaintpierre.ca\/en\/?s={search_term_string}\"},\"query-input\":{\"@type\":\"PropertyValueSpecification\",\"valueRequired\":true,\"valueName\":\"search_term_string\"}}],\"inLanguage\":\"en-US\"}]}<\/script>\n<!-- \/ Yoast SEO plugin. -->","yoast_head_json":{"title":"Gestionnaire d'exp\u00e9rience | Mont-Saint-Pierre","robots":{"index":"index","follow":"follow","max-snippet":"max-snippet:-1","max-image-preview":"max-image-preview:large","max-video-preview":"max-video-preview:-1"},"canonical":"https:\/\/montsaintpierre.ca\/en\/join-our-team\/gestionnaire-dexperience\/","og_locale":"en_US","og_type":"article","og_title":"Gestionnaire d'exp\u00e9rience | Mont-Saint-Pierre","og_description":"[vc_row full_width=&#8221;stretch_row_content_no_spaces&#8221;][vc_column][\/vc_column][\/vc_row][vc_row css=&#8221;.vc_custom_1708015890376{padding-bottom: 2vw !important;}&#8221;][vc_column][vc_row_inner][vc_column_inner][vc_column_text] Positionnement dans l&#8217;organisation [\/vc_column_text][vc_column_text] Sous la responsabilit\u00e9 de la direction des op\u00e9rations, de la programmation et de l&#8217;exp\u00e9rience client Poste strat\u00e9gique dans l\u2019organisation, vous \u00eates le visage de la Station de montagne sur mer en lien avec l\u2019exp\u00e9rience client. Votre capacit\u00e9 \u00e0 repr\u00e9senter qui nous sommes, \u00e0 sugg\u00e9rer nos activit\u00e9s, [&hellip;]","og_url":"https:\/\/montsaintpierre.ca\/en\/join-our-team\/gestionnaire-dexperience\/","og_site_name":"Mont-Saint-Pierre","og_image":[{"width":2160,"height":1438,"url":"https:\/\/mont-saint-pierre.s3.bhs.io.cloud.ovh.net\/2024\/02\/entete-du-tourisme-autrement.jpg","type":"image\/jpeg"}],"twitter_card":"summary_large_image","twitter_misc":{"Est. reading time":"7 minutes"},"schema":{"@context":"https:\/\/schema.org","@graph":[{"@type":"WebPage","@id":"https:\/\/montsaintpierre.ca\/en\/join-our-team\/gestionnaire-dexperience\/","url":"https:\/\/montsaintpierre.ca\/en\/join-our-team\/gestionnaire-dexperience\/","name":"Gestionnaire d'exp\u00e9rience | Mont-Saint-Pierre","isPartOf":{"@id":"https:\/\/montsaintpierre.ca\/en\/#website"},"datePublished":"2024-02-29T20:01:08+00:00","breadcrumb":{"@id":"https:\/\/montsaintpierre.ca\/en\/join-our-team\/gestionnaire-dexperience\/#breadcrumb"},"inLanguage":"en-US","potentialAction":[{"@type":"ReadAction","target":["https:\/\/montsaintpierre.ca\/en\/join-our-team\/gestionnaire-dexperience\/"]}]},{"@type":"BreadcrumbList","@id":"https:\/\/montsaintpierre.ca\/en\/join-our-team\/gestionnaire-dexperience\/#breadcrumb","itemListElement":[{"@type":"ListItem","position":1,"name":"Home","item":"https:\/\/montsaintpierre.ca\/en\/"},{"@type":"ListItem","position":2,"name":"Join our team!","item":"https:\/\/montsaintpierre.ca\/en\/join-our-team\/"},{"@type":"ListItem","position":3,"name":"Gestionnaire d&rsquo;exp\u00e9rience"}]},{"@type":"WebSite","@id":"https:\/\/montsaintpierre.ca\/en\/#website","url":"https:\/\/montsaintpierre.ca\/en\/","name":"Mont-Saint-Pierre","description":"Station de montagne sur mer","alternateName":"MSP","potentialAction":[{"@type":"SearchAction","target":{"@type":"EntryPoint","urlTemplate":"https:\/\/montsaintpierre.ca\/en\/?s={search_term_string}"},"query-input":{"@type":"PropertyValueSpecification","valueRequired":true,"valueName":"search_term_string"}}],"inLanguage":"en-US"}]}},"_links":{"self":[{"href":"https:\/\/montsaintpierre.ca\/en\/wp-json\/wp\/v2\/pages\/1814","targetHints":{"allow":["GET"]}}],"collection":[{"href":"https:\/\/montsaintpierre.ca\/en\/wp-json\/wp\/v2\/pages"}],"about":[{"href":"https:\/\/montsaintpierre.ca\/en\/wp-json\/wp\/v2\/types\/page"}],"author":[{"embeddable":true,"href":"https:\/\/montsaintpierre.ca\/en\/wp-json\/wp\/v2\/users\/3"}],"replies":[{"embeddable":true,"href":"https:\/\/montsaintpierre.ca\/en\/wp-json\/wp\/v2\/comments?post=1814"}],"version-history":[{"count":0,"href":"https:\/\/montsaintpierre.ca\/en\/wp-json\/wp\/v2\/pages\/1814\/revisions"}],"up":[{"embeddable":true,"href":"https:\/\/montsaintpierre.ca\/en\/wp-json\/wp\/v2\/pages\/1805"}],"wp:attachment":[{"href":"https:\/\/montsaintpierre.ca\/en\/wp-json\/wp\/v2\/media?parent=1814"}],"curies":[{"name":"wp","href":"https:\/\/api.w.org\/{rel}","templated":true}]}}