{"id":1812,"date":"2024-01-30T14:07:07","date_gmt":"2024-01-30T19:07:07","guid":{"rendered":"https:\/\/montsaintpierre.ca\/campagne-de-financement\/"},"modified":"2024-05-14T10:34:06","modified_gmt":"2024-05-14T14:34:06","slug":"fundraising-campaign","status":"publish","type":"page","link":"https:\/\/montsaintpierre.ca\/en\/fundraising-campaign\/","title":{"rendered":"Fundraising campaign"},"content":{"rendered":"<div class=\"wpb-content-wrapper\"><p>[vc_row full_width=&#8221;stretch_row_content_no_spaces&#8221;][vc_column]<div class=\"henri-vc-module module-header \">\n\n    <div class=\"header\">\n        <div class=\"image-title-wrapper\">\n\n                            <div class=\"image\">\n                    <img decoding=\"async\" alt=\"image header - image en-tete\" src=\"https:\/\/mont-saint-pierre.s3.bhs.io.cloud.ovh.net\/2024\/01\/sommet-orange-2-scaled.jpg\">\n\n                                    <\/div>\n            \n            <div class=\"container-xl\">\n\n                <div class=\"row\">\n                    <div class=\"col-12\">\n                        <div class=\"title-and-btn \">\n                            <h1 class=\"color-inverse\">Fundraising campaign<\/h1>\n\n                                                    <\/div>\n                        \n                    <\/div>\n                <\/div>\n            <\/div>\n        <\/div>\n        <div class=\"container-xl\">\n            <div class=\"row\">\n                <div class=\"col-12\">\n                    <div class=\"subtitle\">\n                        <h2 class=\"color-inverse\"><\/h2>\n                    <\/div>\n                    <div class=\"text\">\n                        <p class=\"color-inverse\"><\/p>\n                    <\/div>\n                <\/div>\n            <\/div>\n        <\/div>\n        <div class=\"bottom-section-wrapper\">\n            <div class=\"container-xl\">\n                <div class=\"row\">\n                    <div class=\"col-12\">\n                        <div class=\"bottom-section-content \">\n                            <div class=\"chapeau\">\n                                <p class=\"color-inverse\"><\/p>\n                            <\/div>\n\n                                                    <\/div>\n                    <\/div>\n                <\/div>\n            <\/div>\n        <\/div>\n    <\/div>\n<\/div>\n[\/vc_column][\/vc_row][vc_row][vc_column]<div class=\"henri-vc-module module-texte-avec-image \">\n    <div class=\"container-xl\">\n\n        \n        \n        \n\n        \n            <div class=\"row image-droite\">\n                <div class=\"col-12 col-lg-5\">\n                    <h2><\/h2>\n                    <div class=\"content\">\n                        <p>Through its fundraising campaign, Mont-Saint-Pierre\u2019s tourism recovery plan will position the Haute-Gasp\u00e9sie region as a major destination not only in Gasp\u00e9sie, but also in Quebec. Its unique and diversified offerings will put our region on the national and international map. Thanks to the mobilization of our village and its 170\u00a0permanent residents, we\u2019re convinced that the tourism recovery plan will attract young entrepreneurs to the region, adding a youthful spark to Mont-Saint-Pierre.<\/p>\n<p><a href=\"https:\/\/www.jedonneenligne.org\/fcgi\/\" target=\"_blank\" rel=\"noopener\">Click here to make a donation.<\/a><\/p>                    <\/div>\n                                    <\/div>\n                <div class=\"col-12 col-lg-7\">\n                    <div class=\"image-background-wrapper design-1\">\n                        <div class=\"background\">\n                            <img decoding=\"async\" alt=\"image background\" src=\"https:\/\/montsaintpierre.ca\/wp-content\/themes\/henri\/_assets\/images\/formes-design-1.svg\">\n                        <\/div>\n                        <div class=\"image\">\n                                                            <img decoding=\"async\" alt=\"image\" src=\"https:\/\/mont-saint-pierre.s3.bhs.io.cloud.ovh.net\/2024\/01\/chok-msp-juin-2023-68-scaled.jpg\">\n                                                    <\/div>\n                    <\/div>\n                <\/div>\n            <\/div>\n        \n    <\/div>\n<\/div>\n[\/vc_column][\/vc_row][vc_row][vc_column]<div class=\"henri-vc-module module-texte-avec-image \">\n    <div class=\"container-xl\">\n\n        \n        \n        \n\n                    <div class=\"row image-gauche\">\n                <div class=\"col-12 col-lg-7\">\n                    <div class=\"image-background-wrapper design-2\">\n                        <div class=\"background\">\n                            <img decoding=\"async\" alt=\"image background\" src=\"https:\/\/montsaintpierre.ca\/wp-content\/themes\/henri\/_assets\/images\/formes-design-2.svg\">\n                        <\/div>\n                        <div class=\"image\">\n                                                            <img decoding=\"async\" alt=\"image\" src=\"https:\/\/mont-saint-pierre.s3.bhs.io.cloud.ovh.net\/2024\/01\/img-2822-scaled.jpg\">\n                                                    <\/div>\n                    <\/div>\n                <\/div>\n                <div class=\"col-12 col-lg-5\">\n                    <h2><\/h2>\n                    <div class=\"content\">\n                        <p>Coop\u00e9rative de solidarit\u00e9 de Mont-Saint-Pierre\u2019s fundraising campaign, which has now reached over $600,000, will help the region reach its full potential. We are proud to present the projects developed by our members, and we are confident about the valley\u2019s future and its influence outside of Gasp\u00e9sie. This major fundraising campaign is of significant importance to the community and permanent residents of Mont-Saint-Pierre. We believe that Station de montagne sur mer de Mont-Saint-Pierre will have a positive impact on the region\u2019s development.<\/p>                    <\/div>\n                                    <\/div>\n            <\/div>\n\n        \n    <\/div>\n<\/div>\n[\/vc_column][\/vc_row][vc_row disable_element=&#8221;yes&#8221;][vc_column]<div class=\"henri-vc-module \">\n    <div class=\"container-xl\">\n        <div class=\"row\">\n            <div class=\"col-12\">\n                <div class=\"link-wrapper\">\n                                            <a class=\"link-arrow blue-arrow-orange-bg\" href=\"https:\/\/secure3.xpayrience.com\/acces_mont_saint_pierre\" title=\"\" target=\"_blank\">D\u00e9couvrez tous les secrets de Mont-Saint-Pierre<\/a>\n                                    <\/div>\n            <\/div>\n        <\/div>\n    <\/div>\n<\/div>\n[\/vc_column][\/vc_row]<\/p>\n<\/div>","protected":false},"excerpt":{"rendered":"<p>[vc_row full_width=&#8221;stretch_row_content_no_spaces&#8221;][vc_column][\/vc_column][\/vc_row][vc_row][vc_column][\/vc_column][\/vc_row][vc_row][vc_column][\/vc_column][\/vc_row][vc_row disable_element=&#8221;yes&#8221;][vc_column][\/vc_column][\/vc_row]<\/p>\n","protected":false},"author":2,"featured_media":0,"parent":0,"menu_order":0,"comment_status":"closed","ping_status":"closed","template":"","meta":{"_acf_changed":false,"inline_featured_image":false,"footnotes":""},"class_list":["post-1812","page","type-page","status-publish","hentry"],"acf":[],"yoast_head":"<!-- This site is optimized with the Yoast SEO plugin v25.3.1 - https:\/\/yoast.com\/wordpress\/plugins\/seo\/ -->\n<title>Fundraising campaign | Mont-Saint-Pierre<\/title>\n<meta name=\"description\" content=\"La page parfaite pour retrouver toutes les activit\u00e9s possibles \u00e0 faire \u00e0 Mont-Saint-Pierre. Qu\u2019allez-vous faire aujourd\u2019hui?\" \/>\n<meta name=\"robots\" content=\"index, follow, max-snippet:-1, max-image-preview:large, max-video-preview:-1\" \/>\n<link rel=\"canonical\" href=\"https:\/\/montsaintpierre.ca\/en\/fundraising-campaign\/\" \/>\n<meta property=\"og:locale\" content=\"en_US\" \/>\n<meta property=\"og:type\" content=\"article\" \/>\n<meta property=\"og:title\" content=\"Fundraising campaign | Mont-Saint-Pierre\" \/>\n<meta property=\"og:description\" content=\"La page parfaite pour retrouver toutes les activit\u00e9s possibles \u00e0 faire \u00e0 Mont-Saint-Pierre. Qu\u2019allez-vous faire aujourd\u2019hui?\" \/>\n<meta property=\"og:url\" content=\"https:\/\/montsaintpierre.ca\/en\/fundraising-campaign\/\" \/>\n<meta property=\"og:site_name\" content=\"Mont-Saint-Pierre\" \/>\n<meta property=\"article:modified_time\" content=\"2024-05-14T14:34:06+00:00\" \/>\n<meta property=\"og:image\" content=\"https:\/\/mont-saint-pierre.s3.bhs.io.cloud.ovh.net\/2024\/02\/entete-du-tourisme-autrement.jpg\" \/>\n\t<meta property=\"og:image:width\" content=\"2160\" \/>\n\t<meta property=\"og:image:height\" content=\"1438\" \/>\n\t<meta property=\"og:image:type\" content=\"image\/jpeg\" \/>\n<meta name=\"twitter:card\" content=\"summary_large_image\" \/>\n<meta name=\"twitter:label1\" content=\"Est. reading time\" \/>\n\t<meta name=\"twitter:data1\" content=\"2 minutes\" \/>\n<script type=\"application\/ld+json\" class=\"yoast-schema-graph\">{\"@context\":\"https:\/\/schema.org\",\"@graph\":[{\"@type\":\"WebPage\",\"@id\":\"https:\/\/montsaintpierre.ca\/en\/fundraising-campaign\/\",\"url\":\"https:\/\/montsaintpierre.ca\/en\/fundraising-campaign\/\",\"name\":\"Fundraising campaign | Mont-Saint-Pierre\",\"isPartOf\":{\"@id\":\"https:\/\/montsaintpierre.ca\/en\/#website\"},\"datePublished\":\"2024-01-30T19:07:07+00:00\",\"dateModified\":\"2024-05-14T14:34:06+00:00\",\"description\":\"La page parfaite pour retrouver toutes les activit\u00e9s possibles \u00e0 faire \u00e0 Mont-Saint-Pierre. Qu\u2019allez-vous faire aujourd\u2019hui?\",\"breadcrumb\":{\"@id\":\"https:\/\/montsaintpierre.ca\/en\/fundraising-campaign\/#breadcrumb\"},\"inLanguage\":\"en-US\",\"potentialAction\":[{\"@type\":\"ReadAction\",\"target\":[\"https:\/\/montsaintpierre.ca\/en\/fundraising-campaign\/\"]}]},{\"@type\":\"BreadcrumbList\",\"@id\":\"https:\/\/montsaintpierre.ca\/en\/fundraising-campaign\/#breadcrumb\",\"itemListElement\":[{\"@type\":\"ListItem\",\"position\":1,\"name\":\"Home\",\"item\":\"https:\/\/montsaintpierre.ca\/en\/\"},{\"@type\":\"ListItem\",\"position\":2,\"name\":\"Fundraising campaign\"}]},{\"@type\":\"WebSite\",\"@id\":\"https:\/\/montsaintpierre.ca\/en\/#website\",\"url\":\"https:\/\/montsaintpierre.ca\/en\/\",\"name\":\"Mont-Saint-Pierre\",\"description\":\"Station de montagne sur mer\",\"alternateName\":\"MSP\",\"potentialAction\":[{\"@type\":\"SearchAction\",\"target\":{\"@type\":\"EntryPoint\",\"urlTemplate\":\"https:\/\/montsaintpierre.ca\/en\/?s={search_term_string}\"},\"query-input\":{\"@type\":\"PropertyValueSpecification\",\"valueRequired\":true,\"valueName\":\"search_term_string\"}}],\"inLanguage\":\"en-US\"}]}<\/script>\n<!-- \/ Yoast SEO plugin. -->","yoast_head_json":{"title":"Fundraising campaign | Mont-Saint-Pierre","description":"La page parfaite pour retrouver toutes les activit\u00e9s possibles \u00e0 faire \u00e0 Mont-Saint-Pierre. Qu\u2019allez-vous faire aujourd\u2019hui?","robots":{"index":"index","follow":"follow","max-snippet":"max-snippet:-1","max-image-preview":"max-image-preview:large","max-video-preview":"max-video-preview:-1"},"canonical":"https:\/\/montsaintpierre.ca\/en\/fundraising-campaign\/","og_locale":"en_US","og_type":"article","og_title":"Fundraising campaign | Mont-Saint-Pierre","og_description":"La page parfaite pour retrouver toutes les activit\u00e9s possibles \u00e0 faire \u00e0 Mont-Saint-Pierre. Qu\u2019allez-vous faire aujourd\u2019hui?","og_url":"https:\/\/montsaintpierre.ca\/en\/fundraising-campaign\/","og_site_name":"Mont-Saint-Pierre","article_modified_time":"2024-05-14T14:34:06+00:00","og_image":[{"width":2160,"height":1438,"url":"https:\/\/mont-saint-pierre.s3.bhs.io.cloud.ovh.net\/2024\/02\/entete-du-tourisme-autrement.jpg","type":"image\/jpeg"}],"twitter_card":"summary_large_image","twitter_misc":{"Est. reading time":"2 minutes"},"schema":{"@context":"https:\/\/schema.org","@graph":[{"@type":"WebPage","@id":"https:\/\/montsaintpierre.ca\/en\/fundraising-campaign\/","url":"https:\/\/montsaintpierre.ca\/en\/fundraising-campaign\/","name":"Fundraising campaign | Mont-Saint-Pierre","isPartOf":{"@id":"https:\/\/montsaintpierre.ca\/en\/#website"},"datePublished":"2024-01-30T19:07:07+00:00","dateModified":"2024-05-14T14:34:06+00:00","description":"La page parfaite pour retrouver toutes les activit\u00e9s possibles \u00e0 faire \u00e0 Mont-Saint-Pierre. Qu\u2019allez-vous faire aujourd\u2019hui?","breadcrumb":{"@id":"https:\/\/montsaintpierre.ca\/en\/fundraising-campaign\/#breadcrumb"},"inLanguage":"en-US","potentialAction":[{"@type":"ReadAction","target":["https:\/\/montsaintpierre.ca\/en\/fundraising-campaign\/"]}]},{"@type":"BreadcrumbList","@id":"https:\/\/montsaintpierre.ca\/en\/fundraising-campaign\/#breadcrumb","itemListElement":[{"@type":"ListItem","position":1,"name":"Home","item":"https:\/\/montsaintpierre.ca\/en\/"},{"@type":"ListItem","position":2,"name":"Fundraising campaign"}]},{"@type":"WebSite","@id":"https:\/\/montsaintpierre.ca\/en\/#website","url":"https:\/\/montsaintpierre.ca\/en\/","name":"Mont-Saint-Pierre","description":"Station de montagne sur mer","alternateName":"MSP","potentialAction":[{"@type":"SearchAction","target":{"@type":"EntryPoint","urlTemplate":"https:\/\/montsaintpierre.ca\/en\/?s={search_term_string}"},"query-input":{"@type":"PropertyValueSpecification","valueRequired":true,"valueName":"search_term_string"}}],"inLanguage":"en-US"}]}},"_links":{"self":[{"href":"https:\/\/montsaintpierre.ca\/en\/wp-json\/wp\/v2\/pages\/1812","targetHints":{"allow":["GET"]}}],"collection":[{"href":"https:\/\/montsaintpierre.ca\/en\/wp-json\/wp\/v2\/pages"}],"about":[{"href":"https:\/\/montsaintpierre.ca\/en\/wp-json\/wp\/v2\/types\/page"}],"author":[{"embeddable":true,"href":"https:\/\/montsaintpierre.ca\/en\/wp-json\/wp\/v2\/users\/2"}],"replies":[{"embeddable":true,"href":"https:\/\/montsaintpierre.ca\/en\/wp-json\/wp\/v2\/comments?post=1812"}],"version-history":[{"count":1,"href":"https:\/\/montsaintpierre.ca\/en\/wp-json\/wp\/v2\/pages\/1812\/revisions"}],"predecessor-version":[{"id":1813,"href":"https:\/\/montsaintpierre.ca\/en\/wp-json\/wp\/v2\/pages\/1812\/revisions\/1813"}],"wp:attachment":[{"href":"https:\/\/montsaintpierre.ca\/en\/wp-json\/wp\/v2\/media?parent=1812"}],"curies":[{"name":"wp","href":"https:\/\/api.w.org\/{rel}","templated":true}]}}