{"id":1810,"date":"2024-01-30T13:56:06","date_gmt":"2024-01-30T18:56:06","guid":{"rendered":"https:\/\/montsaintpierre.ca\/devenir-membre\/"},"modified":"2024-05-14T10:32:01","modified_gmt":"2024-05-14T14:32:01","slug":"become-a-member","status":"publish","type":"page","link":"https:\/\/montsaintpierre.ca\/en\/become-a-member\/","title":{"rendered":"Become a member"},"content":{"rendered":"<div class=\"wpb-content-wrapper\"><p>[vc_row full_width=&#8221;stretch_row_content_no_spaces&#8221;][vc_column]<div class=\"henri-vc-module module-header \">\n\n    <div class=\"header\">\n        <div class=\"image-title-wrapper\">\n\n                            <div class=\"image\">\n                    <img decoding=\"async\" alt=\"image header - image en-tete\" src=\"https:\/\/mont-saint-pierre.s3.bhs.io.cloud.ovh.net\/2024\/02\/3-plage-2-devenir-membre-br.jpg\">\n\n                                    <\/div>\n            \n            <div class=\"container-xl\">\n\n                <div class=\"row\">\n                    <div class=\"col-12\">\n                        <div class=\"title-and-btn \">\n                            <h1 class=\"color-inverse\">Become a member<\/h1>\n\n                                                    <\/div>\n                        \n                    <\/div>\n                <\/div>\n            <\/div>\n        <\/div>\n        <div class=\"container-xl\">\n            <div class=\"row\">\n                <div class=\"col-12\">\n                    <div class=\"subtitle\">\n                        <h2 class=\"color-inverse\"><\/h2>\n                    <\/div>\n                    <div class=\"text\">\n                        <p class=\"color-inverse\"><\/p>\n                    <\/div>\n                <\/div>\n            <\/div>\n        <\/div>\n        <div class=\"bottom-section-wrapper\">\n            <div class=\"container-xl\">\n                <div class=\"row\">\n                    <div class=\"col-12\">\n                        <div class=\"bottom-section-content \">\n                            <div class=\"chapeau\">\n                                <p class=\"color-inverse\"><\/p>\n                            <\/div>\n\n                                                    <\/div>\n                    <\/div>\n                <\/div>\n            <\/div>\n        <\/div>\n    <\/div>\n<\/div>\n[\/vc_column][\/vc_row][vc_row][vc_column]<div class=\"henri-vc-module module-texte-avec-image \">\n    <div class=\"container-xl\">\n\n        \n        \n        \n\n        \n            <div class=\"row image-droite\">\n                <div class=\"col-12 col-lg-5\">\n                    <h2><\/h2>\n                    <div class=\"content\">\n                        <p>Coop\u00e9rative de solidarit\u00e9 de Mont-Saint-Pierre is a community organization dedicated to positioning Mont-Saint-Pierre as a year-round mountain and sea ecotourism destination, bringing people together and attracting young people.<\/p>\n<p>The Coop\u00e9rative\u2019s membership already exceeds the village\u2019s total population, and it is now ready to take a step toward innovation. Become a member; we need your commitment to make a meaningful impact on the development of our project.<\/p>                    <\/div>\n                                            <a class=\"link-arrow blue-arrow-orange-bg\" href=\"https:\/\/secure3.xpayrience.com\/acces_mont_saint_pierre\" title=\"\" target=\"_blank\">Become a member<\/a>\n                                    <\/div>\n                <div class=\"col-12 col-lg-7\">\n                    <div class=\"image-background-wrapper design-1\">\n                        <div class=\"background\">\n                            <img decoding=\"async\" alt=\"image background\" src=\"https:\/\/montsaintpierre.ca\/wp-content\/themes\/henri\/_assets\/images\/formes-design-1.svg\">\n                        <\/div>\n                        <div class=\"image\">\n                                                            <img decoding=\"async\" alt=\"image\" src=\"https:\/\/mont-saint-pierre.s3.bhs.io.cloud.ovh.net\/2024\/02\/devenir-membre-riviere-msp.jpg\">\n                                                    <\/div>\n                    <\/div>\n                <\/div>\n            <\/div>\n        \n    <\/div>\n<\/div>\n[\/vc_column][\/vc_row][vc_row disable_element=&#8221;yes&#8221;][vc_column]<div class=\"henri-vc-module \">\n    <div class=\"container-xl\">\n        <div class=\"row\">\n            <div class=\"col-12\">\n                <div class=\"link-wrapper\">\n                                            <a class=\"link-arrow blue-arrow-orange-bg\" href=\"https:\/\/secure3.xpayrience.com\/acces_mont_saint_pierre\" title=\"\" target=\"_blank\">D\u00e9couvrez tous les secrets de Mont-Saint-Pierre<\/a>\n                                    <\/div>\n            <\/div>\n        <\/div>\n    <\/div>\n<\/div>\n[\/vc_column][\/vc_row][vc_row full_width=&#8221;stretch_row_content_no_spaces&#8221; disable_element=&#8221;yes&#8221;][vc_column]<div class=\"henri-vc-module module-tableau \">\n   <div class=\"container-xl\">\n        <div class=\"row\">\n            <div class=\"col-12\">\n                <h2>Tous les prix sont d\u00e9taill\u00e9s ici.<\/h2>\n                <div class=\"tableau-wrapper\">\n<!--                    <div class=\"navigation-wrapper\">-->\n<!--                        <div class=\"navigation tableau-btn-prev\"><\/div>-->\n<!--                        <div class=\"navigation tableau-btn-next\"><\/div>-->\n<!--                    <\/div>-->\n                    <\/p>\n<h4>Pour d\u2019autres questions, \u00e9crivez-nous.<\/h4>\n<table style=\"border-collapse: collapse; width: 100%; height: 351px;\">\n<tbody>\n<tr style=\"height: 24px;\">\n<td style=\"width: 50%; height: 24px;\">Activit\u00e9<\/td>\n<td style=\"width: 50%; height: 24px;\">Prix<\/td>\n<\/tr>\n<tr style=\"height: 24px;\">\n<td style=\"width: 50%; height: 24px;\">Droit d\u2019acc\u00e8s pour le mont Saint-Pierre<\/td>\n<td style=\"width: 50%; height: 24px;\">10 ans et + : 11,50 $<br \/>\nEnfant : Gratuit<br \/>\nFamille de plus de 2 enfants (10 ans et +) : 40,25 $<br \/>\nCarte d\u2019acc\u00e8s hebdomadaire : 40,25 $<br \/>\nCarte d\u2019acc\u00e8s annuel : 55,20 $<\/td>\n<\/tr>\n<tr style=\"height: 24px;\">\n<td style=\"width: 50%; height: 24px;\">Observatoire et son spectacle <em>ODYSS\u00c9E, la face cach\u00e9e du mont Saint-Pierre<\/em><\/td>\n<td style=\"width: 50%; height: 24px;\">Adulte (16 ans et +) : 40,24 $ \/ 51,75 $ (avec navette)<br \/>\nEnfant : 20,13 $ \/ 25,87 $ (avec navette)<br \/>\nFamille de plus de 2 enfants : 109,23 $ \/ 143,72 $ (avec navette)<\/td>\n<\/tr>\n<tr style=\"height: 24px;\">\n<td style=\"width: 50%; height: 24px;\">Salle du clocher et son spectacle<em> \u00c0 vol d&#8217;oiseau, un voyage immersif<\/em><\/td>\n<td style=\"width: 50%; height: 24px;\">Adulte (16 ans et +) : 28,75 $<br \/>\nEnfant : 14,35 $<br \/>\nFamille de plus de 2 enfants : 86,25 $<\/td>\n<\/tr>\n<tr style=\"height: 24px;\">\n<td style=\"width: 50%; height: 24px;\">Randonn\u00e9e<br \/>\nsentier Delta\/sentier du Lynx<\/td>\n<td style=\"width: 50%; height: 24px;\">10 ans et + : 11,50 $<br \/>\nEnfant : Gratuit<br \/>\nFamille de plus de 2 enfants (10 ans et +)\u00a0: 40,25 $<br \/>\nCarte d\u2019acc\u00e8s hebdomadaire : 40,25 $<br \/>\nCarte d\u2019acc\u00e8s annuel : 55,20 $<\/td>\n<\/tr>\n<tr style=\"height: 24px;\">\n<td style=\"width: 50%; height: 24px;\">V\u00e9lo de montagne<\/td>\n<td style=\"width: 50%; height: 24px;\">\u00c0 venir<\/td>\n<\/tr>\n<tr style=\"height: 24px;\">\n<td style=\"width: 50%; height: 24px;\">V\u00e9lo \u00e9lectrique<\/td>\n<td style=\"width: 50%; height: 24px;\">\u00c0 venir<\/td>\n<\/tr>\n<tr style=\"height: 24px;\">\n<td style=\"width: 50%; height: 24px;\">Vol libre tandem<\/td>\n<td style=\"width: 50%; height: 24px;\">Pilote accr\u00e9dit\u00e9, accr\u00e9dit\u00e9e ACVL : 114,98\u00a0$ (dure une semaine)<br \/>\nInitiation au vol libre tandem : 249,50 $<br \/>\n* Passe journali\u00e8re vol libre : 28,74 $<\/td>\n<\/tr>\n<tr style=\"height: 24px;\">\n<td style=\"width: 50%; height: 24px;\">Raquettes<\/td>\n<td style=\"width: 50%; height: 24px;\">\u00c0 venir<\/td>\n<\/tr>\n<tr style=\"height: 24px;\">\n<td style=\"width: 50%; height: 27px;\">Escalade sur glace<\/td>\n<td style=\"width: 50%; height: 27px;\"><a href=\"https:\/\/www.fqme.qc.ca\/escalade\/\">Escalade &#8211; FQME<\/a><\/td>\n<\/tr>\n<tr style=\"height: 24px;\">\n<td style=\"width: 50%; height: 27px;\">Motoneige<\/td>\n<td style=\"width: 50%; height: 27px;\"><a href=\"https:\/\/www.fcmq.qc.ca\/\"><span style=\"font-family: inherit; font-size: inherit;\">F\u00e9d\u00e9ration des clubs de motoneigistes du Qu\u00e9bec<\/span><\/a><\/td>\n<\/tr>\n<tr style=\"height: 24px;\">\n<td style=\"width: 50%; height: 27px;\">Quad<\/td>\n<td style=\"width: 50%; height: 27px;\"><a href=\"https:\/\/www.fqcq.qc.ca\/\">F\u00e9d\u00e9ration Qu\u00e9b\u00e9coise des Clubs Quads (FQCQ)<\/a><\/td>\n<\/tr>\n<tr style=\"height: 24px;\">\n<td style=\"width: 50%; height: 27px;\">Ski hors-piste<\/td>\n<td style=\"width: 50%; height: 27px;\">Voir avec notre partenaire &#8211; <a href=\"https:\/\/vallee-taconique.com\/\">Vall\u00e9e taconique<\/a><\/td>\n<\/tr>\n<tr style=\"height: 24px;\">\n<td style=\"width: 50%; height: 27px;\">Navette (sommet mont Saint-Pierre + droit d\u2019acc\u00e8s)<\/td>\n<td style=\"width: 50%; height: 27px;\">Adulte (16 ans et +) : 23,00 $<br \/>\nEnfant : 11,50 $<br \/>\nFamille de plus de 2 enfants : 69,00 $<\/td>\n<\/tr>\n<tr style=\"height: 24px;\">\n<td style=\"width: 50%; height: 27px;\">Navette (sentier du Lynx\/mont Jacques-Cartier + droit d&#8217;acc\u00e8s)<\/td>\n<td style=\"width: 50%; height: 27px;\">\u00c0 venir<\/td>\n<\/tr>\n<\/tbody>\n<\/table>\n<p><span style=\"font-size: 16pt;\">*\u00a0Les prix incluent les taxes.<\/span><\/p>                <\/div>\n            <\/div>\n        <\/div>\n    <\/div>\n<\/div>\n[\/vc_column][\/vc_row]<\/p>\n<\/div>","protected":false},"excerpt":{"rendered":"<p>[vc_row full_width=&#8221;stretch_row_content_no_spaces&#8221;][vc_column][\/vc_column][\/vc_row][vc_row][vc_column][\/vc_column][\/vc_row][vc_row disable_element=&#8221;yes&#8221;][vc_column][\/vc_column][\/vc_row][vc_row full_width=&#8221;stretch_row_content_no_spaces&#8221; disable_element=&#8221;yes&#8221;][vc_column][\/vc_column][\/vc_row]<\/p>\n","protected":false},"author":2,"featured_media":0,"parent":0,"menu_order":0,"comment_status":"closed","ping_status":"closed","template":"","meta":{"_acf_changed":false,"inline_featured_image":false,"footnotes":""},"class_list":["post-1810","page","type-page","status-publish","hentry"],"acf":[],"yoast_head":"<!-- This site is optimized with the Yoast SEO plugin v25.3.1 - https:\/\/yoast.com\/wordpress\/plugins\/seo\/ -->\n<title>Become a member | Mont-Saint-Pierre<\/title>\n<meta name=\"description\" content=\"La page parfaite pour retrouver toutes les activit\u00e9s possibles \u00e0 faire \u00e0 Mont-Saint-Pierre. Qu\u2019allez-vous faire aujourd\u2019hui?\" \/>\n<meta name=\"robots\" content=\"index, follow, max-snippet:-1, max-image-preview:large, max-video-preview:-1\" \/>\n<link rel=\"canonical\" href=\"https:\/\/montsaintpierre.ca\/en\/become-a-member\/\" \/>\n<meta property=\"og:locale\" content=\"en_US\" \/>\n<meta property=\"og:type\" content=\"article\" \/>\n<meta property=\"og:title\" content=\"Become a member | Mont-Saint-Pierre\" \/>\n<meta property=\"og:description\" content=\"La page parfaite pour retrouver toutes les activit\u00e9s possibles \u00e0 faire \u00e0 Mont-Saint-Pierre. Qu\u2019allez-vous faire aujourd\u2019hui?\" \/>\n<meta property=\"og:url\" content=\"https:\/\/montsaintpierre.ca\/en\/become-a-member\/\" \/>\n<meta property=\"og:site_name\" content=\"Mont-Saint-Pierre\" \/>\n<meta property=\"article:modified_time\" content=\"2024-05-14T14:32:01+00:00\" \/>\n<meta property=\"og:image\" content=\"https:\/\/mont-saint-pierre.s3.bhs.io.cloud.ovh.net\/2024\/02\/entete-du-tourisme-autrement.jpg\" \/>\n\t<meta property=\"og:image:width\" content=\"2160\" \/>\n\t<meta property=\"og:image:height\" content=\"1438\" \/>\n\t<meta property=\"og:image:type\" content=\"image\/jpeg\" \/>\n<meta name=\"twitter:card\" content=\"summary_large_image\" \/>\n<meta name=\"twitter:label1\" content=\"Est. reading time\" \/>\n\t<meta name=\"twitter:data1\" content=\"3 minutes\" \/>\n<script type=\"application\/ld+json\" class=\"yoast-schema-graph\">{\"@context\":\"https:\/\/schema.org\",\"@graph\":[{\"@type\":\"WebPage\",\"@id\":\"https:\/\/montsaintpierre.ca\/en\/become-a-member\/\",\"url\":\"https:\/\/montsaintpierre.ca\/en\/become-a-member\/\",\"name\":\"Become a member | Mont-Saint-Pierre\",\"isPartOf\":{\"@id\":\"https:\/\/montsaintpierre.ca\/en\/#website\"},\"datePublished\":\"2024-01-30T18:56:06+00:00\",\"dateModified\":\"2024-05-14T14:32:01+00:00\",\"description\":\"La page parfaite pour retrouver toutes les activit\u00e9s possibles \u00e0 faire \u00e0 Mont-Saint-Pierre. Qu\u2019allez-vous faire aujourd\u2019hui?\",\"breadcrumb\":{\"@id\":\"https:\/\/montsaintpierre.ca\/en\/become-a-member\/#breadcrumb\"},\"inLanguage\":\"en-US\",\"potentialAction\":[{\"@type\":\"ReadAction\",\"target\":[\"https:\/\/montsaintpierre.ca\/en\/become-a-member\/\"]}]},{\"@type\":\"BreadcrumbList\",\"@id\":\"https:\/\/montsaintpierre.ca\/en\/become-a-member\/#breadcrumb\",\"itemListElement\":[{\"@type\":\"ListItem\",\"position\":1,\"name\":\"Home\",\"item\":\"https:\/\/montsaintpierre.ca\/en\/\"},{\"@type\":\"ListItem\",\"position\":2,\"name\":\"Become a member\"}]},{\"@type\":\"WebSite\",\"@id\":\"https:\/\/montsaintpierre.ca\/en\/#website\",\"url\":\"https:\/\/montsaintpierre.ca\/en\/\",\"name\":\"Mont-Saint-Pierre\",\"description\":\"Station de montagne sur mer\",\"alternateName\":\"MSP\",\"potentialAction\":[{\"@type\":\"SearchAction\",\"target\":{\"@type\":\"EntryPoint\",\"urlTemplate\":\"https:\/\/montsaintpierre.ca\/en\/?s={search_term_string}\"},\"query-input\":{\"@type\":\"PropertyValueSpecification\",\"valueRequired\":true,\"valueName\":\"search_term_string\"}}],\"inLanguage\":\"en-US\"}]}<\/script>\n<!-- \/ Yoast SEO plugin. -->","yoast_head_json":{"title":"Become a member | Mont-Saint-Pierre","description":"La page parfaite pour retrouver toutes les activit\u00e9s possibles \u00e0 faire \u00e0 Mont-Saint-Pierre. Qu\u2019allez-vous faire aujourd\u2019hui?","robots":{"index":"index","follow":"follow","max-snippet":"max-snippet:-1","max-image-preview":"max-image-preview:large","max-video-preview":"max-video-preview:-1"},"canonical":"https:\/\/montsaintpierre.ca\/en\/become-a-member\/","og_locale":"en_US","og_type":"article","og_title":"Become a member | Mont-Saint-Pierre","og_description":"La page parfaite pour retrouver toutes les activit\u00e9s possibles \u00e0 faire \u00e0 Mont-Saint-Pierre. Qu\u2019allez-vous faire aujourd\u2019hui?","og_url":"https:\/\/montsaintpierre.ca\/en\/become-a-member\/","og_site_name":"Mont-Saint-Pierre","article_modified_time":"2024-05-14T14:32:01+00:00","og_image":[{"width":2160,"height":1438,"url":"https:\/\/mont-saint-pierre.s3.bhs.io.cloud.ovh.net\/2024\/02\/entete-du-tourisme-autrement.jpg","type":"image\/jpeg"}],"twitter_card":"summary_large_image","twitter_misc":{"Est. reading time":"3 minutes"},"schema":{"@context":"https:\/\/schema.org","@graph":[{"@type":"WebPage","@id":"https:\/\/montsaintpierre.ca\/en\/become-a-member\/","url":"https:\/\/montsaintpierre.ca\/en\/become-a-member\/","name":"Become a member | Mont-Saint-Pierre","isPartOf":{"@id":"https:\/\/montsaintpierre.ca\/en\/#website"},"datePublished":"2024-01-30T18:56:06+00:00","dateModified":"2024-05-14T14:32:01+00:00","description":"La page parfaite pour retrouver toutes les activit\u00e9s possibles \u00e0 faire \u00e0 Mont-Saint-Pierre. Qu\u2019allez-vous faire aujourd\u2019hui?","breadcrumb":{"@id":"https:\/\/montsaintpierre.ca\/en\/become-a-member\/#breadcrumb"},"inLanguage":"en-US","potentialAction":[{"@type":"ReadAction","target":["https:\/\/montsaintpierre.ca\/en\/become-a-member\/"]}]},{"@type":"BreadcrumbList","@id":"https:\/\/montsaintpierre.ca\/en\/become-a-member\/#breadcrumb","itemListElement":[{"@type":"ListItem","position":1,"name":"Home","item":"https:\/\/montsaintpierre.ca\/en\/"},{"@type":"ListItem","position":2,"name":"Become a member"}]},{"@type":"WebSite","@id":"https:\/\/montsaintpierre.ca\/en\/#website","url":"https:\/\/montsaintpierre.ca\/en\/","name":"Mont-Saint-Pierre","description":"Station de montagne sur mer","alternateName":"MSP","potentialAction":[{"@type":"SearchAction","target":{"@type":"EntryPoint","urlTemplate":"https:\/\/montsaintpierre.ca\/en\/?s={search_term_string}"},"query-input":{"@type":"PropertyValueSpecification","valueRequired":true,"valueName":"search_term_string"}}],"inLanguage":"en-US"}]}},"_links":{"self":[{"href":"https:\/\/montsaintpierre.ca\/en\/wp-json\/wp\/v2\/pages\/1810","targetHints":{"allow":["GET"]}}],"collection":[{"href":"https:\/\/montsaintpierre.ca\/en\/wp-json\/wp\/v2\/pages"}],"about":[{"href":"https:\/\/montsaintpierre.ca\/en\/wp-json\/wp\/v2\/types\/page"}],"author":[{"embeddable":true,"href":"https:\/\/montsaintpierre.ca\/en\/wp-json\/wp\/v2\/users\/2"}],"replies":[{"embeddable":true,"href":"https:\/\/montsaintpierre.ca\/en\/wp-json\/wp\/v2\/comments?post=1810"}],"version-history":[{"count":1,"href":"https:\/\/montsaintpierre.ca\/en\/wp-json\/wp\/v2\/pages\/1810\/revisions"}],"predecessor-version":[{"id":1811,"href":"https:\/\/montsaintpierre.ca\/en\/wp-json\/wp\/v2\/pages\/1810\/revisions\/1811"}],"wp:attachment":[{"href":"https:\/\/montsaintpierre.ca\/en\/wp-json\/wp\/v2\/media?parent=1810"}],"curies":[{"name":"wp","href":"https:\/\/api.w.org\/{rel}","templated":true}]}}