{"id":1805,"date":"2024-01-12T08:56:50","date_gmt":"2024-01-12T13:56:50","guid":{"rendered":"https:\/\/montsaintpierre.ca\/carriere\/"},"modified":"2024-05-14T10:24:17","modified_gmt":"2024-05-14T14:24:17","slug":"join-our-team","status":"publish","type":"page","link":"https:\/\/montsaintpierre.ca\/en\/join-our-team\/","title":{"rendered":"Join our team!"},"content":{"rendered":"<div class=\"wpb-content-wrapper\"><p>[vc_row full_width=&#8221;stretch_row_content_no_spaces&#8221;][vc_column]<div class=\"henri-vc-module module-header \">\n\n    <div class=\"header\">\n        <div class=\"image-title-wrapper\">\n\n                            <div class=\"image\">\n                    <img decoding=\"async\" alt=\"image header - image en-tete\" src=\"https:\/\/mont-saint-pierre.s3.bhs.io.cloud.ovh.net\/2024\/01\/csmsp-1-scaled.jpg\">\n\n                                    <\/div>\n            \n            <div class=\"container-xl\">\n\n                <div class=\"row\">\n                    <div class=\"col-12\">\n                        <div class=\"title-and-btn \">\n                            <h1 class=\"color-inverse\">Great timing! We\u2019re looking for someone like you!<\/h1>\n\n                                                    <\/div>\n                        \n                    <\/div>\n                <\/div>\n            <\/div>\n        <\/div>\n        <div class=\"container-xl\">\n            <div class=\"row\">\n                <div class=\"col-12\">\n                    <div class=\"subtitle\">\n                        <h2 class=\"color-inverse\"><\/h2>\n                    <\/div>\n                    <div class=\"text\">\n                        <p class=\"color-inverse\"><\/p>\n                    <\/div>\n                <\/div>\n            <\/div>\n        <\/div>\n        <div class=\"bottom-section-wrapper\">\n            <div class=\"container-xl\">\n                <div class=\"row\">\n                    <div class=\"col-12\">\n                        <div class=\"bottom-section-content \">\n                            <div class=\"chapeau\">\n                                <p class=\"color-inverse\"><\/p>\n                            <\/div>\n\n                                                    <\/div>\n                    <\/div>\n                <\/div>\n            <\/div>\n        <\/div>\n    <\/div>\n<\/div>\n[\/vc_column][\/vc_row][vc_row full_width=&#8221;stretch_row_content_no_spaces&#8221;][vc_column]<div class=\"henri-vc-module module-image-fond  space-bottom \">\n    <div class=\"background\" style=\"background-image:url(https:\/\/mont-saint-pierre.s3.bhs.io.cloud.ovh.net\/2024\/01\/img-2822-scaled.jpg)\"><\/div>\n    <div class=\"container-xl\">\n        <div class=\"row\">\n            <div class=\"col-12 col-xl-10\">\n                <h2 class=\"color-inverse\"><\/h2>\n\n                                    <div class=\"content color-inverse\">\n                        <\/p>\n<p align=\"left\"><strong>Help us kick off the 2024\u00a0season!<\/strong><\/p>\n<p style=\"font-weight: 400;\">At Station de montagne sur mer de Mont-Saint-Pierre, we pride ourselves on doing tourism differently and offering exciting jobs in the region!<\/p>\n<p><strong>Let Mont-Saint-Pierre charm you. Take a look at our job opportunities:<\/strong><\/p>\n<p><a href=\"https:\/\/montsaintpierre.ca\/carriere\/gestionnaire-dexperience\/\" target=\"_blank\" rel=\"noopener\">Event and activity manager \u2013 Terrasse les Vagues<\/a><\/p>\n<p><a href=\"https:\/\/montsaintpierre.ca\/carriere\/serveur-euse-et-aide-de-cuisine\/\" target=\"_blank\" rel=\"noopener\">Gestionnaire d&#8217;exp\u00e9rience &#8211; Terrasse les vagues<\/a><\/p>\n<p><a href=\"https:\/\/montsaintpierre.ca\/carriere\/responsable-media-sociaux\/\" target=\"_blank\" rel=\"noopener\">Service and maintenance manager<\/a><\/p>\n<p><a href=\"https:\/\/montsaintpierre.ca\/carriere\/conducteur-trice-de-navette\/\" target=\"_blank\" rel=\"noopener\">Event and activity manager \u2013 Shuttle bus driver<\/a><\/p>\n<p>&nbsp;<\/p>\n<p>Send your resume to <a href=\"mailto:dg.csmsp@montsaintpierre.ca\">dg.csmsp@montsaintpierre.ca<\/a><\/p>\n<p>&nbsp;<\/p>\n<p><strong>JOINING OUR TEAM MEANS:<\/strong><\/p>\n<p><strong>A flexible schedule<\/strong><br \/>\nYou\u2019ll also have freedom in your schedule. We want to help you balance work with your personal activities.<\/p>\n<p><strong>Help finding your home<\/strong><br \/>\nWould you like to stay in one of Station de montagne sur mer\u2019s accommodations facing the river?<\/p>\n<p><strong>Great training<\/strong><br \/>\nYou don\u2019t need to have all the qualifications. Most of all, we\u2019re looking for someone who is motivated by the project and who loves the region.<\/p>\n<p><strong>Revitalizing Mont-Saint-Pierre<\/strong><br \/>\nWorking for Station de montagne sur mer de Mont-Saint-Pierre helps make our village one of the most popular places in Gasp\u00e9sie. You can help us move forward.<\/p>                    <\/div>\n                \n\n                            <\/div>\n        <\/div>\n    <\/div>\n<\/div>\n[\/vc_column][\/vc_row][vc_row][vc_column]<div class=\"henri-vc-module module-texte-avec-image \">\n    <div class=\"container-xl\">\n\n        \n        \n        \n\n        \n            <div class=\"row image-droite\">\n                <div class=\"col-12 col-lg-5\">\n                    <h2>Interested in working for Station de montagne sur mer de Mont-Saint-Pierre? For starters, the scenery is stunning.<\/h2>\n                    <div class=\"content\">\n                        <\/p>\n<p align=\"left\">Facing the river, with the forest behind and the mountain as a neighbour, you\u2019ll find absolute peace and quiet, salty air and friendly people aplenty. If you\u2019re looking for space and nature, you\u2019ll find it here, and much more!<\/p>\n                    <\/div>\n                                    <\/div>\n                <div class=\"col-12 col-lg-7\">\n                    <div class=\"image-background-wrapper design-1\">\n                        <div class=\"background\">\n                            <img decoding=\"async\" alt=\"image background\" src=\"https:\/\/montsaintpierre.ca\/wp-content\/themes\/henri\/_assets\/images\/formes-design-1.svg\">\n                        <\/div>\n                        <div class=\"image\">\n                                                            <img decoding=\"async\" alt=\"image\" src=\"https:\/\/mont-saint-pierre.s3.bhs.io.cloud.ovh.net\/2024\/01\/img-6278-scaled.jpg\">\n                                                    <\/div>\n                    <\/div>\n                <\/div>\n            <\/div>\n        \n    <\/div>\n<\/div>\n[\/vc_column][\/vc_row][vc_row disable_element=&#8221;yes&#8221;][vc_column]<div class=\"henri-vc-module module-texte-avec-image \">\n    <div class=\"container-xl\">\n\n        \n        \n        \n\n                    <div class=\"row image-gauche\">\n                <div class=\"col-12 col-lg-7\">\n                    <div class=\"image-background-wrapper design-2\">\n                        <div class=\"background\">\n                            <img decoding=\"async\" alt=\"image background\" src=\"https:\/\/montsaintpierre.ca\/wp-content\/themes\/henri\/_assets\/images\/formes-design-2.svg\">\n                        <\/div>\n                        <div class=\"image\">\n                                                            <img decoding=\"async\" alt=\"image\" src=\"https:\/\/mont-saint-pierre.s3.bhs.io.cloud.ovh.net\/2023\/11\/image-test.jpg\">\n                                                    <\/div>\n                    <\/div>\n                <\/div>\n                <div class=\"col-12 col-lg-5\">\n                    <h2>\u00c7a tombe bien, on cherche quelqu\u2019un comme\u2026<\/h2>\n                    <div class=\"content\">\n                                            <\/div>\n                                    <\/div>\n            <\/div>\n\n        \n    <\/div>\n<\/div>\n[\/vc_column][\/vc_row][vc_row disable_element=&#8221;yes&#8221;][vc_column]<div class=\"henri-vc-module module-texte-avec-image \">\n    <div class=\"container-xl\">\n\n        \n        \n        \n\n        \n            <div class=\"row image-droite\">\n                <div class=\"col-12 col-lg-5\">\n                    <h2>Il n\u2019y a pas de poste, mais je tente le coup quand m\u00eame<\/h2>\n                    <div class=\"content\">\n                        <p><span data-sheets-root=\"1\" data-sheets-value=\"{&quot;1&quot;:2,&quot;2&quot;:&quot;Vous \u00eates int\u00e9ress\u00e9, int\u00e9ress\u00e9e \u00e0 travailler pour la Station de montagne sur mer de Mont-Saint-Pierre? Nous vous aimons d\u00e9j\u00e0. Entrez en contact avec nous d\u00e8s maintenant par courriel : info@montsaintpierre.ca \u00c0 plus!&quot;}\" data-sheets-userformat=\"{&quot;2&quot;:4995,&quot;3&quot;:{&quot;1&quot;:0},&quot;4&quot;:{&quot;1&quot;:2,&quot;2&quot;:15724527},&quot;10&quot;:2,&quot;11&quot;:4,&quot;12&quot;:0,&quot;15&quot;:&quot;Arial&quot;}\">Vous \u00eates int\u00e9ress\u00e9.e \u00e0 travailler pour la Station de montagne sur mer de Mont-Saint-Pierre? Nous vous aimons d\u00e9j\u00e0.<\/span><\/p>\n<p>Entrez en contact avec nous d\u00e8s maintenant par courriel : <a href=\"mailto:info@montsaintpierre.ca\">info@montsaintpierre.ca<\/a><\/p>\n<p>\u00c0 plus!<\/p>                    <\/div>\n                                    <\/div>\n                <div class=\"col-12 col-lg-7\">\n                    <div class=\"image-background-wrapper design-3\">\n                        <div class=\"background\">\n                            <img decoding=\"async\" alt=\"image background\" src=\"https:\/\/montsaintpierre.ca\/wp-content\/themes\/henri\/_assets\/images\/formes-design-3.svg\">\n                        <\/div>\n                        <div class=\"image\">\n                                                            <img decoding=\"async\" alt=\"image\" src=\"https:\/\/mont-saint-pierre.s3.bhs.io.cloud.ovh.net\/2023\/11\/image-test.jpg\">\n                                                    <\/div>\n                    <\/div>\n                <\/div>\n            <\/div>\n        \n    <\/div>\n<\/div>\n[\/vc_column][\/vc_row]<\/p>\n<\/div>","protected":false},"excerpt":{"rendered":"<p>[vc_row full_width=&#8221;stretch_row_content_no_spaces&#8221;][vc_column][\/vc_column][\/vc_row][vc_row full_width=&#8221;stretch_row_content_no_spaces&#8221;][vc_column][\/vc_column][\/vc_row][vc_row][vc_column][\/vc_column][\/vc_row][vc_row disable_element=&#8221;yes&#8221;][vc_column][\/vc_column][\/vc_row][vc_row disable_element=&#8221;yes&#8221;][vc_column][\/vc_column][\/vc_row]<\/p>\n","protected":false},"author":1,"featured_media":0,"parent":0,"menu_order":0,"comment_status":"closed","ping_status":"closed","template":"","meta":{"_acf_changed":false,"inline_featured_image":false,"footnotes":""},"class_list":["post-1805","page","type-page","status-publish","hentry"],"acf":[],"yoast_head":"<!-- This site is optimized with the Yoast SEO plugin v25.3.1 - https:\/\/yoast.com\/wordpress\/plugins\/seo\/ -->\n<title>Join our team! | Mont-Saint-Pierre<\/title>\n<meta name=\"description\" content=\"Visitez Mont-Saint-Pierre, \u00e7a pourrait aussi vous donner le go\u00fbt d&#039;y travailler. Qui sait, il y a peut-\u00eatre un poste de libre pour vous?\" \/>\n<meta name=\"robots\" content=\"index, follow, max-snippet:-1, max-image-preview:large, max-video-preview:-1\" \/>\n<link rel=\"canonical\" href=\"https:\/\/montsaintpierre.ca\/en\/join-our-team\/\" \/>\n<meta property=\"og:locale\" content=\"en_US\" \/>\n<meta property=\"og:type\" content=\"article\" \/>\n<meta property=\"og:title\" content=\"Join our team! | Mont-Saint-Pierre\" \/>\n<meta property=\"og:description\" content=\"Visitez Mont-Saint-Pierre, \u00e7a pourrait aussi vous donner le go\u00fbt d&#039;y travailler. Qui sait, il y a peut-\u00eatre un poste de libre pour vous?\" \/>\n<meta property=\"og:url\" content=\"https:\/\/montsaintpierre.ca\/en\/join-our-team\/\" \/>\n<meta property=\"og:site_name\" content=\"Mont-Saint-Pierre\" \/>\n<meta property=\"article:modified_time\" content=\"2024-05-14T14:24:17+00:00\" \/>\n<meta property=\"og:image\" content=\"https:\/\/mont-saint-pierre.s3.bhs.io.cloud.ovh.net\/2024\/02\/entete-du-tourisme-autrement.jpg\" \/>\n\t<meta property=\"og:image:width\" content=\"2160\" \/>\n\t<meta property=\"og:image:height\" content=\"1438\" \/>\n\t<meta property=\"og:image:type\" content=\"image\/jpeg\" \/>\n<meta name=\"twitter:card\" content=\"summary_large_image\" \/>\n<meta name=\"twitter:label1\" content=\"Est. reading time\" \/>\n\t<meta name=\"twitter:data1\" content=\"3 minutes\" \/>\n<script type=\"application\/ld+json\" class=\"yoast-schema-graph\">{\"@context\":\"https:\/\/schema.org\",\"@graph\":[{\"@type\":\"WebPage\",\"@id\":\"https:\/\/montsaintpierre.ca\/en\/join-our-team\/\",\"url\":\"https:\/\/montsaintpierre.ca\/en\/join-our-team\/\",\"name\":\"Join our team! | Mont-Saint-Pierre\",\"isPartOf\":{\"@id\":\"https:\/\/montsaintpierre.ca\/en\/#website\"},\"datePublished\":\"2024-01-12T13:56:50+00:00\",\"dateModified\":\"2024-05-14T14:24:17+00:00\",\"description\":\"Visitez Mont-Saint-Pierre, \u00e7a pourrait aussi vous donner le go\u00fbt d'y travailler. Qui sait, il y a peut-\u00eatre un poste de libre pour vous?\",\"breadcrumb\":{\"@id\":\"https:\/\/montsaintpierre.ca\/en\/join-our-team\/#breadcrumb\"},\"inLanguage\":\"en-US\",\"potentialAction\":[{\"@type\":\"ReadAction\",\"target\":[\"https:\/\/montsaintpierre.ca\/en\/join-our-team\/\"]}]},{\"@type\":\"BreadcrumbList\",\"@id\":\"https:\/\/montsaintpierre.ca\/en\/join-our-team\/#breadcrumb\",\"itemListElement\":[{\"@type\":\"ListItem\",\"position\":1,\"name\":\"Home\",\"item\":\"https:\/\/montsaintpierre.ca\/en\/\"},{\"@type\":\"ListItem\",\"position\":2,\"name\":\"Join our team!\"}]},{\"@type\":\"WebSite\",\"@id\":\"https:\/\/montsaintpierre.ca\/en\/#website\",\"url\":\"https:\/\/montsaintpierre.ca\/en\/\",\"name\":\"Mont-Saint-Pierre\",\"description\":\"Station de montagne sur mer\",\"alternateName\":\"MSP\",\"potentialAction\":[{\"@type\":\"SearchAction\",\"target\":{\"@type\":\"EntryPoint\",\"urlTemplate\":\"https:\/\/montsaintpierre.ca\/en\/?s={search_term_string}\"},\"query-input\":{\"@type\":\"PropertyValueSpecification\",\"valueRequired\":true,\"valueName\":\"search_term_string\"}}],\"inLanguage\":\"en-US\"}]}<\/script>\n<!-- \/ Yoast SEO plugin. -->","yoast_head_json":{"title":"Join our team! | Mont-Saint-Pierre","description":"Visitez Mont-Saint-Pierre, \u00e7a pourrait aussi vous donner le go\u00fbt d'y travailler. Qui sait, il y a peut-\u00eatre un poste de libre pour vous?","robots":{"index":"index","follow":"follow","max-snippet":"max-snippet:-1","max-image-preview":"max-image-preview:large","max-video-preview":"max-video-preview:-1"},"canonical":"https:\/\/montsaintpierre.ca\/en\/join-our-team\/","og_locale":"en_US","og_type":"article","og_title":"Join our team! | Mont-Saint-Pierre","og_description":"Visitez Mont-Saint-Pierre, \u00e7a pourrait aussi vous donner le go\u00fbt d'y travailler. Qui sait, il y a peut-\u00eatre un poste de libre pour vous?","og_url":"https:\/\/montsaintpierre.ca\/en\/join-our-team\/","og_site_name":"Mont-Saint-Pierre","article_modified_time":"2024-05-14T14:24:17+00:00","og_image":[{"width":2160,"height":1438,"url":"https:\/\/mont-saint-pierre.s3.bhs.io.cloud.ovh.net\/2024\/02\/entete-du-tourisme-autrement.jpg","type":"image\/jpeg"}],"twitter_card":"summary_large_image","twitter_misc":{"Est. reading time":"3 minutes"},"schema":{"@context":"https:\/\/schema.org","@graph":[{"@type":"WebPage","@id":"https:\/\/montsaintpierre.ca\/en\/join-our-team\/","url":"https:\/\/montsaintpierre.ca\/en\/join-our-team\/","name":"Join our team! | Mont-Saint-Pierre","isPartOf":{"@id":"https:\/\/montsaintpierre.ca\/en\/#website"},"datePublished":"2024-01-12T13:56:50+00:00","dateModified":"2024-05-14T14:24:17+00:00","description":"Visitez Mont-Saint-Pierre, \u00e7a pourrait aussi vous donner le go\u00fbt d'y travailler. Qui sait, il y a peut-\u00eatre un poste de libre pour vous?","breadcrumb":{"@id":"https:\/\/montsaintpierre.ca\/en\/join-our-team\/#breadcrumb"},"inLanguage":"en-US","potentialAction":[{"@type":"ReadAction","target":["https:\/\/montsaintpierre.ca\/en\/join-our-team\/"]}]},{"@type":"BreadcrumbList","@id":"https:\/\/montsaintpierre.ca\/en\/join-our-team\/#breadcrumb","itemListElement":[{"@type":"ListItem","position":1,"name":"Home","item":"https:\/\/montsaintpierre.ca\/en\/"},{"@type":"ListItem","position":2,"name":"Join our team!"}]},{"@type":"WebSite","@id":"https:\/\/montsaintpierre.ca\/en\/#website","url":"https:\/\/montsaintpierre.ca\/en\/","name":"Mont-Saint-Pierre","description":"Station de montagne sur mer","alternateName":"MSP","potentialAction":[{"@type":"SearchAction","target":{"@type":"EntryPoint","urlTemplate":"https:\/\/montsaintpierre.ca\/en\/?s={search_term_string}"},"query-input":{"@type":"PropertyValueSpecification","valueRequired":true,"valueName":"search_term_string"}}],"inLanguage":"en-US"}]}},"_links":{"self":[{"href":"https:\/\/montsaintpierre.ca\/en\/wp-json\/wp\/v2\/pages\/1805","targetHints":{"allow":["GET"]}}],"collection":[{"href":"https:\/\/montsaintpierre.ca\/en\/wp-json\/wp\/v2\/pages"}],"about":[{"href":"https:\/\/montsaintpierre.ca\/en\/wp-json\/wp\/v2\/types\/page"}],"author":[{"embeddable":true,"href":"https:\/\/montsaintpierre.ca\/en\/wp-json\/wp\/v2\/users\/1"}],"replies":[{"embeddable":true,"href":"https:\/\/montsaintpierre.ca\/en\/wp-json\/wp\/v2\/comments?post=1805"}],"version-history":[{"count":2,"href":"https:\/\/montsaintpierre.ca\/en\/wp-json\/wp\/v2\/pages\/1805\/revisions"}],"predecessor-version":[{"id":1807,"href":"https:\/\/montsaintpierre.ca\/en\/wp-json\/wp\/v2\/pages\/1805\/revisions\/1807"}],"wp:attachment":[{"href":"https:\/\/montsaintpierre.ca\/en\/wp-json\/wp\/v2\/media?parent=1805"}],"curies":[{"name":"wp","href":"https:\/\/api.w.org\/{rel}","templated":true}]}}