{"id":1801,"date":"2024-01-12T08:35:30","date_gmt":"2024-01-12T13:35:30","guid":{"rendered":"https:\/\/montsaintpierre.ca\/politique-de-mobilite\/"},"modified":"2024-05-14T10:03:41","modified_gmt":"2024-05-14T14:03:41","slug":"expanding-our-playground","status":"publish","type":"page","link":"https:\/\/montsaintpierre.ca\/en\/expanding-our-playground\/","title":{"rendered":"Expanding our playground"},"content":{"rendered":"<div class=\"wpb-content-wrapper\"><p>[vc_row full_width=&#8221;stretch_row_content_no_spaces&#8221;][vc_column]<div class=\"henri-vc-module module-header \">\n\n    <div class=\"header\">\n        <div class=\"image-title-wrapper\">\n\n                            <div class=\"image\">\n                    <img decoding=\"async\" alt=\"image header - image en-tete\" src=\"https:\/\/mont-saint-pierre.s3.bhs.io.cloud.ovh.net\/2024\/01\/img-6206-scaled.jpg\">\n\n                                    <\/div>\n            \n            <div class=\"container-xl\">\n\n                <div class=\"row\">\n                    <div class=\"col-12\">\n                        <div class=\"title-and-btn \">\n                            <h1 class=\"color-inverse\">Expanding our playground<\/h1>\n\n                                                    <\/div>\n                        \n                    <\/div>\n                <\/div>\n            <\/div>\n        <\/div>\n        <div class=\"container-xl\">\n            <div class=\"row\">\n                <div class=\"col-12\">\n                    <div class=\"subtitle\">\n                        <h2 class=\"color-inverse\"><\/h2>\n                    <\/div>\n                    <div class=\"text\">\n                        <p class=\"color-inverse\"><\/p>\n                    <\/div>\n                <\/div>\n            <\/div>\n        <\/div>\n        <div class=\"bottom-section-wrapper\">\n            <div class=\"container-xl\">\n                <div class=\"row\">\n                    <div class=\"col-12\">\n                        <div class=\"bottom-section-content \">\n                            <div class=\"chapeau\">\n                                <p class=\"color-inverse\">We have already upgraded two hiking trails. The next step consists of expanding our outdoor offerings throughout the backcountry.<\/p>\n                            <\/div>\n\n                                                    <\/div>\n                    <\/div>\n                <\/div>\n            <\/div>\n        <\/div>\n    <\/div>\n<\/div>\n[\/vc_column][\/vc_row][vc_row][vc_column][vc_column_text css=&#8221;.vc_custom_1715695375998{margin-bottom: 0px !important;padding-right: 20px !important;padding-bottom: 0px !important;padding-left: 20px !important;}&#8221;]Mont-Saint-Pierre is without a doubt one of Quebec\u2019s best outdoor destinations. Our Mobility Policy is a two-step plan to redevelop our existing facilities (by making them accessible to all) and expand our offering of outdoor activities.[\/vc_column_text]<div class=\"henri-vc-module module-texte-avec-image \">\n    <div class=\"container-xl\">\n\n        \n        \n        \n\n        \n            <div class=\"row image-droite\">\n                <div class=\"col-12 col-lg-5\">\n                    <h2><\/h2>\n                    <div class=\"content\">\n                        <p>The first step involved deciding what to do with the Delta Trail (leading to the summit of Mont Saint-Pierre). In the past, this trail was so challenging that people preferred to take the gravel road. After reflection, we decided to reroute it to the south. Then, to make the ridge section safer and more accessible, we built a huge wooden staircase. The Lynx Trail also received meaningful additions. Interpretative panels (linked to the show Odyss\u00e9e, la face cach\u00e9e du mont Saint-Pierre presented at the Observation Deck) were installed along the trail, which takes hikers to the Mont Fran\u00e7ois-Bern\u00e8che viewpoint and provides access to the most beautiful view of Mont Saint-Pierre as well as an exceptional perspective over the glacial valley.<\/p>\n<p>The second step of the project involves developing or upgrading hiking, mountain biking and backcountry skiing trails around Mont-Saint-Pierre over the next few years. It is our dream to help people discover this region and its breathtaking panorama.<\/p>                    <\/div>\n                                            <a class=\"link-arrow blue-arrow-orange-bg\" href=\"https:\/\/montsaintpierre.ca\/charte-du-visiteur-de-la-visiteuse\/\" title=\"Charte du visiteur, de la visiteuse\" target=\"\">Help us protect Mont-Saint-Pierre.<\/a>\n                                    <\/div>\n                <div class=\"col-12 col-lg-7\">\n                    <div class=\"image-background-wrapper design-1\">\n                        <div class=\"background\">\n                            <img decoding=\"async\" alt=\"image background\" src=\"https:\/\/montsaintpierre.ca\/wp-content\/themes\/henri\/_assets\/images\/formes-design-1.svg\">\n                        <\/div>\n                        <div class=\"image\">\n                                                            <img decoding=\"async\" alt=\"image\" src=\"https:\/\/mont-saint-pierre.s3.bhs.io.cloud.ovh.net\/2024\/01\/img-5325-1-scaled.jpg\">\n                                                    <\/div>\n                    <\/div>\n                <\/div>\n            <\/div>\n        \n    <\/div>\n<\/div>\n[\/vc_column][\/vc_row]<\/p>\n<\/div>","protected":false},"excerpt":{"rendered":"<p>[vc_row full_width=&#8221;stretch_row_content_no_spaces&#8221;][vc_column][\/vc_column][\/vc_row][vc_row][vc_column][vc_column_text css=&#8221;.vc_custom_1715695375998{margin-bottom: 0px !important;padding-right: 20px !important;padding-bottom: 0px !important;padding-left: 20px !important;}&#8221;]Mont-Saint-Pierre is without a doubt one of Quebec\u2019s best outdoor destinations. Our Mobility Policy is a two-step plan to redevelop our existing facilities (by making them accessible to all) and expand our offering of outdoor activities.[\/vc_column_text][\/vc_column][\/vc_row]<\/p>\n","protected":false},"author":1,"featured_media":0,"parent":0,"menu_order":0,"comment_status":"closed","ping_status":"closed","template":"","meta":{"_acf_changed":false,"inline_featured_image":false,"footnotes":""},"class_list":["post-1801","page","type-page","status-publish","hentry"],"acf":[],"yoast_head":"<!-- This site is optimized with the Yoast SEO plugin v25.3.1 - https:\/\/yoast.com\/wordpress\/plugins\/seo\/ -->\n<title>Expanding our playground | Mont-Saint-Pierre<\/title>\n<meta name=\"description\" content=\"Apr\u00e8s avoir r\u00e9am\u00e9nag\u00e9 deux sentiers de randonn\u00e9e, la prochaine \u00e9tape vise \u00e0 d\u00e9velopper notre offre de plein air, jusque dans l\u2019arri\u00e8re-pays.\" \/>\n<meta name=\"robots\" content=\"index, follow, max-snippet:-1, max-image-preview:large, max-video-preview:-1\" \/>\n<link rel=\"canonical\" href=\"https:\/\/montsaintpierre.ca\/en\/expanding-our-playground\/\" \/>\n<meta property=\"og:locale\" content=\"en_US\" \/>\n<meta property=\"og:type\" content=\"article\" \/>\n<meta property=\"og:title\" content=\"Expanding our playground | Mont-Saint-Pierre\" \/>\n<meta property=\"og:description\" content=\"Apr\u00e8s avoir r\u00e9am\u00e9nag\u00e9 deux sentiers de randonn\u00e9e, la prochaine \u00e9tape vise \u00e0 d\u00e9velopper notre offre de plein air, jusque dans l\u2019arri\u00e8re-pays.\" \/>\n<meta property=\"og:url\" content=\"https:\/\/montsaintpierre.ca\/en\/expanding-our-playground\/\" \/>\n<meta property=\"og:site_name\" content=\"Mont-Saint-Pierre\" \/>\n<meta property=\"article:modified_time\" content=\"2024-05-14T14:03:41+00:00\" \/>\n<meta property=\"og:image\" content=\"https:\/\/mont-saint-pierre.s3.bhs.io.cloud.ovh.net\/2024\/02\/entete-du-tourisme-autrement.jpg\" \/>\n\t<meta property=\"og:image:width\" content=\"2160\" \/>\n\t<meta property=\"og:image:height\" content=\"1438\" \/>\n\t<meta property=\"og:image:type\" content=\"image\/jpeg\" \/>\n<meta name=\"twitter:card\" content=\"summary_large_image\" \/>\n<meta name=\"twitter:label1\" content=\"Est. reading time\" \/>\n\t<meta name=\"twitter:data1\" content=\"2 minutes\" \/>\n<script type=\"application\/ld+json\" class=\"yoast-schema-graph\">{\"@context\":\"https:\/\/schema.org\",\"@graph\":[{\"@type\":\"WebPage\",\"@id\":\"https:\/\/montsaintpierre.ca\/en\/expanding-our-playground\/\",\"url\":\"https:\/\/montsaintpierre.ca\/en\/expanding-our-playground\/\",\"name\":\"Expanding our playground | Mont-Saint-Pierre\",\"isPartOf\":{\"@id\":\"https:\/\/montsaintpierre.ca\/en\/#website\"},\"datePublished\":\"2024-01-12T13:35:30+00:00\",\"dateModified\":\"2024-05-14T14:03:41+00:00\",\"description\":\"Apr\u00e8s avoir r\u00e9am\u00e9nag\u00e9 deux sentiers de randonn\u00e9e, la prochaine \u00e9tape vise \u00e0 d\u00e9velopper notre offre de plein air, jusque dans l\u2019arri\u00e8re-pays.\",\"breadcrumb\":{\"@id\":\"https:\/\/montsaintpierre.ca\/en\/expanding-our-playground\/#breadcrumb\"},\"inLanguage\":\"en-US\",\"potentialAction\":[{\"@type\":\"ReadAction\",\"target\":[\"https:\/\/montsaintpierre.ca\/en\/expanding-our-playground\/\"]}]},{\"@type\":\"BreadcrumbList\",\"@id\":\"https:\/\/montsaintpierre.ca\/en\/expanding-our-playground\/#breadcrumb\",\"itemListElement\":[{\"@type\":\"ListItem\",\"position\":1,\"name\":\"Home\",\"item\":\"https:\/\/montsaintpierre.ca\/en\/\"},{\"@type\":\"ListItem\",\"position\":2,\"name\":\"Expanding our playground\"}]},{\"@type\":\"WebSite\",\"@id\":\"https:\/\/montsaintpierre.ca\/en\/#website\",\"url\":\"https:\/\/montsaintpierre.ca\/en\/\",\"name\":\"Mont-Saint-Pierre\",\"description\":\"Station de montagne sur mer\",\"alternateName\":\"MSP\",\"potentialAction\":[{\"@type\":\"SearchAction\",\"target\":{\"@type\":\"EntryPoint\",\"urlTemplate\":\"https:\/\/montsaintpierre.ca\/en\/?s={search_term_string}\"},\"query-input\":{\"@type\":\"PropertyValueSpecification\",\"valueRequired\":true,\"valueName\":\"search_term_string\"}}],\"inLanguage\":\"en-US\"}]}<\/script>\n<!-- \/ Yoast SEO plugin. -->","yoast_head_json":{"title":"Expanding our playground | Mont-Saint-Pierre","description":"Apr\u00e8s avoir r\u00e9am\u00e9nag\u00e9 deux sentiers de randonn\u00e9e, la prochaine \u00e9tape vise \u00e0 d\u00e9velopper notre offre de plein air, jusque dans l\u2019arri\u00e8re-pays.","robots":{"index":"index","follow":"follow","max-snippet":"max-snippet:-1","max-image-preview":"max-image-preview:large","max-video-preview":"max-video-preview:-1"},"canonical":"https:\/\/montsaintpierre.ca\/en\/expanding-our-playground\/","og_locale":"en_US","og_type":"article","og_title":"Expanding our playground | Mont-Saint-Pierre","og_description":"Apr\u00e8s avoir r\u00e9am\u00e9nag\u00e9 deux sentiers de randonn\u00e9e, la prochaine \u00e9tape vise \u00e0 d\u00e9velopper notre offre de plein air, jusque dans l\u2019arri\u00e8re-pays.","og_url":"https:\/\/montsaintpierre.ca\/en\/expanding-our-playground\/","og_site_name":"Mont-Saint-Pierre","article_modified_time":"2024-05-14T14:03:41+00:00","og_image":[{"width":2160,"height":1438,"url":"https:\/\/mont-saint-pierre.s3.bhs.io.cloud.ovh.net\/2024\/02\/entete-du-tourisme-autrement.jpg","type":"image\/jpeg"}],"twitter_card":"summary_large_image","twitter_misc":{"Est. reading time":"2 minutes"},"schema":{"@context":"https:\/\/schema.org","@graph":[{"@type":"WebPage","@id":"https:\/\/montsaintpierre.ca\/en\/expanding-our-playground\/","url":"https:\/\/montsaintpierre.ca\/en\/expanding-our-playground\/","name":"Expanding our playground | Mont-Saint-Pierre","isPartOf":{"@id":"https:\/\/montsaintpierre.ca\/en\/#website"},"datePublished":"2024-01-12T13:35:30+00:00","dateModified":"2024-05-14T14:03:41+00:00","description":"Apr\u00e8s avoir r\u00e9am\u00e9nag\u00e9 deux sentiers de randonn\u00e9e, la prochaine \u00e9tape vise \u00e0 d\u00e9velopper notre offre de plein air, jusque dans l\u2019arri\u00e8re-pays.","breadcrumb":{"@id":"https:\/\/montsaintpierre.ca\/en\/expanding-our-playground\/#breadcrumb"},"inLanguage":"en-US","potentialAction":[{"@type":"ReadAction","target":["https:\/\/montsaintpierre.ca\/en\/expanding-our-playground\/"]}]},{"@type":"BreadcrumbList","@id":"https:\/\/montsaintpierre.ca\/en\/expanding-our-playground\/#breadcrumb","itemListElement":[{"@type":"ListItem","position":1,"name":"Home","item":"https:\/\/montsaintpierre.ca\/en\/"},{"@type":"ListItem","position":2,"name":"Expanding our playground"}]},{"@type":"WebSite","@id":"https:\/\/montsaintpierre.ca\/en\/#website","url":"https:\/\/montsaintpierre.ca\/en\/","name":"Mont-Saint-Pierre","description":"Station de montagne sur mer","alternateName":"MSP","potentialAction":[{"@type":"SearchAction","target":{"@type":"EntryPoint","urlTemplate":"https:\/\/montsaintpierre.ca\/en\/?s={search_term_string}"},"query-input":{"@type":"PropertyValueSpecification","valueRequired":true,"valueName":"search_term_string"}}],"inLanguage":"en-US"}]}},"_links":{"self":[{"href":"https:\/\/montsaintpierre.ca\/en\/wp-json\/wp\/v2\/pages\/1801","targetHints":{"allow":["GET"]}}],"collection":[{"href":"https:\/\/montsaintpierre.ca\/en\/wp-json\/wp\/v2\/pages"}],"about":[{"href":"https:\/\/montsaintpierre.ca\/en\/wp-json\/wp\/v2\/types\/page"}],"author":[{"embeddable":true,"href":"https:\/\/montsaintpierre.ca\/en\/wp-json\/wp\/v2\/users\/1"}],"replies":[{"embeddable":true,"href":"https:\/\/montsaintpierre.ca\/en\/wp-json\/wp\/v2\/comments?post=1801"}],"version-history":[{"count":1,"href":"https:\/\/montsaintpierre.ca\/en\/wp-json\/wp\/v2\/pages\/1801\/revisions"}],"predecessor-version":[{"id":1802,"href":"https:\/\/montsaintpierre.ca\/en\/wp-json\/wp\/v2\/pages\/1801\/revisions\/1802"}],"wp:attachment":[{"href":"https:\/\/montsaintpierre.ca\/en\/wp-json\/wp\/v2\/media?parent=1801"}],"curies":[{"name":"wp","href":"https:\/\/api.w.org\/{rel}","templated":true}]}}