{"id":1791,"date":"2024-01-11T13:30:56","date_gmt":"2024-01-11T18:30:56","guid":{"rendered":"https:\/\/montsaintpierre.ca\/politiques-et-reglements\/"},"modified":"2024-05-14T08:48:50","modified_gmt":"2024-05-14T12:48:50","slug":"policies-and-regulations","status":"publish","type":"page","link":"https:\/\/montsaintpierre.ca\/en\/policies-and-regulations\/","title":{"rendered":"Policies and regulations"},"content":{"rendered":"<div class=\"wpb-content-wrapper\"><p>[vc_row full_width=&#8221;stretch_row_content_no_spaces&#8221;][vc_column]<div class=\"henri-vc-module module-header \">\n\n    <div class=\"header\">\n        <div class=\"image-title-wrapper\">\n\n                            <div class=\"image\">\n                    <img decoding=\"async\" alt=\"image header - image en-tete\" src=\"https:\/\/mont-saint-pierre.s3.bhs.io.cloud.ovh.net\/2024\/01\/6aout-51-scaled.jpg\">\n\n                                    <\/div>\n            \n            <div class=\"container-xl\">\n\n                <div class=\"row\">\n                    <div class=\"col-12\">\n                        <div class=\"title-and-btn \">\n                            <h1 class=\"color-inverse\">Policies and regulations<\/h1>\n\n                                                    <\/div>\n                        \n                    <\/div>\n                <\/div>\n            <\/div>\n        <\/div>\n        <div class=\"container-xl\">\n            <div class=\"row\">\n                <div class=\"col-12\">\n                    <div class=\"subtitle\">\n                        <h2 class=\"color-inverse\"><\/h2>\n                    <\/div>\n                    <div class=\"text\">\n                        <p class=\"color-inverse\"><\/p>\n                    <\/div>\n                <\/div>\n            <\/div>\n        <\/div>\n        <div class=\"bottom-section-wrapper\">\n            <div class=\"container-xl\">\n                <div class=\"row\">\n                    <div class=\"col-12\">\n                        <div class=\"bottom-section-content \">\n                            <div class=\"chapeau\">\n                                <p class=\"color-inverse\"><\/p>\n                            <\/div>\n\n                                                    <\/div>\n                    <\/div>\n                <\/div>\n            <\/div>\n        <\/div>\n    <\/div>\n<\/div>\n[\/vc_column][\/vc_row][vc_row full_width=&#8221;stretch_row_content_no_spaces&#8221; disable_element=&#8221;yes&#8221;][vc_column]<div class=\"henri-vc-module module-header \">\n\n    <div class=\"header\">\n        <div class=\"image-title-wrapper\">\n\n                            <div class=\"image\">\n                    <img decoding=\"async\" alt=\"image header - image en-tete\" src=\"https:\/\/mont-saint-pierre.s3.bhs.io.cloud.ovh.net\/2024\/01\/csmsp-1-scaled.jpg\">\n\n                                    <\/div>\n            \n            <div class=\"container-xl\">\n\n                <div class=\"row\">\n                    <div class=\"col-12\">\n                        <div class=\"title-and-btn \">\n                            <h1 class=\"color-inverse\">Politiques et r\u00e8glements<\/h1>\n\n                                                    <\/div>\n                        \n                    <\/div>\n                <\/div>\n            <\/div>\n        <\/div>\n        <div class=\"container-xl\">\n            <div class=\"row\">\n                <div class=\"col-12\">\n                    <div class=\"subtitle\">\n                        <h2 class=\"color-inverse\">Vous avez une question?<\/h2>\n                    <\/div>\n                    <div class=\"text\">\n                        <p class=\"color-inverse\"><\/p>\n                    <\/div>\n                <\/div>\n            <\/div>\n        <\/div>\n        <div class=\"bottom-section-wrapper\">\n            <div class=\"container-xl\">\n                <div class=\"row\">\n                    <div class=\"col-12\">\n                        <div class=\"bottom-section-content  add-margin\">\n                            <div class=\"chapeau\">\n                                <p class=\"color-inverse\"><\/p>\n                            <\/div>\n\n                                                            <div class=\"info\">\n                                                                                                                                                    <div class=\"btn_info_wrapper\">\n                                            <a class=\"link-arrow orange-arrow-blue-bg color-inverse\" href=\"https:\/\/montsaintpierre.ca\/informations-pratiques\/\" title=\"Informations pratiques\" target=\"\">On y a peut-\u00eatre d\u00e9j\u00e0 r\u00e9pondu ici!<\/a>\n                                        <\/div>\n                                    \n                                <\/div>\n                                                    <\/div>\n                    <\/div>\n                <\/div>\n            <\/div>\n        <\/div>\n    <\/div>\n<\/div>\n[\/vc_column][\/vc_row][vc_row][vc_column][vc_column_text]<\/p>\n<h3>Eligibility<\/h3>\n<p>\u2022\u00a0For the immersive shows, we ask that you arrive at least 15\u00a0minutes before the show is scheduled to begin.<br \/>\n\u2022\u00a0Strollers are allowed in our screening rooms at assigned seats and depending on availability.<br \/>\n\u2022\u00a0Dogs are not allowed inside the attractions, but guide dogs and service dogs are accepted.<br \/>\n\u2022\u00a0There is no age limit for the immersive shows.<br \/>\n\u2022\u00a0Children ages 12 and under must be accompanied by an adult to access our attractions.<br \/>\n\u2022\u00a0All Station de montagne sur mer sites are accessible to people with reduced mobility, with the exception of the Observation Deck, which has limited accessibility. People using a wheelchair must reserve their seats to Salle du Clocher in advance.<\/p>\n<p><span data-sheets-root=\"1\" data-sheets-value=\"{&quot;1&quot;:2,&quot;2&quot;:&quot;MODIFICATION pour ADMISSIBILIT\u00c9 : Pour le moment, accessibilit\u00e9 limit\u00e9e aux personnes \u00e0 mobilit\u00e9 r\u00e9duite \u00e0 l\u2019Observatoire et accessibilit\u00e9 compl\u00e8te pour les personnes \u00e0 mobilit\u00e9 r\u00e9duite aux autres sites de la Station de montagne sur mer. Pour les personnes en fauteuil roulant XX places (nombre \u00e0 venir) sont pr\u00e9vues dans la Salle du clocher, la r\u00e9servation de ces places doit \u00eatre faite \u00e0 l\u2019avance.\\n&quot;}\" data-sheets-userformat=\"{&quot;2&quot;:1063873,&quot;3&quot;:{&quot;1&quot;:0},&quot;9&quot;:0,&quot;10&quot;:0,&quot;11&quot;:4,&quot;12&quot;:0,&quot;14&quot;:{&quot;1&quot;:2,&quot;2&quot;:6710886},&quot;15&quot;:&quot;Calibri&quot;,&quot;16&quot;:11,&quot;23&quot;:1}\" data-sheets-textstyleruns=\"{&quot;1&quot;:0}\uee10{&quot;1&quot;:277,&quot;2&quot;:{&quot;7&quot;:1}}\uee10{&quot;1&quot;:317}\">\u00a0<\/span>[\/vc_column_text][vc_column_text]<\/p>\n<h3>Universal accessibility<\/h3>\n<p>\u2022\u00a0Complimentary entry for one person accompanying a person with a disability. To take advantage of this offer, please visit Espace D\u00e9couverte during business hours or call 418-797-2222.<br \/>\n\u2022\u00a0All buildings and restrooms are accessible for people with reduced mobility, except for the Observation Deck and access to the summit. The shuttle bus is not equipped with a wheelchair ramp.[\/vc_column_text][vc_column_text]<\/p>\n<h3>Guidelines and rules of conduct<\/h3>\n<p>\u2022\u00a0It is strictly forbidden to consume alcohol or drugs and to smoke inside the attractions. Anyone failing to comply will be asked to leave.<br \/>\n\u2022\u00a0To ensure a pleasant experience for all, we ask that you remain quiet during the shows. Please turn off your electronic devices or turn on airplane mode before the screening begins.<br \/>\n\u2022\u00a0Due to copyright and to enhance the experience for all, photography and filming during the immersive shows are strictly forbidden.<br \/>\n\u2022\u00a0The immersive shows at Salle du Clocher and the Observation Deck start on time. Latecomers will not be admitted to the screening rooms.[\/vc_column_text][vc_column_text]<\/p>\n<h3>Gender-neutral restrooms<\/h3>\n<p>\u2022\u00a0Observation Deck: Located in the summit lodge<br \/>\n\u2022\u00a0Salle du Clocher: Located outside in an adjoining building<br \/>\n\u2022\u00a0Place du Village: Located at Terrasse les Vagues and Espace D\u00e9couverte[\/vc_column_text][vc_column_text]<\/p>\n<h3>Lockers<\/h3>\n<p>Ticket prices include locker access (voluntary donations accepted).[\/vc_column_text][vc_column_text]<\/p>\n<h3>Tickets<\/h3>\n<p><strong>Reservation and validity<\/strong><br \/>\n\u2022\u00a0As the number of seats is limited (50 at the Observation Deck and 30 at Salle du Clocher), we strongly recommend you make a reservation.<br \/>\n\u2022\u00a0Tickets are valid for the day selected only.<\/p>\n<p><strong>Cancellation, refund and exchange policy<br \/>\n<\/strong><br \/>\nNo cancellations, refunds or exchanges will be provided unless the activity is cancelled by Station de montagne sur mer. In the event of a cancellation, please go to the Salle du Clocher ticket office or call 418-797-2222.<br \/>\nBe sure to carefully check the ticket types and the show dates and times before confirming your order. After order confirmation, no refunds, exchanges or cancellations can be made.<\/p>\n<p>In the event the attractions are not accessible (defective facilities, weather conditions beyond our control) or a show is cancelled or postponed, Station de montagne sur mer\u2019s responsibility is limited to offering a ticket exchange or refund. In this case, Station de montagne sur mer\u2019s customer service will attempt to contact you to explain the exchange or refund procedure. You are responsible for following this procedure. Have your order confirmation number ready at the time of your inquiry to facilitate the refund or exchange procedure.<\/p>\n<p>In the event of a refund, the credit card used at the time of purchase will be credited for the amount paid for the ticket(s) within 15\u00a0days of the refund request or show cancellation.[\/vc_column_text][vc_column_text]<\/p>\n<h3>Terms of purchase and terms of use of the online ticketing service<\/h3>\n<p>The terms of use explain your rights and responsibilities when you purchase tickets to our attractions. They also govern and facilitate the purchase transaction to ensure your satisfaction.[\/vc_column_text][vc_column_text]<\/p>\n<h3>Acceptance of Terms of Use<\/h3>\n<p>By using the online ticketing service to purchase tickets, you are entering into a purchase transaction with Station de montagne sur mer de Mont-Saint-Pierre and you acknowledge that you have read the terms of use and expressly accept them. These terms may be updated at any time without notice.[\/vc_column_text][vc_column_text]<\/p>\n<h3>Applicable rates<\/h3>\n<p>The rates indicated on the online ticketing service web page are the only rates applicable unless you have a promo code.<br \/>\nAll ticket prices are in Canadian dollars (CAD) and do not include applicable taxes.<br \/>\nDiscounts on regular ticket prices do not apply to online purchases. You must go to the Espace D\u00e9couverte ticket office to take advantage of the discount.<\/p>\n<p>To take advantage of the following rates, you may be required to provide supporting documents upon entry to our attractions:<br \/>\n\u2022\u00a0Child rate: Valid ID with proof of age<br \/>\n\u2022\u00a0Mont-Saint-Pierre resident rate: Official ID with proof of age and address<br \/>\n\u2022\u00a0Family rate: Valid ID with proof of age for each child[\/vc_column_text][vc_column_text]<\/p>\n<h3>Payment methods<\/h3>\n<p>\u2022\u00a0Online ticketing service<br \/>\nVisa and MasterCard credit cards are accepted.<br \/>\n\u2022\u00a0Espace D\u00e9couverte ticket office<br \/>\nCash, debit cards or Visa and MasterCard credit cards are accepted.[\/vc_column_text][vc_column_text]<\/p>\n<h3>Transaction security<\/h3>\n<p>Purchases are processed via a secure system using the TLS (Transport Layer Security) protocol: The information is encrypted by software and securely transmitted over the network.[\/vc_column_text][vc_column_text el_id=&#8221;#confidentialite&#8221;]<\/p>\n<h3><a id=\"confidentialite\"><\/a>Confidentiality<\/h3>\n<p>The information you send directly online is treated confidentially and will be used only for the purposes for which it was collected.<\/p>\n<p>Information relating to tickets purchased online may be used for statistical analysis purposes.<\/p>\n<p>No personal information about ticket purchasers is sold, marketed or rented to third parties.[\/vc_column_text][vc_column_text]<\/p>\n<h3>Order confirmation and ticket delivery<\/h3>\n<p>The data provided in the purchase transaction and your payment of the order constitute proof of the transaction, and your payment confirmation replaces your signature and confirms your acceptance of the transaction.<br \/>\nA purchase confirmation receipt will be sent via email to the email address provided during the purchase transaction. It is your responsibility to ensure that the email address provided during the purchase transaction is valid, that you have access to it and that the emails are not automatically directed to your junk mail folder. Station de montagne sur mer is not responsible for any problems resulting from an incorrect email address.<\/p>\n<p>If you do not receive an email confirmation of your order, if there is a service interruption after submitting payment information or if you receive an error message, you are responsible for contacting our customer service department at 418-797-2222 to verify whether your order was processed. You are the only person aware of any problems that might have occurred during the purchase transaction. Furthermore, Station de montagne sur mer is not liable for financial or other losses. Even if you do not receive a confirmation email, your order may still have been processed. It is your responsibility to check whether the purchase transaction was completed.<\/p>\n<p>Electronic tickets are sent in a separate email to the email address provided during the purchase transaction. This email includes printable tickets and mobile tickets for devices such as iPads, iPhones and Androids. You can choose to print your tickets and present them when you arrive at the entrance to one of our attractions, or you can display your tickets on your mobile device. We strongly encourage the use of mobile tickets for environmental purposes. Please note that tickets cannot be printed on site by Station de montagne sur mer staff.[\/vc_column_text][vc_column_text]<\/p>\n<h3>Technical assistance<\/h3>\n<p>If you experience a technical problem with the transaction confirmation, or if you haven\u2019t received or have lost your ticket(s), please contact our customer service department at 418-797-2222.[\/vc_column_text][vc_column_text]<\/p>\n<h3>Resale and transfer restrictions<\/h3>\n<p>Any resale of tickets is strictly prohibited. Tickets may not be used for advertising and\/or promotional purposes without the prior authorization of Station de montagne sur mer.[\/vc_column_text][vc_column_text]<\/p>\n<h3>Ticket validation at attractions<\/h3>\n<p>All ticket holders must have their tickets validated at the entrance to one of our attractions.[\/vc_column_text][vc_column_text]<\/p>\n<h3>Observation Deck cliffside walkway<\/h3>\n<p><strong>Admission<\/strong><br \/>\n\u2022\u00a0Children ages 12 and under must be accompanied by an adult.<br \/>\n\u2022\u00a0Dogs are not allowed on the walkway, but guide dogs and service dogs are accepted.[\/vc_column_text][\/vc_column][\/vc_row]<\/p>\n<\/div>","protected":false},"excerpt":{"rendered":"<p>[vc_row full_width=&#8221;stretch_row_content_no_spaces&#8221;][vc_column][\/vc_column][\/vc_row][vc_row full_width=&#8221;stretch_row_content_no_spaces&#8221; disable_element=&#8221;yes&#8221;][vc_column][\/vc_column][\/vc_row][vc_row][vc_column][vc_column_text] Eligibility \u2022\u00a0For the immersive shows, we ask that you arrive at least 15\u00a0minutes before the show is scheduled to begin. \u2022\u00a0Strollers are allowed in our screening rooms at assigned seats and depending on availability. \u2022\u00a0Dogs are not allowed inside the attractions, but guide dogs and service dogs are accepted. \u2022\u00a0There is [&hellip;]<\/p>\n","protected":false},"author":1,"featured_media":0,"parent":0,"menu_order":0,"comment_status":"closed","ping_status":"closed","template":"","meta":{"_acf_changed":false,"inline_featured_image":false,"footnotes":""},"class_list":["post-1791","page","type-page","status-publish","hentry"],"acf":[],"yoast_head":"<!-- This site is optimized with the Yoast SEO plugin v25.3.1 - https:\/\/yoast.com\/wordpress\/plugins\/seo\/ -->\n<title>Policies and regulations | Mont-Saint-Pierre<\/title>\n<meta name=\"description\" content=\"Pour chacun de nos attraits et chacune de nos activit\u00e9s, il y a \u00e9videmment des r\u00e8gles et des principes \u00e0 respecter.\" \/>\n<meta name=\"robots\" content=\"index, follow, max-snippet:-1, max-image-preview:large, max-video-preview:-1\" \/>\n<link rel=\"canonical\" href=\"https:\/\/montsaintpierre.ca\/en\/policies-and-regulations\/\" \/>\n<meta property=\"og:locale\" content=\"en_US\" \/>\n<meta property=\"og:type\" content=\"article\" \/>\n<meta property=\"og:title\" content=\"Policies and regulations | Mont-Saint-Pierre\" \/>\n<meta property=\"og:description\" content=\"Pour chacun de nos attraits et chacune de nos activit\u00e9s, il y a \u00e9videmment des r\u00e8gles et des principes \u00e0 respecter.\" \/>\n<meta property=\"og:url\" content=\"https:\/\/montsaintpierre.ca\/en\/policies-and-regulations\/\" \/>\n<meta property=\"og:site_name\" content=\"Mont-Saint-Pierre\" \/>\n<meta property=\"article:modified_time\" content=\"2024-05-14T12:48:50+00:00\" \/>\n<meta property=\"og:image\" content=\"https:\/\/mont-saint-pierre.s3.bhs.io.cloud.ovh.net\/2024\/02\/entete-du-tourisme-autrement.jpg\" \/>\n\t<meta property=\"og:image:width\" content=\"2160\" \/>\n\t<meta property=\"og:image:height\" content=\"1438\" \/>\n\t<meta property=\"og:image:type\" content=\"image\/jpeg\" \/>\n<meta name=\"twitter:card\" content=\"summary_large_image\" \/>\n<meta name=\"twitter:label1\" content=\"Est. reading time\" \/>\n\t<meta name=\"twitter:data1\" content=\"8 minutes\" \/>\n<script type=\"application\/ld+json\" class=\"yoast-schema-graph\">{\"@context\":\"https:\/\/schema.org\",\"@graph\":[{\"@type\":\"WebPage\",\"@id\":\"https:\/\/montsaintpierre.ca\/en\/policies-and-regulations\/\",\"url\":\"https:\/\/montsaintpierre.ca\/en\/policies-and-regulations\/\",\"name\":\"Policies and regulations | Mont-Saint-Pierre\",\"isPartOf\":{\"@id\":\"https:\/\/montsaintpierre.ca\/en\/#website\"},\"datePublished\":\"2024-01-11T18:30:56+00:00\",\"dateModified\":\"2024-05-14T12:48:50+00:00\",\"description\":\"Pour chacun de nos attraits et chacune de nos activit\u00e9s, il y a \u00e9videmment des r\u00e8gles et des principes \u00e0 respecter.\",\"breadcrumb\":{\"@id\":\"https:\/\/montsaintpierre.ca\/en\/policies-and-regulations\/#breadcrumb\"},\"inLanguage\":\"en-US\",\"potentialAction\":[{\"@type\":\"ReadAction\",\"target\":[\"https:\/\/montsaintpierre.ca\/en\/policies-and-regulations\/\"]}]},{\"@type\":\"BreadcrumbList\",\"@id\":\"https:\/\/montsaintpierre.ca\/en\/policies-and-regulations\/#breadcrumb\",\"itemListElement\":[{\"@type\":\"ListItem\",\"position\":1,\"name\":\"Home\",\"item\":\"https:\/\/montsaintpierre.ca\/en\/\"},{\"@type\":\"ListItem\",\"position\":2,\"name\":\"Policies and regulations\"}]},{\"@type\":\"WebSite\",\"@id\":\"https:\/\/montsaintpierre.ca\/en\/#website\",\"url\":\"https:\/\/montsaintpierre.ca\/en\/\",\"name\":\"Mont-Saint-Pierre\",\"description\":\"Station de montagne sur mer\",\"alternateName\":\"MSP\",\"potentialAction\":[{\"@type\":\"SearchAction\",\"target\":{\"@type\":\"EntryPoint\",\"urlTemplate\":\"https:\/\/montsaintpierre.ca\/en\/?s={search_term_string}\"},\"query-input\":{\"@type\":\"PropertyValueSpecification\",\"valueRequired\":true,\"valueName\":\"search_term_string\"}}],\"inLanguage\":\"en-US\"}]}<\/script>\n<!-- \/ Yoast SEO plugin. -->","yoast_head_json":{"title":"Policies and regulations | Mont-Saint-Pierre","description":"Pour chacun de nos attraits et chacune de nos activit\u00e9s, il y a \u00e9videmment des r\u00e8gles et des principes \u00e0 respecter.","robots":{"index":"index","follow":"follow","max-snippet":"max-snippet:-1","max-image-preview":"max-image-preview:large","max-video-preview":"max-video-preview:-1"},"canonical":"https:\/\/montsaintpierre.ca\/en\/policies-and-regulations\/","og_locale":"en_US","og_type":"article","og_title":"Policies and regulations | Mont-Saint-Pierre","og_description":"Pour chacun de nos attraits et chacune de nos activit\u00e9s, il y a \u00e9videmment des r\u00e8gles et des principes \u00e0 respecter.","og_url":"https:\/\/montsaintpierre.ca\/en\/policies-and-regulations\/","og_site_name":"Mont-Saint-Pierre","article_modified_time":"2024-05-14T12:48:50+00:00","og_image":[{"width":2160,"height":1438,"url":"https:\/\/mont-saint-pierre.s3.bhs.io.cloud.ovh.net\/2024\/02\/entete-du-tourisme-autrement.jpg","type":"image\/jpeg"}],"twitter_card":"summary_large_image","twitter_misc":{"Est. reading time":"8 minutes"},"schema":{"@context":"https:\/\/schema.org","@graph":[{"@type":"WebPage","@id":"https:\/\/montsaintpierre.ca\/en\/policies-and-regulations\/","url":"https:\/\/montsaintpierre.ca\/en\/policies-and-regulations\/","name":"Policies and regulations | Mont-Saint-Pierre","isPartOf":{"@id":"https:\/\/montsaintpierre.ca\/en\/#website"},"datePublished":"2024-01-11T18:30:56+00:00","dateModified":"2024-05-14T12:48:50+00:00","description":"Pour chacun de nos attraits et chacune de nos activit\u00e9s, il y a \u00e9videmment des r\u00e8gles et des principes \u00e0 respecter.","breadcrumb":{"@id":"https:\/\/montsaintpierre.ca\/en\/policies-and-regulations\/#breadcrumb"},"inLanguage":"en-US","potentialAction":[{"@type":"ReadAction","target":["https:\/\/montsaintpierre.ca\/en\/policies-and-regulations\/"]}]},{"@type":"BreadcrumbList","@id":"https:\/\/montsaintpierre.ca\/en\/policies-and-regulations\/#breadcrumb","itemListElement":[{"@type":"ListItem","position":1,"name":"Home","item":"https:\/\/montsaintpierre.ca\/en\/"},{"@type":"ListItem","position":2,"name":"Policies and regulations"}]},{"@type":"WebSite","@id":"https:\/\/montsaintpierre.ca\/en\/#website","url":"https:\/\/montsaintpierre.ca\/en\/","name":"Mont-Saint-Pierre","description":"Station de montagne sur mer","alternateName":"MSP","potentialAction":[{"@type":"SearchAction","target":{"@type":"EntryPoint","urlTemplate":"https:\/\/montsaintpierre.ca\/en\/?s={search_term_string}"},"query-input":{"@type":"PropertyValueSpecification","valueRequired":true,"valueName":"search_term_string"}}],"inLanguage":"en-US"}]}},"_links":{"self":[{"href":"https:\/\/montsaintpierre.ca\/en\/wp-json\/wp\/v2\/pages\/1791","targetHints":{"allow":["GET"]}}],"collection":[{"href":"https:\/\/montsaintpierre.ca\/en\/wp-json\/wp\/v2\/pages"}],"about":[{"href":"https:\/\/montsaintpierre.ca\/en\/wp-json\/wp\/v2\/types\/page"}],"author":[{"embeddable":true,"href":"https:\/\/montsaintpierre.ca\/en\/wp-json\/wp\/v2\/users\/1"}],"replies":[{"embeddable":true,"href":"https:\/\/montsaintpierre.ca\/en\/wp-json\/wp\/v2\/comments?post=1791"}],"version-history":[{"count":2,"href":"https:\/\/montsaintpierre.ca\/en\/wp-json\/wp\/v2\/pages\/1791\/revisions"}],"predecessor-version":[{"id":1793,"href":"https:\/\/montsaintpierre.ca\/en\/wp-json\/wp\/v2\/pages\/1791\/revisions\/1793"}],"wp:attachment":[{"href":"https:\/\/montsaintpierre.ca\/en\/wp-json\/wp\/v2\/media?parent=1791"}],"curies":[{"name":"wp","href":"https:\/\/api.w.org\/{rel}","templated":true}]}}