{"id":1785,"date":"2024-01-11T13:16:15","date_gmt":"2024-01-11T18:16:15","guid":{"rendered":"https:\/\/montsaintpierre.ca\/charte-du-visiteur-de-la-visiteuse\/"},"modified":"2024-05-13T16:23:33","modified_gmt":"2024-05-13T20:23:33","slug":"caring-for-mont-saint-pierre","status":"publish","type":"page","link":"https:\/\/montsaintpierre.ca\/en\/caring-for-mont-saint-pierre\/","title":{"rendered":"Caring for Mont-Saint-Pierre"},"content":{"rendered":"<div class=\"wpb-content-wrapper\"><p>[vc_row full_width=&#8221;stretch_row_content_no_spaces&#8221;][vc_column]<div class=\"henri-vc-module module-header \">\n\n    <div class=\"header\">\n        <div class=\"image-title-wrapper\">\n\n                            <div class=\"image\">\n                    <img decoding=\"async\" alt=\"image header - image en-tete\" src=\"https:\/\/mont-saint-pierre.s3.bhs.io.cloud.ovh.net\/2024\/01\/img-6225-scaled.jpg\">\n\n                                    <\/div>\n            \n            <div class=\"container-xl\">\n\n                <div class=\"row\">\n                    <div class=\"col-12\">\n                        <div class=\"title-and-btn \">\n                            <h1 class=\"color-inverse\">Caring for Mont-Saint-Pierre<\/h1>\n\n                                                    <\/div>\n                        \n                    <\/div>\n                <\/div>\n            <\/div>\n        <\/div>\n        <div class=\"container-xl\">\n            <div class=\"row\">\n                <div class=\"col-12\">\n                    <div class=\"subtitle\">\n                        <h2 class=\"color-inverse\"><\/h2>\n                    <\/div>\n                    <div class=\"text\">\n                        <p class=\"color-inverse\"><\/p>\n                    <\/div>\n                <\/div>\n            <\/div>\n        <\/div>\n        <div class=\"bottom-section-wrapper\">\n            <div class=\"container-xl\">\n                <div class=\"row\">\n                    <div class=\"col-12\">\n                        <div class=\"bottom-section-content \">\n                            <div class=\"chapeau\">\n                                <p class=\"color-inverse\">Protecting Mont-Saint-Pierre is just as important to us as helping you discover it. Help us preserve its purity and beauty.<\/p>\n                            <\/div>\n\n                                                    <\/div>\n                    <\/div>\n                <\/div>\n            <\/div>\n        <\/div>\n    <\/div>\n<\/div>\n[\/vc_column][\/vc_row][vc_row][vc_column][vc_row_inner][vc_column_inner][vc_column_text]<\/p>\n<h2>Visitor Code of Conduct<\/h2>\n<p>Mont-Saint-Pierre is a distinctive and natural four-season ecotourism seaside mountain resort. Its residents cherish their land and want sustainable and responsible development for Mont-Saint-Pierre. In order to protect and preserve the area in its current state, we ask that you commit to this code of conduct, which will ensure a pleasant visitor experience, while maintaining our residents\u2019 quality of life.<\/p>\n<p>In exchange, we are committed to offer local products, clean and accessible water, public and active transportation options, a limit on the number of participants that respects the capacity of each of our sites, quality attractions and activities and a map of our trails, available on Ondago.<\/p>\n<p>The people of Mont-Saint-Pierre sincerely thank you.[\/vc_column_text][\/vc_column_inner][\/vc_row_inner][\/vc_column][\/vc_row][vc_row][vc_column]<div class=\"henri-vc-module module-texte-avec-image \">\n    <div class=\"container-xl\">\n\n        \n        \n        \n\n        \n            <div class=\"row image-droite\">\n                <div class=\"col-12 col-lg-5\">\n                    <h2>Commitments<\/h2>\n                    <div class=\"content\">\n                        <\/p>\n<p align=\"left\">SUMMIT \u2013 I am committed to respecting the capacity and signage established on Mont Saint-Pierre in order to preserve its natural environment.<\/p>\n<p>TRASH \u2013 I am committed to always taking my trash back with me and placing it in the village\u2019s trash bins.<\/p>\n<p>FORESTS AND RIVERS \u2013 I am committed to following signage during my outdoor activities to protect wildlife.<\/p>\n<p>PURE WATER \u2013 I am committed to using Mont-Saint-Pierre\u2019s clean water, filling my bottles at the tap or at the various fountains and not purchasing bottled water.<\/p>\n<p>BEACH \u2013 I am committed to not using any motorized vehicles, not leaving any trash and respecting the tranquility of the area.<\/p>\n<p>TRANSPORTATION AND PARKING \u2013 I am committed to reducing my footprint by using public or active transportation, such as the shuttle bus, walking, biking or carpooling. I am also committed to parking my vehicle in the designated areas.<\/p>                    <\/div>\n                                            <a class=\"link-arrow blue-arrow-orange-bg\" href=\"https:\/\/montsaintpierre.ca\/tourisme-ecoresponsable\/\" title=\"Tourisme \u00e9coresponsable\" target=\"\">Want to know more about our approach? Click here!<\/a>\n                                    <\/div>\n                <div class=\"col-12 col-lg-7\">\n                    <div class=\"image-background-wrapper design-1\">\n                        <div class=\"background\">\n                            <img decoding=\"async\" alt=\"image background\" src=\"https:\/\/montsaintpierre.ca\/wp-content\/themes\/henri\/_assets\/images\/formes-design-1.svg\">\n                        <\/div>\n                        <div class=\"image\">\n                                                            <img decoding=\"async\" alt=\"image\" src=\"https:\/\/mont-saint-pierre.s3.bhs.io.cloud.ovh.net\/2024\/01\/img-6219-1-scaled.jpg\">\n                                                    <\/div>\n                    <\/div>\n                <\/div>\n            <\/div>\n        \n    <\/div>\n<\/div>\n[\/vc_column][\/vc_row]<\/p>\n<\/div>","protected":false},"excerpt":{"rendered":"<p>[vc_row full_width=&#8221;stretch_row_content_no_spaces&#8221;][vc_column][\/vc_column][\/vc_row][vc_row][vc_column][vc_row_inner][vc_column_inner][vc_column_text] Visitor Code of Conduct Mont-Saint-Pierre is a distinctive and natural four-season ecotourism seaside mountain resort. Its residents cherish their land and want sustainable and responsible development for Mont-Saint-Pierre. In order to protect and preserve the area in its current state, we ask that you commit to this code of conduct, which will ensure [&hellip;]<\/p>\n","protected":false},"author":1,"featured_media":0,"parent":0,"menu_order":0,"comment_status":"closed","ping_status":"closed","template":"","meta":{"_acf_changed":false,"inline_featured_image":false,"footnotes":""},"class_list":["post-1785","page","type-page","status-publish","hentry"],"acf":[],"yoast_head":"<!-- This site is optimized with the Yoast SEO plugin v25.3.1 - https:\/\/yoast.com\/wordpress\/plugins\/seo\/ -->\n<title>Caring for Mont-Saint-Pierre | Mont-Saint-Pierre<\/title>\n<meta name=\"description\" content=\"Prot\u00e9ger Mont-Saint-Pierre, c\u2019est tout aussi important pour nous que de vous le faire d\u00e9couvrir. Aidez-nous \u00e0 pr\u00e9server sa puret\u00e9 et sa beaut\u00e9.\" \/>\n<meta name=\"robots\" content=\"index, follow, max-snippet:-1, max-image-preview:large, max-video-preview:-1\" \/>\n<link rel=\"canonical\" href=\"https:\/\/montsaintpierre.ca\/en\/caring-for-mont-saint-pierre\/\" \/>\n<meta property=\"og:locale\" content=\"en_US\" \/>\n<meta property=\"og:type\" content=\"article\" \/>\n<meta property=\"og:title\" content=\"Caring for Mont-Saint-Pierre | Mont-Saint-Pierre\" \/>\n<meta property=\"og:description\" content=\"Prot\u00e9ger Mont-Saint-Pierre, c\u2019est tout aussi important pour nous que de vous le faire d\u00e9couvrir. Aidez-nous \u00e0 pr\u00e9server sa puret\u00e9 et sa beaut\u00e9.\" \/>\n<meta property=\"og:url\" content=\"https:\/\/montsaintpierre.ca\/en\/caring-for-mont-saint-pierre\/\" \/>\n<meta property=\"og:site_name\" content=\"Mont-Saint-Pierre\" \/>\n<meta property=\"article:modified_time\" content=\"2024-05-13T20:23:33+00:00\" \/>\n<meta property=\"og:image\" content=\"https:\/\/mont-saint-pierre.s3.bhs.io.cloud.ovh.net\/2024\/02\/entete-du-tourisme-autrement.jpg\" \/>\n\t<meta property=\"og:image:width\" content=\"2160\" \/>\n\t<meta property=\"og:image:height\" content=\"1438\" \/>\n\t<meta property=\"og:image:type\" content=\"image\/jpeg\" \/>\n<meta name=\"twitter:card\" content=\"summary_large_image\" \/>\n<meta name=\"twitter:label1\" content=\"Est. reading time\" \/>\n\t<meta name=\"twitter:data1\" content=\"2 minutes\" \/>\n<script type=\"application\/ld+json\" class=\"yoast-schema-graph\">{\"@context\":\"https:\/\/schema.org\",\"@graph\":[{\"@type\":\"WebPage\",\"@id\":\"https:\/\/montsaintpierre.ca\/en\/caring-for-mont-saint-pierre\/\",\"url\":\"https:\/\/montsaintpierre.ca\/en\/caring-for-mont-saint-pierre\/\",\"name\":\"Caring for Mont-Saint-Pierre | Mont-Saint-Pierre\",\"isPartOf\":{\"@id\":\"https:\/\/montsaintpierre.ca\/en\/#website\"},\"datePublished\":\"2024-01-11T18:16:15+00:00\",\"dateModified\":\"2024-05-13T20:23:33+00:00\",\"description\":\"Prot\u00e9ger Mont-Saint-Pierre, c\u2019est tout aussi important pour nous que de vous le faire d\u00e9couvrir. Aidez-nous \u00e0 pr\u00e9server sa puret\u00e9 et sa beaut\u00e9.\",\"breadcrumb\":{\"@id\":\"https:\/\/montsaintpierre.ca\/en\/caring-for-mont-saint-pierre\/#breadcrumb\"},\"inLanguage\":\"en-US\",\"potentialAction\":[{\"@type\":\"ReadAction\",\"target\":[\"https:\/\/montsaintpierre.ca\/en\/caring-for-mont-saint-pierre\/\"]}]},{\"@type\":\"BreadcrumbList\",\"@id\":\"https:\/\/montsaintpierre.ca\/en\/caring-for-mont-saint-pierre\/#breadcrumb\",\"itemListElement\":[{\"@type\":\"ListItem\",\"position\":1,\"name\":\"Home\",\"item\":\"https:\/\/montsaintpierre.ca\/en\/\"},{\"@type\":\"ListItem\",\"position\":2,\"name\":\"Caring for Mont-Saint-Pierre\"}]},{\"@type\":\"WebSite\",\"@id\":\"https:\/\/montsaintpierre.ca\/en\/#website\",\"url\":\"https:\/\/montsaintpierre.ca\/en\/\",\"name\":\"Mont-Saint-Pierre\",\"description\":\"Station de montagne sur mer\",\"alternateName\":\"MSP\",\"potentialAction\":[{\"@type\":\"SearchAction\",\"target\":{\"@type\":\"EntryPoint\",\"urlTemplate\":\"https:\/\/montsaintpierre.ca\/en\/?s={search_term_string}\"},\"query-input\":{\"@type\":\"PropertyValueSpecification\",\"valueRequired\":true,\"valueName\":\"search_term_string\"}}],\"inLanguage\":\"en-US\"}]}<\/script>\n<!-- \/ Yoast SEO plugin. -->","yoast_head_json":{"title":"Caring for Mont-Saint-Pierre | Mont-Saint-Pierre","description":"Prot\u00e9ger Mont-Saint-Pierre, c\u2019est tout aussi important pour nous que de vous le faire d\u00e9couvrir. Aidez-nous \u00e0 pr\u00e9server sa puret\u00e9 et sa beaut\u00e9.","robots":{"index":"index","follow":"follow","max-snippet":"max-snippet:-1","max-image-preview":"max-image-preview:large","max-video-preview":"max-video-preview:-1"},"canonical":"https:\/\/montsaintpierre.ca\/en\/caring-for-mont-saint-pierre\/","og_locale":"en_US","og_type":"article","og_title":"Caring for Mont-Saint-Pierre | Mont-Saint-Pierre","og_description":"Prot\u00e9ger Mont-Saint-Pierre, c\u2019est tout aussi important pour nous que de vous le faire d\u00e9couvrir. Aidez-nous \u00e0 pr\u00e9server sa puret\u00e9 et sa beaut\u00e9.","og_url":"https:\/\/montsaintpierre.ca\/en\/caring-for-mont-saint-pierre\/","og_site_name":"Mont-Saint-Pierre","article_modified_time":"2024-05-13T20:23:33+00:00","og_image":[{"width":2160,"height":1438,"url":"https:\/\/mont-saint-pierre.s3.bhs.io.cloud.ovh.net\/2024\/02\/entete-du-tourisme-autrement.jpg","type":"image\/jpeg"}],"twitter_card":"summary_large_image","twitter_misc":{"Est. reading time":"2 minutes"},"schema":{"@context":"https:\/\/schema.org","@graph":[{"@type":"WebPage","@id":"https:\/\/montsaintpierre.ca\/en\/caring-for-mont-saint-pierre\/","url":"https:\/\/montsaintpierre.ca\/en\/caring-for-mont-saint-pierre\/","name":"Caring for Mont-Saint-Pierre | Mont-Saint-Pierre","isPartOf":{"@id":"https:\/\/montsaintpierre.ca\/en\/#website"},"datePublished":"2024-01-11T18:16:15+00:00","dateModified":"2024-05-13T20:23:33+00:00","description":"Prot\u00e9ger Mont-Saint-Pierre, c\u2019est tout aussi important pour nous que de vous le faire d\u00e9couvrir. Aidez-nous \u00e0 pr\u00e9server sa puret\u00e9 et sa beaut\u00e9.","breadcrumb":{"@id":"https:\/\/montsaintpierre.ca\/en\/caring-for-mont-saint-pierre\/#breadcrumb"},"inLanguage":"en-US","potentialAction":[{"@type":"ReadAction","target":["https:\/\/montsaintpierre.ca\/en\/caring-for-mont-saint-pierre\/"]}]},{"@type":"BreadcrumbList","@id":"https:\/\/montsaintpierre.ca\/en\/caring-for-mont-saint-pierre\/#breadcrumb","itemListElement":[{"@type":"ListItem","position":1,"name":"Home","item":"https:\/\/montsaintpierre.ca\/en\/"},{"@type":"ListItem","position":2,"name":"Caring for Mont-Saint-Pierre"}]},{"@type":"WebSite","@id":"https:\/\/montsaintpierre.ca\/en\/#website","url":"https:\/\/montsaintpierre.ca\/en\/","name":"Mont-Saint-Pierre","description":"Station de montagne sur mer","alternateName":"MSP","potentialAction":[{"@type":"SearchAction","target":{"@type":"EntryPoint","urlTemplate":"https:\/\/montsaintpierre.ca\/en\/?s={search_term_string}"},"query-input":{"@type":"PropertyValueSpecification","valueRequired":true,"valueName":"search_term_string"}}],"inLanguage":"en-US"}]}},"_links":{"self":[{"href":"https:\/\/montsaintpierre.ca\/en\/wp-json\/wp\/v2\/pages\/1785","targetHints":{"allow":["GET"]}}],"collection":[{"href":"https:\/\/montsaintpierre.ca\/en\/wp-json\/wp\/v2\/pages"}],"about":[{"href":"https:\/\/montsaintpierre.ca\/en\/wp-json\/wp\/v2\/types\/page"}],"author":[{"embeddable":true,"href":"https:\/\/montsaintpierre.ca\/en\/wp-json\/wp\/v2\/users\/1"}],"replies":[{"embeddable":true,"href":"https:\/\/montsaintpierre.ca\/en\/wp-json\/wp\/v2\/comments?post=1785"}],"version-history":[{"count":2,"href":"https:\/\/montsaintpierre.ca\/en\/wp-json\/wp\/v2\/pages\/1785\/revisions"}],"predecessor-version":[{"id":1787,"href":"https:\/\/montsaintpierre.ca\/en\/wp-json\/wp\/v2\/pages\/1785\/revisions\/1787"}],"wp:attachment":[{"href":"https:\/\/montsaintpierre.ca\/en\/wp-json\/wp\/v2\/media?parent=1785"}],"curies":[{"name":"wp","href":"https:\/\/api.w.org\/{rel}","templated":true}]}}