{"id":1783,"date":"2024-01-11T13:13:18","date_gmt":"2024-01-11T18:13:18","guid":{"rendered":"https:\/\/montsaintpierre.ca\/hebergement-et-restauration\/"},"modified":"2024-05-13T16:15:57","modified_gmt":"2024-05-13T20:15:57","slug":"accommodation-and-restaurants","status":"publish","type":"page","link":"https:\/\/montsaintpierre.ca\/en\/accommodation-and-restaurants\/","title":{"rendered":"Accommodation and restaurants"},"content":{"rendered":"<div class=\"wpb-content-wrapper\"><p>[vc_row full_width=&#8221;stretch_row_content_no_spaces&#8221;][vc_column]<div class=\"henri-vc-module module-header \">\n\n    <div class=\"header\">\n        <div class=\"image-title-wrapper\">\n\n                            <div class=\"image\">\n                    <img decoding=\"async\" alt=\"image header - image en-tete\" src=\"https:\/\/mont-saint-pierre.s3.bhs.io.cloud.ovh.net\/2024\/01\/img-6278-scaled.jpg\">\n\n                                    <\/div>\n            \n            <div class=\"container-xl\">\n\n                <div class=\"row\">\n                    <div class=\"col-12\">\n                        <div class=\"title-and-btn \">\n                            <h1 class=\"color-inverse\">Eating and sleeping<\/h1>\n\n                                                    <\/div>\n                        \n                    <\/div>\n                <\/div>\n            <\/div>\n        <\/div>\n        <div class=\"container-xl\">\n            <div class=\"row\">\n                <div class=\"col-12\">\n                    <div class=\"subtitle\">\n                        <h2 class=\"color-inverse\"><\/h2>\n                    <\/div>\n                    <div class=\"text\">\n                        <p class=\"color-inverse\"><\/p>\n                    <\/div>\n                <\/div>\n            <\/div>\n        <\/div>\n        <div class=\"bottom-section-wrapper\">\n            <div class=\"container-xl\">\n                <div class=\"row\">\n                    <div class=\"col-12\">\n                        <div class=\"bottom-section-content \">\n                            <div class=\"chapeau\">\n                                <p class=\"color-inverse\">Whether you\u2019re looking for a place to spend the night or a restaurant to satisfy a craving or enjoy a great meal, we\u2019ve got you covered. A cafeteria offering full meals day and night is also available.<\/p>\n                            <\/div>\n\n                                                    <\/div>\n                    <\/div>\n                <\/div>\n            <\/div>\n        <\/div>\n    <\/div>\n<\/div>\n[\/vc_column][\/vc_row][vc_row][vc_column]<div class=\"henri-vc-module module-texte-avec-image \">\n    <div class=\"container-xl\">\n\n        \n        \n        \n\n        \n            <div class=\"row image-droite\">\n                <div class=\"col-12 col-lg-5\">\n                    <h2>H\u00e9bergement<\/h2>\n                    <div class=\"content\">\n                        <p>H\u00f4tel Motel Mont-Saint-Pierre<br \/>\n<a href=\"https:\/\/www.hotelmontstpierre.com\/?\" target=\"_blank\" rel=\"noopener\">Web<\/a> | <a href=\"https:\/\/www.facebook.com\/profile.php?id=100057586354567\" target=\"_blank\" rel=\"noopener\">Page FaceBook<\/a><\/p>\n<p><a href=\"http:\/\/audelice.com\" target=\"_blank\" rel=\"noopener\">Motel Le D\u00e9lice<\/a><\/p>\n<p><a href=\"http:\/\/lerefugedumauditfrancais.com\/\" target=\"_blank\" rel=\"noopener\">Le Refuge du Maudit Fran\u00e7ais<\/a><\/p>\n<p>Le Motel Les Flots bleus 418 797-2860<\/p>\n<p><a href=\"http:\/\/facebook.com\/leschaletsvermont\" target=\"_blank\" rel=\"noopener\">Chalets Vermont<\/a><\/p>\n<p>Chalets Bernatchez<br \/>\n<a href=\"https:\/\/chaletsbernatchez.ca\/\" target=\"_blank\" rel=\"noopener\">Web<\/a> | <a href=\"https:\/\/www.facebook.com\/Gaspesie2020\" target=\"_blank\" rel=\"noopener\">Page Facebook<\/a><\/p>\n<p>Camping municipal<br \/>\nde Mont-Saint-Pierre<br \/>\n<a href=\"https:\/\/municipalites-du-quebec.com\/mont-st-pierre\/camping.php\" target=\"_blank\" rel=\"noopener\">Web<\/a> | <a href=\"https:\/\/www.facebook.com\/profile.php?id=100092300036168\" target=\"_blank\" rel=\"noopener\">Page Facebook<\/a><\/p>\n<p><a href=\"https:\/\/www.chaletsauquebec.com\/17383\" target=\"_blank\" rel=\"noopener\">Chalet Oli<\/a><\/p>\n<p><a href=\"https:\/\/www.chaletsauquebec.com\/20641\" target=\"_blank\" rel=\"noopener\">Entre montagnes et mer<\/a><\/p>\n<p><a href=\"https:\/\/www.chaletsauquebec.com\/27723\" target=\"_blank\" rel=\"noopener\">Au Coeur de l\u2019Anse<\/a><\/p>\n<p><a href=\"https:\/\/www.chaletsauquebec.com\/37370\" target=\"_blank\" rel=\"noopener\">Petit chalet bois\u00e9<\/a><\/p>\n<p><a href=\"https:\/\/www.chaletsauquebec.com\/6174\" target=\"_blank\" rel=\"noopener\">Chalet Mimoza<\/a><\/p>\n<p><a href=\"https:\/\/www.chaletsauquebec.com\/32996\" target=\"_blank\" rel=\"noopener\">Balcon sur la mer<\/a><\/p>\n<p><a href=\"https:\/\/www.chaletsauquebec.com\/16379\" target=\"_blank\" rel=\"noopener\">Maison avec vue sur mer<\/a><\/p>                    <\/div>\n                                    <\/div>\n                <div class=\"col-12 col-lg-7\">\n                    <div class=\"image-background-wrapper design-1\">\n                        <div class=\"background\">\n                            <img decoding=\"async\" alt=\"image background\" src=\"https:\/\/montsaintpierre.ca\/wp-content\/themes\/henri\/_assets\/images\/formes-design-1.svg\">\n                        <\/div>\n                        <div class=\"image\">\n                                                            <img decoding=\"async\" alt=\"image\" src=\"https:\/\/mont-saint-pierre.s3.bhs.io.cloud.ovh.net\/2024\/01\/capture-decran-2024-01-16-150458.png\">\n                                                    <\/div>\n                    <\/div>\n                <\/div>\n            <\/div>\n        \n    <\/div>\n<\/div>\n[\/vc_column][\/vc_row][vc_row][vc_column]<div class=\"henri-vc-module module-texte-avec-image \">\n    <div class=\"container-xl\">\n\n        \n        \n        \n\n                    <div class=\"row image-gauche\">\n                <div class=\"col-12 col-lg-7\">\n                    <div class=\"image-background-wrapper design-2\">\n                        <div class=\"background\">\n                            <img decoding=\"async\" alt=\"image background\" src=\"https:\/\/montsaintpierre.ca\/wp-content\/themes\/henri\/_assets\/images\/formes-design-2.svg\">\n                        <\/div>\n                        <div class=\"image\">\n                                                            <img decoding=\"async\" alt=\"image\" src=\"https:\/\/mont-saint-pierre.s3.bhs.io.cloud.ovh.net\/2024\/01\/7708589.png\">\n                                                    <\/div>\n                    <\/div>\n                <\/div>\n                <div class=\"col-12 col-lg-5\">\n                    <h2>Restaurants<\/h2>\n                    <div class=\"content\">\n                        <p><a href=\"https:\/\/montsaintpierre.ca\/en\/place-du-village\/\" target=\"_blank\" rel=\"noopener\">Terrasse les vagues (Place du village)<\/a><\/p>\n<p><a href=\"https:\/\/www.facebook.com\/profile.php?id=61555051042670\" target=\"_blank\" rel=\"noopener\">Auberge au grain blanc<\/a><\/p>\n<p><a href=\"http:\/\/facebook.com\/profile.php?id=100092989098175\" target=\"_blank\" rel=\"noopener\">Cantine Sandy\u2019s<\/a><\/p>\n<p><a href=\"http:\/\/facebook.com\/boucanierssmokehouse?locale=fr_FR\" target=\"_blank\" rel=\"noopener\">Les Boucaniers Smokehouse<\/a><\/p>\n<p><a href=\"http:\/\/carrefouraventure.ca\/\" target=\"_blank\" rel=\"noopener\">Sucre Glace &#8211; Carrefour Aventure<\/a><\/p>                    <\/div>\n                                    <\/div>\n            <\/div>\n\n        \n    <\/div>\n<\/div>\n[\/vc_column][\/vc_row]<\/p>\n<\/div>","protected":false},"excerpt":{"rendered":"<p>[vc_row full_width=&#8221;stretch_row_content_no_spaces&#8221;][vc_column][\/vc_column][\/vc_row][vc_row][vc_column][\/vc_column][\/vc_row][vc_row][vc_column][\/vc_column][\/vc_row]<\/p>\n","protected":false},"author":1,"featured_media":0,"parent":0,"menu_order":0,"comment_status":"closed","ping_status":"closed","template":"","meta":{"_acf_changed":false,"inline_featured_image":false,"footnotes":""},"class_list":["post-1783","page","type-page","status-publish","hentry"],"acf":[],"yoast_head":"<!-- This site is optimized with the Yoast SEO plugin v25.3.1 - https:\/\/yoast.com\/wordpress\/plugins\/seo\/ -->\n<title>Accommodation and restaurants | Mont-Saint-Pierre<\/title>\n<meta name=\"description\" content=\"Chalets, motels, terrains pour tente ou roulotte, restaurants, terrasses et glacerie, on a tout \u00e7a. Et bien s\u00fbr, le tout \u00e9tant toujours accompagn\u00e9 de couchers de soleil.\" \/>\n<meta name=\"robots\" content=\"index, follow, max-snippet:-1, max-image-preview:large, max-video-preview:-1\" \/>\n<link rel=\"canonical\" href=\"https:\/\/montsaintpierre.ca\/en\/accommodation-and-restaurants\/\" \/>\n<meta property=\"og:locale\" content=\"en_US\" \/>\n<meta property=\"og:type\" content=\"article\" \/>\n<meta property=\"og:title\" content=\"Accommodation and restaurants | Mont-Saint-Pierre\" \/>\n<meta property=\"og:description\" content=\"Chalets, motels, terrains pour tente ou roulotte, restaurants, terrasses et glacerie, on a tout \u00e7a. Et bien s\u00fbr, le tout \u00e9tant toujours accompagn\u00e9 de couchers de soleil.\" \/>\n<meta property=\"og:url\" content=\"https:\/\/montsaintpierre.ca\/en\/accommodation-and-restaurants\/\" \/>\n<meta property=\"og:site_name\" content=\"Mont-Saint-Pierre\" \/>\n<meta property=\"article:modified_time\" content=\"2024-05-13T20:15:57+00:00\" \/>\n<meta property=\"og:image\" content=\"https:\/\/mont-saint-pierre.s3.bhs.io.cloud.ovh.net\/2024\/02\/entete-du-tourisme-autrement.jpg\" \/>\n\t<meta property=\"og:image:width\" content=\"2160\" \/>\n\t<meta property=\"og:image:height\" content=\"1438\" \/>\n\t<meta property=\"og:image:type\" content=\"image\/jpeg\" \/>\n<meta name=\"twitter:card\" content=\"summary_large_image\" \/>\n<meta name=\"twitter:label1\" content=\"Est. reading time\" \/>\n\t<meta name=\"twitter:data1\" content=\"2 minutes\" \/>\n<script type=\"application\/ld+json\" class=\"yoast-schema-graph\">{\"@context\":\"https:\/\/schema.org\",\"@graph\":[{\"@type\":\"WebPage\",\"@id\":\"https:\/\/montsaintpierre.ca\/en\/accommodation-and-restaurants\/\",\"url\":\"https:\/\/montsaintpierre.ca\/en\/accommodation-and-restaurants\/\",\"name\":\"Accommodation and restaurants | Mont-Saint-Pierre\",\"isPartOf\":{\"@id\":\"https:\/\/montsaintpierre.ca\/en\/#website\"},\"datePublished\":\"2024-01-11T18:13:18+00:00\",\"dateModified\":\"2024-05-13T20:15:57+00:00\",\"description\":\"Chalets, motels, terrains pour tente ou roulotte, restaurants, terrasses et glacerie, on a tout \u00e7a. Et bien s\u00fbr, le tout \u00e9tant toujours accompagn\u00e9 de couchers de soleil.\",\"breadcrumb\":{\"@id\":\"https:\/\/montsaintpierre.ca\/en\/accommodation-and-restaurants\/#breadcrumb\"},\"inLanguage\":\"en-US\",\"potentialAction\":[{\"@type\":\"ReadAction\",\"target\":[\"https:\/\/montsaintpierre.ca\/en\/accommodation-and-restaurants\/\"]}]},{\"@type\":\"BreadcrumbList\",\"@id\":\"https:\/\/montsaintpierre.ca\/en\/accommodation-and-restaurants\/#breadcrumb\",\"itemListElement\":[{\"@type\":\"ListItem\",\"position\":1,\"name\":\"Home\",\"item\":\"https:\/\/montsaintpierre.ca\/en\/\"},{\"@type\":\"ListItem\",\"position\":2,\"name\":\"Accommodation and restaurants\"}]},{\"@type\":\"WebSite\",\"@id\":\"https:\/\/montsaintpierre.ca\/en\/#website\",\"url\":\"https:\/\/montsaintpierre.ca\/en\/\",\"name\":\"Mont-Saint-Pierre\",\"description\":\"Station de montagne sur mer\",\"alternateName\":\"MSP\",\"potentialAction\":[{\"@type\":\"SearchAction\",\"target\":{\"@type\":\"EntryPoint\",\"urlTemplate\":\"https:\/\/montsaintpierre.ca\/en\/?s={search_term_string}\"},\"query-input\":{\"@type\":\"PropertyValueSpecification\",\"valueRequired\":true,\"valueName\":\"search_term_string\"}}],\"inLanguage\":\"en-US\"}]}<\/script>\n<!-- \/ Yoast SEO plugin. -->","yoast_head_json":{"title":"Accommodation and restaurants | Mont-Saint-Pierre","description":"Chalets, motels, terrains pour tente ou roulotte, restaurants, terrasses et glacerie, on a tout \u00e7a. Et bien s\u00fbr, le tout \u00e9tant toujours accompagn\u00e9 de couchers de soleil.","robots":{"index":"index","follow":"follow","max-snippet":"max-snippet:-1","max-image-preview":"max-image-preview:large","max-video-preview":"max-video-preview:-1"},"canonical":"https:\/\/montsaintpierre.ca\/en\/accommodation-and-restaurants\/","og_locale":"en_US","og_type":"article","og_title":"Accommodation and restaurants | Mont-Saint-Pierre","og_description":"Chalets, motels, terrains pour tente ou roulotte, restaurants, terrasses et glacerie, on a tout \u00e7a. Et bien s\u00fbr, le tout \u00e9tant toujours accompagn\u00e9 de couchers de soleil.","og_url":"https:\/\/montsaintpierre.ca\/en\/accommodation-and-restaurants\/","og_site_name":"Mont-Saint-Pierre","article_modified_time":"2024-05-13T20:15:57+00:00","og_image":[{"width":2160,"height":1438,"url":"https:\/\/mont-saint-pierre.s3.bhs.io.cloud.ovh.net\/2024\/02\/entete-du-tourisme-autrement.jpg","type":"image\/jpeg"}],"twitter_card":"summary_large_image","twitter_misc":{"Est. reading time":"2 minutes"},"schema":{"@context":"https:\/\/schema.org","@graph":[{"@type":"WebPage","@id":"https:\/\/montsaintpierre.ca\/en\/accommodation-and-restaurants\/","url":"https:\/\/montsaintpierre.ca\/en\/accommodation-and-restaurants\/","name":"Accommodation and restaurants | Mont-Saint-Pierre","isPartOf":{"@id":"https:\/\/montsaintpierre.ca\/en\/#website"},"datePublished":"2024-01-11T18:13:18+00:00","dateModified":"2024-05-13T20:15:57+00:00","description":"Chalets, motels, terrains pour tente ou roulotte, restaurants, terrasses et glacerie, on a tout \u00e7a. Et bien s\u00fbr, le tout \u00e9tant toujours accompagn\u00e9 de couchers de soleil.","breadcrumb":{"@id":"https:\/\/montsaintpierre.ca\/en\/accommodation-and-restaurants\/#breadcrumb"},"inLanguage":"en-US","potentialAction":[{"@type":"ReadAction","target":["https:\/\/montsaintpierre.ca\/en\/accommodation-and-restaurants\/"]}]},{"@type":"BreadcrumbList","@id":"https:\/\/montsaintpierre.ca\/en\/accommodation-and-restaurants\/#breadcrumb","itemListElement":[{"@type":"ListItem","position":1,"name":"Home","item":"https:\/\/montsaintpierre.ca\/en\/"},{"@type":"ListItem","position":2,"name":"Accommodation and restaurants"}]},{"@type":"WebSite","@id":"https:\/\/montsaintpierre.ca\/en\/#website","url":"https:\/\/montsaintpierre.ca\/en\/","name":"Mont-Saint-Pierre","description":"Station de montagne sur mer","alternateName":"MSP","potentialAction":[{"@type":"SearchAction","target":{"@type":"EntryPoint","urlTemplate":"https:\/\/montsaintpierre.ca\/en\/?s={search_term_string}"},"query-input":{"@type":"PropertyValueSpecification","valueRequired":true,"valueName":"search_term_string"}}],"inLanguage":"en-US"}]}},"_links":{"self":[{"href":"https:\/\/montsaintpierre.ca\/en\/wp-json\/wp\/v2\/pages\/1783","targetHints":{"allow":["GET"]}}],"collection":[{"href":"https:\/\/montsaintpierre.ca\/en\/wp-json\/wp\/v2\/pages"}],"about":[{"href":"https:\/\/montsaintpierre.ca\/en\/wp-json\/wp\/v2\/types\/page"}],"author":[{"embeddable":true,"href":"https:\/\/montsaintpierre.ca\/en\/wp-json\/wp\/v2\/users\/1"}],"replies":[{"embeddable":true,"href":"https:\/\/montsaintpierre.ca\/en\/wp-json\/wp\/v2\/comments?post=1783"}],"version-history":[{"count":1,"href":"https:\/\/montsaintpierre.ca\/en\/wp-json\/wp\/v2\/pages\/1783\/revisions"}],"predecessor-version":[{"id":1784,"href":"https:\/\/montsaintpierre.ca\/en\/wp-json\/wp\/v2\/pages\/1783\/revisions\/1784"}],"wp:attachment":[{"href":"https:\/\/montsaintpierre.ca\/en\/wp-json\/wp\/v2\/media?parent=1783"}],"curies":[{"name":"wp","href":"https:\/\/api.w.org\/{rel}","templated":true}]}}