{"id":1780,"date":"2024-01-11T13:10:02","date_gmt":"2024-01-11T18:10:02","guid":{"rendered":"https:\/\/montsaintpierre.ca\/acces-et-stationnements\/"},"modified":"2024-05-13T16:11:09","modified_gmt":"2024-05-13T20:11:09","slug":"access-and-parking","status":"publish","type":"page","link":"https:\/\/montsaintpierre.ca\/en\/access-and-parking\/","title":{"rendered":"Access and parking"},"content":{"rendered":"<div class=\"wpb-content-wrapper\"><p>[vc_row full_width=&#8221;stretch_row_content_no_spaces&#8221;][vc_column]<div class=\"henri-vc-module module-header \">\n\n    <div class=\"header\">\n        <div class=\"image-title-wrapper\">\n\n                            <div class=\"image\">\n                    <img decoding=\"async\" alt=\"image header - image en-tete\" src=\"https:\/\/mont-saint-pierre.s3.bhs.io.cloud.ovh.net\/2024\/01\/6aout-51-scaled.jpg\">\n\n                                    <\/div>\n            \n            <div class=\"container-xl\">\n\n                <div class=\"row\">\n                    <div class=\"col-12\">\n                        <div class=\"title-and-btn \">\n                            <h1 class=\"color-inverse\">Access and parking<\/h1>\n\n                                                    <\/div>\n                        \n                    <\/div>\n                <\/div>\n            <\/div>\n        <\/div>\n        <div class=\"container-xl\">\n            <div class=\"row\">\n                <div class=\"col-12\">\n                    <div class=\"subtitle\">\n                        <h2 class=\"color-inverse\"><\/h2>\n                    <\/div>\n                    <div class=\"text\">\n                        <p class=\"color-inverse\"><\/p>\n                    <\/div>\n                <\/div>\n            <\/div>\n        <\/div>\n        <div class=\"bottom-section-wrapper\">\n            <div class=\"container-xl\">\n                <div class=\"row\">\n                    <div class=\"col-12\">\n                        <div class=\"bottom-section-content \">\n                            <div class=\"chapeau\">\n                                <p class=\"color-inverse\">Looking for a place to park? Need transportation for hiking or biking? We can help you!<\/p>\n                            <\/div>\n\n                                                    <\/div>\n                    <\/div>\n                <\/div>\n            <\/div>\n        <\/div>\n    <\/div>\n<\/div>\n[\/vc_column][\/vc_row][vc_row][vc_column]<div class=\"henri-vc-module module-texte-avec-image \">\n    <div class=\"container-xl\">\n\n        \n        \n        \n\n        \n            <div class=\"row image-droite\">\n                <div class=\"col-12 col-lg-5\">\n                    <h2>Route 132 and our shuttle buses<\/h2>\n                    <div class=\"content\">\n                        <\/p>\n<p align=\"left\">Getting to Mont-Saint-Pierre is super easy. In fact, it\u2019s impossible to get lost. Just follow Route\u00a0132.<\/p>\n<p>If you live between Montr\u00e9al and Rimouski, take Highway\u00a020 eastbound to the Mont-Joli roundabout, then head east toward Sainte-Flavie or M\u00e9tis on Route\u00a0132.<\/p>\n                    <\/div>\n                                    <\/div>\n                <div class=\"col-12 col-lg-7\">\n                    <div class=\"image-background-wrapper design-1\">\n                        <div class=\"background\">\n                            <img decoding=\"async\" alt=\"image background\" src=\"https:\/\/montsaintpierre.ca\/wp-content\/themes\/henri\/_assets\/images\/formes-design-1.svg\">\n                        <\/div>\n                        <div class=\"image\">\n                                                            <img decoding=\"async\" alt=\"image\" src=\"https:\/\/mont-saint-pierre.s3.bhs.io.cloud.ovh.net\/2024\/01\/falaise-drone.jpg\">\n                                                    <\/div>\n                    <\/div>\n                <\/div>\n            <\/div>\n        \n    <\/div>\n<\/div>\n[vc_column_text css=&#8221;.vc_custom_1715630956018{padding-right: 20px !important;padding-left: 20px !important;}&#8221;]If you are on the North Shore, first take a ferry to the South Shore, then take Highway\u00a020 eastbound or Route\u00a0132 eastbound.<\/p>\n<p>From Qu\u00e9bec City: 547\u00a0km<br \/>\nFrom Trois-Rivi\u00e8res: 658\u00a0km<br \/>\nFrom Montr\u00e9al: 777\u00a0km[\/vc_column_text][vc_empty_space height=&#8221;30px&#8221;][vc_column_text css=&#8221;.vc_custom_1715631011919{padding-right: 20px !important;padding-left: 20px !important;}&#8221;]<\/p>\n<h3>Shuttle bus<\/h3>\n<p>All departures take place at Place du Village.<\/p>\n<ul>\n<li>Mont Saint-Pierre summit (and Observation Deck)<\/li>\n<li>Mont Jacques-Cartier<\/li>\n<li>Lynx Trail<\/li>\n<\/ul>\n<p>Bicycle transportation is available. Contact us for more information.<\/p>\n<p>[\/vc_column_text][\/vc_column][\/vc_row][vc_row disable_element=&#8221;yes&#8221;][vc_column]<div class=\"henri-vc-module module-texte-avec-image \">\n    <div class=\"container-xl\">\n\n        \n        \n        \n\n        \n            <div class=\"row image-droite\">\n                <div class=\"col-12 col-lg-5\">\n                    <h2>La route 132 et nos navettes<\/h2>\n                    <div class=\"content\">\n                        <p>Se rendre \u00e0 Mont-Saint-Pierre, c\u2019est ultra facile. En fait, c\u2019est m\u00eame impossible de se perdre. Vous n\u2019avez qu\u2019\u00e0 suivre la route 132.<\/p>\n<p>Si vous habitez entre Montr\u00e9al et Rimouski, suivez l\u2019autoroute 20, direction est, jusqu\u2019au carrefour giratoire de Mont-Joli et prenez la direction de Sainte-Flavie ou de M\u00e9tis, route 132, direction est.<\/p>\n<p>Si vous \u00eates sur la C\u00f4te-Nord, prenez le traversier et selon o\u00f9 vous allez descendre, prenez l\u2019autoroute 20, direction est ou la route 132, direction est.<\/p>\n<p>\u00c0 partir de Qu\u00e9bec : 547 km<br \/>\n\u00c0 partir de Trois-Rivi\u00e8res : 658 km<br \/>\n\u00c0 partir de Montr\u00e9al : 777 km<\/p>\n<p>Navettes<br \/>\nEn tout, quatre trajets sont offerts. Notez que chaque d\u00e9part se fait \u00e0 partir de la Place du village.<\/p>\n<p>1. Vers le sommet du mont Saint-Pierre (Observatoire)<br \/>\n2. Vers le sommet du sentier du Lynx<br \/>\n3. Vers le mont Jacques-Cartier (Parc national de la Gasp\u00e9sie)<br \/>\nAccueil du Mont-Jacques-Cartier : 45 minutes<br \/>\nLe transport des v\u00e9los est aussi possible<br \/>\n4. Vers la Pointe Sec (selon la programmation et la demande)<\/p>                    <\/div>\n                                    <\/div>\n                <div class=\"col-12 col-lg-7\">\n                    <div class=\"image-background-wrapper design-1\">\n                        <div class=\"background\">\n                            <img decoding=\"async\" alt=\"image background\" src=\"https:\/\/montsaintpierre.ca\/wp-content\/themes\/henri\/_assets\/images\/formes-design-1.svg\">\n                        <\/div>\n                        <div class=\"image\">\n                                                            <img decoding=\"async\" alt=\"image\" src=\"https:\/\/mont-saint-pierre.s3.bhs.io.cloud.ovh.net\/2024\/01\/falaise-drone.jpg\">\n                                                    <\/div>\n                    <\/div>\n                <\/div>\n            <\/div>\n        \n    <\/div>\n<\/div>\n[\/vc_column][\/vc_row][vc_row][vc_column]<div class=\"henri-vc-module module-texte-avec-image \">\n    <div class=\"container-xl\">\n\n        \n        \n        \n\n                    <div class=\"row image-gauche\">\n                <div class=\"col-12 col-lg-7\">\n                    <div class=\"image-background-wrapper design-2\">\n                        <div class=\"background\">\n                            <img decoding=\"async\" alt=\"image background\" src=\"https:\/\/montsaintpierre.ca\/wp-content\/themes\/henri\/_assets\/images\/formes-design-2.svg\">\n                        <\/div>\n                        <div class=\"image\">\n                                                            <img decoding=\"async\" alt=\"image\" src=\"https:\/\/mont-saint-pierre.s3.bhs.io.cloud.ovh.net\/2024\/02\/acces-et-stationnements-msp-vue-du-ciel-hiver-scaled-e1708345985617.jpeg\">\n                                                    <\/div>\n                    <\/div>\n                <\/div>\n                <div class=\"col-12 col-lg-5\">\n                    <h2><\/h2>\n                    <div class=\"content\">\n                        <\/p>\n<h2>There are two parking areas:<\/h2>\n<ul>\n<li>Salle du Clocher<br \/>\n112 rue Prudent-Cloutier.<\/li>\n<li>Centre Claude Mercier<br \/>\n22-B,\u00a0route Pierre-Mercier<br \/>\n(for vehicles)<\/li>\n<\/ul>\n                    <\/div>\n                                    <\/div>\n            <\/div>\n\n        \n    <\/div>\n<\/div>\n[\/vc_column][\/vc_row][vc_row full_width=&#8221;stretch_row_content_no_spaces&#8221; disable_element=&#8221;yes&#8221;][vc_column]<div class=\"henri-vc-module module-banniere-animee \" id=\"banniere_anime\">\n    <div class=\"container-xl\">\n        <div class=\"row\">\n\n            <div class=\"col-12 col-xl-6 col-title\">\n                <div class=\"title\">\n                    <h2 class=\"color-inverse\">Nous proposons des activit\u00e9s pour tous les go\u00fbts.<\/h2>\n                <\/div>\n\n\n                                    <a class=\"link-arrow orange-arrow-blue-bg color-inverse\" href=\"https:\/\/montsaintpierre.ca\/activites\/\" title=\"Activit\u00e9s\" target=\"\">Voir toutes les activit\u00e9s<\/a>\n                \n                            <\/div>\n\n            <div class=\"col-12 col-xl-6 col-images\">\n                <div class=\"items-wrapper\">\n                    <div class=\"banniere-animee-item\" style=\"z-index: 100;\">\n    <div class=\"image-container\">\n        <img decoding=\"async\" src=\"https:\/\/mont-saint-pierre.s3.bhs.io.cloud.ovh.net\/2024\/01\/chok-msp-juin-2023-76-scaled.jpg\">\n    <\/div>\n    <div class=\"link-wrapper\">\n                    <a class=\"link-arrow blue-arrow-orange-bg\" href=\"https:\/\/montsaintpierre.ca\/randonnee\/\" title=\"Randonn\u00e9e\" target=\"\">Randonn\u00e9e p\u00e9destre<\/a>\n            <\/div>\n<\/div>\n<div class=\"banniere-animee-item\" style=\"z-index: 101;\">\n    <div class=\"image-container\">\n        <img decoding=\"async\" src=\"https:\/\/mont-saint-pierre.s3.bhs.io.cloud.ovh.net\/2024\/01\/chok-msp-juin-2023-130-scaled.jpg\">\n    <\/div>\n    <div class=\"link-wrapper\">\n                    <a class=\"link-arrow blue-arrow-orange-bg\" href=\"https:\/\/montsaintpierre.ca\/plage\/\" title=\"Plage\" target=\"\">Plage<\/a>\n            <\/div>\n<\/div>\n<div class=\"banniere-animee-item\" style=\"z-index: 102;\">\n    <div class=\"image-container\">\n        <img decoding=\"async\" src=\"https:\/\/mont-saint-pierre.s3.bhs.io.cloud.ovh.net\/2024\/01\/382221359-1306083670271429-6652873518510416754-n.jpg\">\n    <\/div>\n    <div class=\"link-wrapper\">\n                    <a class=\"link-arrow blue-arrow-orange-bg\" href=\"https:\/\/carrefouraventure.ca\/\" title=\"Plage\" target=\"\">Carrefour Aventure<\/a>\n            <\/div>\n<\/div>\n<div class=\"banniere-animee-item\" style=\"z-index: 103;\">\n    <div class=\"image-container\">\n        <img decoding=\"async\" src=\"https:\/\/mont-saint-pierre.s3.bhs.io.cloud.ovh.net\/2024\/01\/380246675-197223133387322-634235386600585225-n.jpg\">\n    <\/div>\n    <div class=\"link-wrapper\">\n                    <a class=\"link-arrow blue-arrow-orange-bg\" href=\"http:\/\/facebook.com\/profile.php?id=100092989098175\" title=\"Randonn\u00e9e\" target=\"\">La cantine Sandy\u2019s<\/a>\n            <\/div>\n<\/div>\n                <\/div>\n            <\/div>\n        <\/div>\n    <\/div>\n    \n<\/div>\n[\/vc_column][\/vc_row]<\/p>\n<\/div>","protected":false},"excerpt":{"rendered":"<p>[vc_row full_width=&#8221;stretch_row_content_no_spaces&#8221;][vc_column][\/vc_column][\/vc_row][vc_row][vc_column][vc_column_text css=&#8221;.vc_custom_1715630956018{padding-right: 20px !important;padding-left: 20px !important;}&#8221;]If you are on the North Shore, first take a ferry to the South Shore, then take Highway\u00a020 eastbound or Route\u00a0132 eastbound. From Qu\u00e9bec City: 547\u00a0km From Trois-Rivi\u00e8res: 658\u00a0km From Montr\u00e9al: 777\u00a0km[\/vc_column_text][vc_empty_space height=&#8221;30px&#8221;][vc_column_text css=&#8221;.vc_custom_1715631011919{padding-right: 20px !important;padding-left: 20px !important;}&#8221;] Shuttle bus All departures take place at Place du Village. Mont [&hellip;]<\/p>\n","protected":false},"author":1,"featured_media":0,"parent":0,"menu_order":0,"comment_status":"closed","ping_status":"closed","template":"","meta":{"_acf_changed":false,"inline_featured_image":false,"footnotes":""},"class_list":["post-1780","page","type-page","status-publish","hentry"],"acf":[],"yoast_head":"<!-- This site is optimized with the Yoast SEO plugin v25.3.1 - https:\/\/yoast.com\/wordpress\/plugins\/seo\/ -->\n<title>Access and parking | Mont-Saint-Pierre<\/title>\n<meta name=\"description\" content=\"La page parfaite pour retrouver toutes les activit\u00e9s possibles \u00e0 faire \u00e0 Mont-Saint-Pierre. Qu\u2019allez-vous faire aujourd\u2019hui?Vous cherchez un endroit o\u00f9 stationner? Vous avez besoin d\u2019un transport pour la randonn\u00e9e ou le v\u00e9lo? Laissez-nous vous aider.\" \/>\n<meta name=\"robots\" content=\"index, follow, max-snippet:-1, max-image-preview:large, max-video-preview:-1\" \/>\n<link rel=\"canonical\" href=\"https:\/\/montsaintpierre.ca\/en\/access-and-parking\/\" \/>\n<meta property=\"og:locale\" content=\"en_US\" \/>\n<meta property=\"og:type\" content=\"article\" \/>\n<meta property=\"og:title\" content=\"Access and parking | Mont-Saint-Pierre\" \/>\n<meta property=\"og:description\" content=\"La page parfaite pour retrouver toutes les activit\u00e9s possibles \u00e0 faire \u00e0 Mont-Saint-Pierre. Qu\u2019allez-vous faire aujourd\u2019hui?Vous cherchez un endroit o\u00f9 stationner? Vous avez besoin d\u2019un transport pour la randonn\u00e9e ou le v\u00e9lo? Laissez-nous vous aider.\" \/>\n<meta property=\"og:url\" content=\"https:\/\/montsaintpierre.ca\/en\/access-and-parking\/\" \/>\n<meta property=\"og:site_name\" content=\"Mont-Saint-Pierre\" \/>\n<meta property=\"article:modified_time\" content=\"2024-05-13T20:11:09+00:00\" \/>\n<meta property=\"og:image\" content=\"https:\/\/mont-saint-pierre.s3.bhs.io.cloud.ovh.net\/2024\/02\/entete-du-tourisme-autrement.jpg\" \/>\n\t<meta property=\"og:image:width\" content=\"2160\" \/>\n\t<meta property=\"og:image:height\" content=\"1438\" \/>\n\t<meta property=\"og:image:type\" content=\"image\/jpeg\" \/>\n<meta name=\"twitter:card\" content=\"summary_large_image\" \/>\n<meta name=\"twitter:label1\" content=\"Est. reading time\" \/>\n\t<meta name=\"twitter:data1\" content=\"4 minutes\" \/>\n<script type=\"application\/ld+json\" class=\"yoast-schema-graph\">{\"@context\":\"https:\/\/schema.org\",\"@graph\":[{\"@type\":\"WebPage\",\"@id\":\"https:\/\/montsaintpierre.ca\/en\/access-and-parking\/\",\"url\":\"https:\/\/montsaintpierre.ca\/en\/access-and-parking\/\",\"name\":\"Access and parking | Mont-Saint-Pierre\",\"isPartOf\":{\"@id\":\"https:\/\/montsaintpierre.ca\/en\/#website\"},\"datePublished\":\"2024-01-11T18:10:02+00:00\",\"dateModified\":\"2024-05-13T20:11:09+00:00\",\"description\":\"La page parfaite pour retrouver toutes les activit\u00e9s possibles \u00e0 faire \u00e0 Mont-Saint-Pierre. Qu\u2019allez-vous faire aujourd\u2019hui?Vous cherchez un endroit o\u00f9 stationner? Vous avez besoin d\u2019un transport pour la randonn\u00e9e ou le v\u00e9lo? Laissez-nous vous aider.\",\"breadcrumb\":{\"@id\":\"https:\/\/montsaintpierre.ca\/en\/access-and-parking\/#breadcrumb\"},\"inLanguage\":\"en-US\",\"potentialAction\":[{\"@type\":\"ReadAction\",\"target\":[\"https:\/\/montsaintpierre.ca\/en\/access-and-parking\/\"]}]},{\"@type\":\"BreadcrumbList\",\"@id\":\"https:\/\/montsaintpierre.ca\/en\/access-and-parking\/#breadcrumb\",\"itemListElement\":[{\"@type\":\"ListItem\",\"position\":1,\"name\":\"Home\",\"item\":\"https:\/\/montsaintpierre.ca\/en\/\"},{\"@type\":\"ListItem\",\"position\":2,\"name\":\"Access and parking\"}]},{\"@type\":\"WebSite\",\"@id\":\"https:\/\/montsaintpierre.ca\/en\/#website\",\"url\":\"https:\/\/montsaintpierre.ca\/en\/\",\"name\":\"Mont-Saint-Pierre\",\"description\":\"Station de montagne sur mer\",\"alternateName\":\"MSP\",\"potentialAction\":[{\"@type\":\"SearchAction\",\"target\":{\"@type\":\"EntryPoint\",\"urlTemplate\":\"https:\/\/montsaintpierre.ca\/en\/?s={search_term_string}\"},\"query-input\":{\"@type\":\"PropertyValueSpecification\",\"valueRequired\":true,\"valueName\":\"search_term_string\"}}],\"inLanguage\":\"en-US\"}]}<\/script>\n<!-- \/ Yoast SEO plugin. -->","yoast_head_json":{"title":"Access and parking | Mont-Saint-Pierre","description":"La page parfaite pour retrouver toutes les activit\u00e9s possibles \u00e0 faire \u00e0 Mont-Saint-Pierre. Qu\u2019allez-vous faire aujourd\u2019hui?Vous cherchez un endroit o\u00f9 stationner? Vous avez besoin d\u2019un transport pour la randonn\u00e9e ou le v\u00e9lo? Laissez-nous vous aider.","robots":{"index":"index","follow":"follow","max-snippet":"max-snippet:-1","max-image-preview":"max-image-preview:large","max-video-preview":"max-video-preview:-1"},"canonical":"https:\/\/montsaintpierre.ca\/en\/access-and-parking\/","og_locale":"en_US","og_type":"article","og_title":"Access and parking | Mont-Saint-Pierre","og_description":"La page parfaite pour retrouver toutes les activit\u00e9s possibles \u00e0 faire \u00e0 Mont-Saint-Pierre. Qu\u2019allez-vous faire aujourd\u2019hui?Vous cherchez un endroit o\u00f9 stationner? Vous avez besoin d\u2019un transport pour la randonn\u00e9e ou le v\u00e9lo? Laissez-nous vous aider.","og_url":"https:\/\/montsaintpierre.ca\/en\/access-and-parking\/","og_site_name":"Mont-Saint-Pierre","article_modified_time":"2024-05-13T20:11:09+00:00","og_image":[{"width":2160,"height":1438,"url":"https:\/\/mont-saint-pierre.s3.bhs.io.cloud.ovh.net\/2024\/02\/entete-du-tourisme-autrement.jpg","type":"image\/jpeg"}],"twitter_card":"summary_large_image","twitter_misc":{"Est. reading time":"4 minutes"},"schema":{"@context":"https:\/\/schema.org","@graph":[{"@type":"WebPage","@id":"https:\/\/montsaintpierre.ca\/en\/access-and-parking\/","url":"https:\/\/montsaintpierre.ca\/en\/access-and-parking\/","name":"Access and parking | Mont-Saint-Pierre","isPartOf":{"@id":"https:\/\/montsaintpierre.ca\/en\/#website"},"datePublished":"2024-01-11T18:10:02+00:00","dateModified":"2024-05-13T20:11:09+00:00","description":"La page parfaite pour retrouver toutes les activit\u00e9s possibles \u00e0 faire \u00e0 Mont-Saint-Pierre. Qu\u2019allez-vous faire aujourd\u2019hui?Vous cherchez un endroit o\u00f9 stationner? Vous avez besoin d\u2019un transport pour la randonn\u00e9e ou le v\u00e9lo? Laissez-nous vous aider.","breadcrumb":{"@id":"https:\/\/montsaintpierre.ca\/en\/access-and-parking\/#breadcrumb"},"inLanguage":"en-US","potentialAction":[{"@type":"ReadAction","target":["https:\/\/montsaintpierre.ca\/en\/access-and-parking\/"]}]},{"@type":"BreadcrumbList","@id":"https:\/\/montsaintpierre.ca\/en\/access-and-parking\/#breadcrumb","itemListElement":[{"@type":"ListItem","position":1,"name":"Home","item":"https:\/\/montsaintpierre.ca\/en\/"},{"@type":"ListItem","position":2,"name":"Access and parking"}]},{"@type":"WebSite","@id":"https:\/\/montsaintpierre.ca\/en\/#website","url":"https:\/\/montsaintpierre.ca\/en\/","name":"Mont-Saint-Pierre","description":"Station de montagne sur mer","alternateName":"MSP","potentialAction":[{"@type":"SearchAction","target":{"@type":"EntryPoint","urlTemplate":"https:\/\/montsaintpierre.ca\/en\/?s={search_term_string}"},"query-input":{"@type":"PropertyValueSpecification","valueRequired":true,"valueName":"search_term_string"}}],"inLanguage":"en-US"}]}},"_links":{"self":[{"href":"https:\/\/montsaintpierre.ca\/en\/wp-json\/wp\/v2\/pages\/1780","targetHints":{"allow":["GET"]}}],"collection":[{"href":"https:\/\/montsaintpierre.ca\/en\/wp-json\/wp\/v2\/pages"}],"about":[{"href":"https:\/\/montsaintpierre.ca\/en\/wp-json\/wp\/v2\/types\/page"}],"author":[{"embeddable":true,"href":"https:\/\/montsaintpierre.ca\/en\/wp-json\/wp\/v2\/users\/1"}],"replies":[{"embeddable":true,"href":"https:\/\/montsaintpierre.ca\/en\/wp-json\/wp\/v2\/comments?post=1780"}],"version-history":[{"count":2,"href":"https:\/\/montsaintpierre.ca\/en\/wp-json\/wp\/v2\/pages\/1780\/revisions"}],"predecessor-version":[{"id":1782,"href":"https:\/\/montsaintpierre.ca\/en\/wp-json\/wp\/v2\/pages\/1780\/revisions\/1782"}],"wp:attachment":[{"href":"https:\/\/montsaintpierre.ca\/en\/wp-json\/wp\/v2\/media?parent=1780"}],"curies":[{"name":"wp","href":"https:\/\/api.w.org\/{rel}","templated":true}]}}