{"id":1768,"date":"2024-01-11T12:52:38","date_gmt":"2024-01-11T17:52:38","guid":{"rendered":"https:\/\/montsaintpierre.ca\/escalade-de-glace\/"},"modified":"2024-05-13T15:15:38","modified_gmt":"2024-05-13T19:15:38","slug":"ice-climbing","status":"publish","type":"page","link":"https:\/\/montsaintpierre.ca\/en\/ice-climbing\/","title":{"rendered":"Ice climbing"},"content":{"rendered":"<div class=\"wpb-content-wrapper\"><p>[vc_row full_width=&#8221;stretch_row_content_no_spaces&#8221;][vc_column]<div class=\"henri-vc-module module-header \">\n\n    <div class=\"header\">\n        <div class=\"image-title-wrapper\">\n\n                            <div class=\"image\">\n                    <img decoding=\"async\" alt=\"image header - image en-tete\" src=\"https:\/\/mont-saint-pierre.s3.bhs.io.cloud.ovh.net\/2024\/01\/femme-place-vis-glace-escalade-glace-vue-aerienne-cascade-gelee-scaled.jpg\">\n\n                                    <\/div>\n            \n            <div class=\"container-xl\">\n\n                <div class=\"row\">\n                    <div class=\"col-12\">\n                        <div class=\"title-and-btn \">\n                            <h1 class=\"color-inverse\">Ice climbing<\/h1>\n\n                                                    <\/div>\n                        \n                    <\/div>\n                <\/div>\n            <\/div>\n        <\/div>\n        <div class=\"container-xl\">\n            <div class=\"row\">\n                <div class=\"col-12\">\n                    <div class=\"subtitle\">\n                        <h2 class=\"color-inverse\"><\/h2>\n                    <\/div>\n                    <div class=\"text\">\n                        <p class=\"color-inverse\"><\/p>\n                    <\/div>\n                <\/div>\n            <\/div>\n        <\/div>\n        <div class=\"bottom-section-wrapper\">\n            <div class=\"container-xl\">\n                <div class=\"row\">\n                    <div class=\"col-12\">\n                        <div class=\"bottom-section-content \">\n                            <div class=\"chapeau\">\n                                <p class=\"color-inverse\"><\/p>\n                            <\/div>\n\n                                                    <\/div>\n                    <\/div>\n                <\/div>\n            <\/div>\n        <\/div>\n    <\/div>\n<\/div>\n[\/vc_column][\/vc_row][vc_row][vc_column]<div class=\"henri-vc-module module-texte-avec-image \">\n    <div class=\"container-xl\">\n\n        \n        \n        \n\n        \n            <div class=\"row image-droite\">\n                <div class=\"col-12 col-lg-5\">\n                    <h2>Come climbing!<\/h2>\n                    <div class=\"content\">\n                        <\/p>\n<p align=\"left\">For more information, visit <span data-sheets-formula-bar-text-style=\"font-size:15px;color:#000000;font-weight:normal;text-decoration:none;font-family:''docs-Calibri'';font-style:normal;text-decoration-skip-ink:none;\"><a href=\"https:\/\/fqme.qc.ca\/escalade\/\" target=\"_blank\" rel=\"noopener\">F\u00e9d\u00e9ration Qu\u00e9b\u00e9coise de la Montagne et de l&#8217;Escalade<\/a>.\u00a0<\/span><\/p>\n                    <\/div>\n                                    <\/div>\n                <div class=\"col-12 col-lg-7\">\n                    <div class=\"image-background-wrapper design-1\">\n                        <div class=\"background\">\n                            <img decoding=\"async\" alt=\"image background\" src=\"https:\/\/montsaintpierre.ca\/wp-content\/themes\/henri\/_assets\/images\/formes-design-1.svg\">\n                        <\/div>\n                        <div class=\"image\">\n                                                            <img decoding=\"async\" alt=\"image\" src=\"https:\/\/mont-saint-pierre.s3.bhs.io.cloud.ovh.net\/2024\/01\/homme-alpiniste-piolets-hache-escalade-grand-mur-glace-portrait-sports-plein-air-scaled.jpg\">\n                                                    <\/div>\n                    <\/div>\n                <\/div>\n            <\/div>\n        \n    <\/div>\n<\/div>\n[\/vc_column][\/vc_row][vc_row full_width=&#8221;stretch_row_content_no_spaces&#8221; disable_element=&#8221;yes&#8221;][vc_column]<div class=\"henri-vc-module module-carousel-images \">\n\n    \n    \n    <div class=\"carousel-images-container\" data-skin=\"photos\">\n\n            <div class=\"carousel-images-wrapper\">\n                <div class=\"carousel-images-slide  \">\n    <div class=\"item-content\">\n        <div class=\"image-container\">\n            <img decoding=\"async\" src=\"https:\/\/mont-saint-pierre.s3.bhs.io.cloud.ovh.net\/2024\/02\/escalade-glace-1-mer-et-glace-horizontal-scaled.jpg\">\n        <\/div>\n        <div class=\"link-wrapper\">\n                    <\/div>\n    <\/div>\n<\/div>\n<div class=\"carousel-images-slide  \">\n    <div class=\"item-content\">\n        <div class=\"image-container\">\n            <img decoding=\"async\" src=\"https:\/\/mont-saint-pierre.s3.bhs.io.cloud.ovh.net\/2024\/02\/escalade-glace-2-grimpeur-montagne-ciel-bleujpg-e1708345713369.jpg\">\n        <\/div>\n        <div class=\"link-wrapper\">\n                    <\/div>\n    <\/div>\n<\/div>\n<div class=\"carousel-images-slide  \">\n    <div class=\"item-content\">\n        <div class=\"image-container\">\n            <img decoding=\"async\" src=\"https:\/\/mont-saint-pierre.s3.bhs.io.cloud.ovh.net\/2024\/02\/escalade-glace-3-mer-montagne-glace-scaled.jpg\">\n        <\/div>\n        <div class=\"link-wrapper\">\n                    <\/div>\n    <\/div>\n<\/div>\n<div class=\"carousel-images-slide  \">\n    <div class=\"item-content\">\n        <div class=\"image-container\">\n            <img decoding=\"async\" src=\"https:\/\/mont-saint-pierre.s3.bhs.io.cloud.ovh.net\/2024\/02\/escalade-glace-4-glace-grimpeur-horizontal.jpg\">\n        <\/div>\n        <div class=\"link-wrapper\">\n                    <\/div>\n    <\/div>\n<\/div>\n<div class=\"carousel-images-slide  \">\n    <div class=\"item-content\">\n        <div class=\"image-container\">\n            <img decoding=\"async\" src=\"https:\/\/mont-saint-pierre.s3.bhs.io.cloud.ovh.net\/2024\/02\/escalade-glace-5-e1708345667559.jpg\">\n        <\/div>\n        <div class=\"link-wrapper\">\n                    <\/div>\n    <\/div>\n<\/div>\n                            <\/div>\n\n            <div class=\"swiper-nav\">\n                <div class=\"swiper-button-prev\"><\/div>\n                <div class=\"swiper-button-next\"><\/div>\n            <\/div>\n        <\/div>\n\n<\/div>\n[\/vc_column][\/vc_row][vc_row full_width=&#8221;stretch_row_content_no_spaces&#8221; disable_element=&#8221;yes&#8221;][vc_column]<div class=\"henri-vc-module module-banniere-animee \" id=\"banniere_anime\">\n    <div class=\"container-xl\">\n        <div class=\"row\">\n\n            <div class=\"col-12 col-xl-6 col-title\">\n                <div class=\"title\">\n                    <h2 class=\"color-inverse\">Mont-Saint-Pierre, c\u2019est un tout petit village dans un vaste territoire. D\u00e9couvrez ce qu\u2019il y a \u00e0 proximit\u00e9.<\/h2>\n                <\/div>\n\n\n                                    <a class=\"link-arrow orange-arrow-blue-bg color-inverse\" href=\"https:\/\/montsaintpierre.ca\/activites\/\" title=\"Activit\u00e9s\" target=\"\">Voir toutes les activit\u00e9s<\/a>\n                \n                            <\/div>\n\n            <div class=\"col-12 col-xl-6 col-images\">\n                <div class=\"items-wrapper\">\n                    <div class=\"banniere-animee-item\" style=\"z-index: 100;\">\n    <div class=\"image-container\">\n        <img decoding=\"async\" src=\"https:\/\/mont-saint-pierre.s3.bhs.io.cloud.ovh.net\/2024\/01\/csmsp-5.jpg\">\n    <\/div>\n    <div class=\"link-wrapper\">\n                    <a class=\"link-arrow blue-arrow-orange-bg\" href=\"https:\/\/montsaintpierre.ca\/motoneige\/\" title=\"Plage\" target=\"\">Motoneige<\/a>\n            <\/div>\n<\/div>\n<div class=\"banniere-animee-item\" style=\"z-index: 101;\">\n    <div class=\"image-container\">\n        <img decoding=\"async\" src=\"https:\/\/mont-saint-pierre.s3.bhs.io.cloud.ovh.net\/2024\/01\/couple-skieurs-marchant-montagne-couverte-neige-scaled.jpg\">\n    <\/div>\n    <div class=\"link-wrapper\">\n                    <a class=\"link-arrow blue-arrow-orange-bg\" href=\"https:\/\/montsaintpierre.ca\/raquette\/\" title=\"Randonn\u00e9e\" target=\"\">Raquette<\/a>\n            <\/div>\n<\/div>\n                <\/div>\n            <\/div>\n        <\/div>\n    <\/div>\n    \n<\/div>\n[\/vc_column][\/vc_row][vc_row full_width=&#8221;stretch_row_content_no_spaces&#8221;][vc_column css=&#8221;.vc_custom_1710275011365{margin-top: -25px !important;}&#8221;]<div class=\"henri-vc-module module-carousel-images \">\n\n            <div class=\"container-xl\">\n            <div class=\"row\">\n                <div class=\"col-12\">\n                    <div class=\"title-section\">\n                                                    <h2 class=\"color-inverse\">A mountain of activities<\/h2>\n                                                                            <p class=\"color-inverse\">Whether you\u2019re looking for relaxation or adrenaline, during winter or summer, Mont-Saint-Pierre has a host of activities to offer.<\/p>\n                                            <\/div>\n                <\/div>\n            <\/div>\n        <\/div>\n    \n    \n    <div class=\"carousel-images-container\" data-skin=\"photos\">\n\n            <div class=\"carousel-images-wrapper\">\n                <div class=\"carousel-images-slide  \">\n    <div class=\"item-content\">\n        <div class=\"image-container\">\n            <img decoding=\"async\" src=\"https:\/\/mont-saint-pierre.s3.bhs.io.cloud.ovh.net\/2024\/02\/2e-polaroid-rando-dans-le-bois.jpg\">\n        <\/div>\n        <div class=\"link-wrapper\">\n                            <a class=\"link-arrow blue-arrow-orange-bg\" href=\"https:\/\/montsaintpierre.ca\/activites\/randonnee\/\" title=\"Randonn\u00e9e\" target=\"\">Hiking<\/a>\n                    <\/div>\n    <\/div>\n<\/div>\n<div class=\"carousel-images-slide  \">\n    <div class=\"item-content\">\n        <div class=\"image-container\">\n            <img decoding=\"async\" src=\"https:\/\/mont-saint-pierre.s3.bhs.io.cloud.ovh.net\/2024\/01\/trois-amis-vacances-raquettes-neige-scaled.jpg\">\n        <\/div>\n        <div class=\"link-wrapper\">\n                            <a class=\"link-arrow blue-arrow-orange-bg\" href=\"https:\/\/montsaintpierre.ca\/activites\/raquette\/\" title=\"Raquette\" target=\"\">Snowshoeing<\/a>\n                    <\/div>\n    <\/div>\n<\/div>\n<div class=\"carousel-images-slide  \">\n    <div class=\"item-content\">\n        <div class=\"image-container\">\n            <img decoding=\"async\" src=\"https:\/\/mont-saint-pierre.s3.bhs.io.cloud.ovh.net\/2024\/02\/img-0094-1.jpg\">\n        <\/div>\n        <div class=\"link-wrapper\">\n                            <a class=\"link-arrow blue-arrow-orange-bg\" href=\"https:\/\/montsaintpierre.ca\/activites\/motoneige\/\" title=\"Motoneige\" target=\"\">Snowmobiling<\/a>\n                    <\/div>\n    <\/div>\n<\/div>\n<div class=\"carousel-images-slide  \">\n    <div class=\"item-content\">\n        <div class=\"image-container\">\n            <img decoding=\"async\" src=\"https:\/\/mont-saint-pierre.s3.bhs.io.cloud.ovh.net\/2024\/02\/escalade-glace-2-grimpeur-montagne-ciel-bleujpg-e1708345713369.jpg\">\n        <\/div>\n        <div class=\"link-wrapper\">\n                            <a class=\"link-arrow blue-arrow-orange-bg\" href=\"https:\/\/montsaintpierre.ca\/activites\/escalade-de-glace\/\" title=\"Escalade de glace\" target=\"\">Ice climbing<\/a>\n                    <\/div>\n    <\/div>\n<\/div>\n<div class=\"carousel-images-slide  \">\n    <div class=\"item-content\">\n        <div class=\"image-container\">\n            <img decoding=\"async\" src=\"https:\/\/mont-saint-pierre.s3.bhs.io.cloud.ovh.net\/2024\/03\/chic-chac-ski-hors-piste-mod.jpg\">\n        <\/div>\n        <div class=\"link-wrapper\">\n                            <a class=\"link-arrow blue-arrow-orange-bg\" href=\"https:\/\/montsaintpierre.ca\/activites\/ski-hors-piste\/\" title=\"Ski hors-piste\" target=\"\">Backcountry skiing<\/a>\n                    <\/div>\n    <\/div>\n<\/div>\n<div class=\"carousel-images-slide  \">\n    <div class=\"item-content\">\n        <div class=\"image-container\">\n            <img decoding=\"async\" src=\"https:\/\/mont-saint-pierre.s3.bhs.io.cloud.ovh.net\/2024\/03\/3-vol-libre.jpg\">\n        <\/div>\n        <div class=\"link-wrapper\">\n                            <a class=\"link-arrow blue-arrow-orange-bg\" href=\"https:\/\/montsaintpierre.ca\/activites\/vol-libre\/\" title=\"Randonn\u00e9e\" target=\"\">Tandem hang gliding<\/a>\n                    <\/div>\n    <\/div>\n<\/div>\n<div class=\"carousel-images-slide  \">\n    <div class=\"item-content\">\n        <div class=\"image-container\">\n            <img decoding=\"async\" src=\"https:\/\/mont-saint-pierre.s3.bhs.io.cloud.ovh.net\/2024\/01\/chok-msp-juin-2023-130-scaled.jpg\">\n        <\/div>\n        <div class=\"link-wrapper\">\n                            <a class=\"link-arrow blue-arrow-orange-bg\" href=\"https:\/\/montsaintpierre.ca\/activites\/plage\/\" title=\"Plage\" target=\"\">Beach<\/a>\n                    <\/div>\n    <\/div>\n<\/div>\n                            <\/div>\n\n            <div class=\"swiper-nav\">\n                <div class=\"swiper-button-prev\"><\/div>\n                <div class=\"swiper-button-next\"><\/div>\n            <\/div>\n        <\/div>\n\n<\/div>\n[\/vc_column][\/vc_row]<\/p>\n<\/div>","protected":false},"excerpt":{"rendered":"<p>[vc_row full_width=&#8221;stretch_row_content_no_spaces&#8221;][vc_column][\/vc_column][\/vc_row][vc_row][vc_column][\/vc_column][\/vc_row][vc_row full_width=&#8221;stretch_row_content_no_spaces&#8221; disable_element=&#8221;yes&#8221;][vc_column][\/vc_column][\/vc_row][vc_row full_width=&#8221;stretch_row_content_no_spaces&#8221; disable_element=&#8221;yes&#8221;][vc_column][\/vc_column][\/vc_row][vc_row full_width=&#8221;stretch_row_content_no_spaces&#8221;][vc_column css=&#8221;.vc_custom_1710275011365{margin-top: -25px !important;}&#8221;][\/vc_column][\/vc_row]<\/p>\n","protected":false},"author":1,"featured_media":0,"parent":0,"menu_order":0,"comment_status":"closed","ping_status":"closed","template":"","meta":{"_acf_changed":false,"inline_featured_image":false,"footnotes":""},"class_list":["post-1768","page","type-page","status-publish","hentry"],"acf":[],"yoast_head":"<!-- This site is optimized with the Yoast SEO plugin v25.3.1 - https:\/\/yoast.com\/wordpress\/plugins\/seo\/ -->\n<title>Ice climbing | Mont-Saint-Pierre<\/title>\n<meta name=\"robots\" content=\"index, follow, max-snippet:-1, max-image-preview:large, max-video-preview:-1\" \/>\n<link rel=\"canonical\" href=\"https:\/\/montsaintpierre.ca\/en\/ice-climbing\/\" \/>\n<meta property=\"og:locale\" content=\"en_US\" \/>\n<meta property=\"og:type\" content=\"article\" \/>\n<meta property=\"og:title\" content=\"Ice climbing | Mont-Saint-Pierre\" \/>\n<meta property=\"og:description\" content=\"[vc_row full_width=&#8221;stretch_row_content_no_spaces&#8221;][vc_column][\/vc_column][\/vc_row][vc_row][vc_column][\/vc_column][\/vc_row][vc_row full_width=&#8221;stretch_row_content_no_spaces&#8221; disable_element=&#8221;yes&#8221;][vc_column][\/vc_column][\/vc_row][vc_row full_width=&#8221;stretch_row_content_no_spaces&#8221; disable_element=&#8221;yes&#8221;][vc_column][\/vc_column][\/vc_row][vc_row full_width=&#8221;stretch_row_content_no_spaces&#8221;][vc_column css=&#8221;.vc_custom_1710275011365{margin-top: -25px !important;}&#8221;][\/vc_column][\/vc_row]\" \/>\n<meta property=\"og:url\" content=\"https:\/\/montsaintpierre.ca\/en\/ice-climbing\/\" \/>\n<meta property=\"og:site_name\" content=\"Mont-Saint-Pierre\" \/>\n<meta property=\"article:modified_time\" content=\"2024-05-13T19:15:38+00:00\" \/>\n<meta property=\"og:image\" content=\"https:\/\/mont-saint-pierre.s3.bhs.io.cloud.ovh.net\/2024\/02\/entete-du-tourisme-autrement.jpg\" \/>\n\t<meta property=\"og:image:width\" content=\"2160\" \/>\n\t<meta property=\"og:image:height\" content=\"1438\" \/>\n\t<meta property=\"og:image:type\" content=\"image\/jpeg\" \/>\n<meta name=\"twitter:card\" content=\"summary_large_image\" \/>\n<meta name=\"twitter:label1\" content=\"Est. reading time\" \/>\n\t<meta name=\"twitter:data1\" content=\"4 minutes\" \/>\n<script type=\"application\/ld+json\" class=\"yoast-schema-graph\">{\"@context\":\"https:\/\/schema.org\",\"@graph\":[{\"@type\":\"WebPage\",\"@id\":\"https:\/\/montsaintpierre.ca\/en\/ice-climbing\/\",\"url\":\"https:\/\/montsaintpierre.ca\/en\/ice-climbing\/\",\"name\":\"Ice climbing | Mont-Saint-Pierre\",\"isPartOf\":{\"@id\":\"https:\/\/montsaintpierre.ca\/en\/#website\"},\"datePublished\":\"2024-01-11T17:52:38+00:00\",\"dateModified\":\"2024-05-13T19:15:38+00:00\",\"breadcrumb\":{\"@id\":\"https:\/\/montsaintpierre.ca\/en\/ice-climbing\/#breadcrumb\"},\"inLanguage\":\"en-US\",\"potentialAction\":[{\"@type\":\"ReadAction\",\"target\":[\"https:\/\/montsaintpierre.ca\/en\/ice-climbing\/\"]}]},{\"@type\":\"BreadcrumbList\",\"@id\":\"https:\/\/montsaintpierre.ca\/en\/ice-climbing\/#breadcrumb\",\"itemListElement\":[{\"@type\":\"ListItem\",\"position\":1,\"name\":\"Home\",\"item\":\"https:\/\/montsaintpierre.ca\/en\/\"},{\"@type\":\"ListItem\",\"position\":2,\"name\":\"Ice climbing\"}]},{\"@type\":\"WebSite\",\"@id\":\"https:\/\/montsaintpierre.ca\/en\/#website\",\"url\":\"https:\/\/montsaintpierre.ca\/en\/\",\"name\":\"Mont-Saint-Pierre\",\"description\":\"Station de montagne sur mer\",\"alternateName\":\"MSP\",\"potentialAction\":[{\"@type\":\"SearchAction\",\"target\":{\"@type\":\"EntryPoint\",\"urlTemplate\":\"https:\/\/montsaintpierre.ca\/en\/?s={search_term_string}\"},\"query-input\":{\"@type\":\"PropertyValueSpecification\",\"valueRequired\":true,\"valueName\":\"search_term_string\"}}],\"inLanguage\":\"en-US\"}]}<\/script>\n<!-- \/ Yoast SEO plugin. -->","yoast_head_json":{"title":"Ice climbing | Mont-Saint-Pierre","robots":{"index":"index","follow":"follow","max-snippet":"max-snippet:-1","max-image-preview":"max-image-preview:large","max-video-preview":"max-video-preview:-1"},"canonical":"https:\/\/montsaintpierre.ca\/en\/ice-climbing\/","og_locale":"en_US","og_type":"article","og_title":"Ice climbing | Mont-Saint-Pierre","og_description":"[vc_row full_width=&#8221;stretch_row_content_no_spaces&#8221;][vc_column][\/vc_column][\/vc_row][vc_row][vc_column][\/vc_column][\/vc_row][vc_row full_width=&#8221;stretch_row_content_no_spaces&#8221; disable_element=&#8221;yes&#8221;][vc_column][\/vc_column][\/vc_row][vc_row full_width=&#8221;stretch_row_content_no_spaces&#8221; disable_element=&#8221;yes&#8221;][vc_column][\/vc_column][\/vc_row][vc_row full_width=&#8221;stretch_row_content_no_spaces&#8221;][vc_column css=&#8221;.vc_custom_1710275011365{margin-top: -25px !important;}&#8221;][\/vc_column][\/vc_row]","og_url":"https:\/\/montsaintpierre.ca\/en\/ice-climbing\/","og_site_name":"Mont-Saint-Pierre","article_modified_time":"2024-05-13T19:15:38+00:00","og_image":[{"width":2160,"height":1438,"url":"https:\/\/mont-saint-pierre.s3.bhs.io.cloud.ovh.net\/2024\/02\/entete-du-tourisme-autrement.jpg","type":"image\/jpeg"}],"twitter_card":"summary_large_image","twitter_misc":{"Est. reading time":"4 minutes"},"schema":{"@context":"https:\/\/schema.org","@graph":[{"@type":"WebPage","@id":"https:\/\/montsaintpierre.ca\/en\/ice-climbing\/","url":"https:\/\/montsaintpierre.ca\/en\/ice-climbing\/","name":"Ice climbing | Mont-Saint-Pierre","isPartOf":{"@id":"https:\/\/montsaintpierre.ca\/en\/#website"},"datePublished":"2024-01-11T17:52:38+00:00","dateModified":"2024-05-13T19:15:38+00:00","breadcrumb":{"@id":"https:\/\/montsaintpierre.ca\/en\/ice-climbing\/#breadcrumb"},"inLanguage":"en-US","potentialAction":[{"@type":"ReadAction","target":["https:\/\/montsaintpierre.ca\/en\/ice-climbing\/"]}]},{"@type":"BreadcrumbList","@id":"https:\/\/montsaintpierre.ca\/en\/ice-climbing\/#breadcrumb","itemListElement":[{"@type":"ListItem","position":1,"name":"Home","item":"https:\/\/montsaintpierre.ca\/en\/"},{"@type":"ListItem","position":2,"name":"Ice climbing"}]},{"@type":"WebSite","@id":"https:\/\/montsaintpierre.ca\/en\/#website","url":"https:\/\/montsaintpierre.ca\/en\/","name":"Mont-Saint-Pierre","description":"Station de montagne sur mer","alternateName":"MSP","potentialAction":[{"@type":"SearchAction","target":{"@type":"EntryPoint","urlTemplate":"https:\/\/montsaintpierre.ca\/en\/?s={search_term_string}"},"query-input":{"@type":"PropertyValueSpecification","valueRequired":true,"valueName":"search_term_string"}}],"inLanguage":"en-US"}]}},"_links":{"self":[{"href":"https:\/\/montsaintpierre.ca\/en\/wp-json\/wp\/v2\/pages\/1768","targetHints":{"allow":["GET"]}}],"collection":[{"href":"https:\/\/montsaintpierre.ca\/en\/wp-json\/wp\/v2\/pages"}],"about":[{"href":"https:\/\/montsaintpierre.ca\/en\/wp-json\/wp\/v2\/types\/page"}],"author":[{"embeddable":true,"href":"https:\/\/montsaintpierre.ca\/en\/wp-json\/wp\/v2\/users\/1"}],"replies":[{"embeddable":true,"href":"https:\/\/montsaintpierre.ca\/en\/wp-json\/wp\/v2\/comments?post=1768"}],"version-history":[{"count":2,"href":"https:\/\/montsaintpierre.ca\/en\/wp-json\/wp\/v2\/pages\/1768\/revisions"}],"predecessor-version":[{"id":1770,"href":"https:\/\/montsaintpierre.ca\/en\/wp-json\/wp\/v2\/pages\/1768\/revisions\/1770"}],"wp:attachment":[{"href":"https:\/\/montsaintpierre.ca\/en\/wp-json\/wp\/v2\/media?parent=1768"}],"curies":[{"name":"wp","href":"https:\/\/api.w.org\/{rel}","templated":true}]}}