{"id":1740,"date":"2024-01-11T10:34:26","date_gmt":"2024-01-11T15:34:26","guid":{"rendered":"https:\/\/montsaintpierre.ca\/place-du-village\/"},"modified":"2024-05-13T10:25:30","modified_gmt":"2024-05-13T14:25:30","slug":"place-du-village","status":"publish","type":"page","link":"https:\/\/montsaintpierre.ca\/en\/place-du-village\/","title":{"rendered":"Place du village"},"content":{"rendered":"<div class=\"wpb-content-wrapper\"><p>[vc_row full_width=&#8221;stretch_row_content_no_spaces&#8221;][vc_column]<div class=\"henri-vc-module module-header \">\n\n    <div class=\"header\">\n        <div class=\"image-title-wrapper\">\n\n                            <div class=\"image\">\n                    <img decoding=\"async\" alt=\"image header - image en-tete\" src=\"https:\/\/mont-saint-pierre.s3.bhs.io.cloud.ovh.net\/2024\/01\/1-la-place-du-village-espace-cafe-bistro.jpg\">\n\n                                    <\/div>\n            \n            <div class=\"container-xl\">\n\n                <div class=\"row\">\n                    <div class=\"col-12\">\n                        <div class=\"title-and-btn \">\n                            <h1 class=\"color-inverse\">Place du village<\/h1>\n\n                                                    <\/div>\n                        \n                    <\/div>\n                <\/div>\n            <\/div>\n        <\/div>\n        <div class=\"container-xl\">\n            <div class=\"row\">\n                <div class=\"col-12\">\n                    <div class=\"subtitle\">\n                        <h2 class=\"color-inverse\"><\/h2>\n                    <\/div>\n                    <div class=\"text\">\n                        <p class=\"color-inverse\"><\/p>\n                    <\/div>\n                <\/div>\n            <\/div>\n        <\/div>\n        <div class=\"bottom-section-wrapper\">\n            <div class=\"container-xl\">\n                <div class=\"row\">\n                    <div class=\"col-12\">\n                        <div class=\"bottom-section-content \">\n                            <div class=\"chapeau\">\n                                <p class=\"color-inverse\">Before, Les Vagues youth hostel used to be the place to meet. Now, it\u2019s all happening at Place du Village. It\u2019s the historical centre of Mont-Saint-Pierre, a gathering spot and the starting point for every activity.<\/p>\n                            <\/div>\n\n                                                            <div class=\"info\">\n                                                                            <div class=\"adresse\">\n                                            <p class=\"color-inverse\">84, rue Prudent-Cloutier,<br \/>\nMont-Saint-Pierre<\/p>\n                                        <\/div>\n                                                                                                                <div class=\"date\">\n                                            <p class=\"color-inverse\">Espace D\u00e9couverte ticket office<br \/>\nOpen from 9 a.m. to 6 p.m., 7 days a week<br \/>\nJune 26 to October 12, 2024<\/p>\n                                        <\/div>\n                                                                                                                <div class=\"btn_info_wrapper\">\n                                            <a class=\"link-arrow orange-arrow-blue-bg color-inverse\" href=\"https:\/\/secure3.xpayrience.com\/acces_mont_saint_pierre\" title=\"\" target=\"_blank\">Virtual ticket office \u2013 Book your stay now<\/a>\n                                        <\/div>\n                                    \n                                <\/div>\n                                                    <\/div>\n                    <\/div>\n                <\/div>\n            <\/div>\n        <\/div>\n    <\/div>\n<\/div>\n[\/vc_column][\/vc_row][vc_row][vc_column]<div class=\"henri-vc-module module-texte-avec-image \">\n    <div class=\"container-xl\">\n\n        \n        \n        \n\n        \n            <div class=\"row image-droite\">\n                <div class=\"col-12 col-lg-5\">\n                    <h2>Tell me more<\/h2>\n                    <div class=\"content\">\n                        <p>Place du Village offers a bit of everything.<\/p>\n<p>And you\u2019re free to do what you want. This is where our ticket office is located and the starting point for all our activities.<\/p>\n<p align=\"left\"><strong>Espace D\u00e9couverte<br \/>\n<\/strong><br \/>\nEspace D\u00e9couverte is the starting point of your adventure in Mont-Saint-Pierre. Learn all about our outdoor activities and other attractions. This is where our ticket office for all our activities is located.<\/p>\n<p>Get acquainted with Mont-Saint-Pierre\u2019s activities and points of interest on our giant screens. A unique interactive model shows you trails to explore, like the Delta or the Lynx. An essential stop to discover all the secrets of our destination.<\/p>                    <\/div>\n                                    <\/div>\n                <div class=\"col-12 col-lg-7\">\n                    <div class=\"image-background-wrapper design-1\">\n                        <div class=\"background\">\n                            <img decoding=\"async\" alt=\"image background\" src=\"https:\/\/montsaintpierre.ca\/wp-content\/themes\/henri\/_assets\/images\/formes-design-1.svg\">\n                        <\/div>\n                        <div class=\"image\">\n                                                            <img decoding=\"async\" alt=\"image\" src=\"https:\/\/mont-saint-pierre.s3.bhs.io.cloud.ovh.net\/2024\/01\/image4-225.jpg\">\n                                                    <\/div>\n                    <\/div>\n                <\/div>\n            <\/div>\n        \n    <\/div>\n<\/div>\n[vc_row_inner css=&#8221;.vc_custom_1709064690973{margin-right: 0px !important;margin-left: 0px !important;padding-right: 0px !important;padding-left: 0px !important;}&#8221;][vc_column_inner css=&#8221;.vc_custom_1709064746837{margin-right: 0px !important;margin-left: 0px !important;padding-right: 0px !important;padding-left: 0px !important;}&#8221;][vc_column_text]<strong>Terrasse les vagues<\/strong><br \/>\nIn the square, you\u2019ll also find Terrasse les Vagues, which is a community gathering place for locals and visitors alike. It\u2019s also a place to showcase the history of Mont-Saint-Pierre, with a fishing shed presenting the village\u2019s rich sea-fishing history. In short, it\u2019s the perfect place to enjoy a chat, get a bite or relax after a day of discoveries!<\/p>\n<p>&nbsp;<\/p>\n<p style=\"text-align: justify;\"><strong>Kiosks<\/strong><br \/>\nThe old motel has been repurposed to house our kiosks, which provide products and services for visitors. Come discover what we have to offer! And make sure to visit our historical fishing shed!<\/p>\n<p>[\/vc_column_text][\/vc_column_inner][\/vc_row_inner][\/vc_column][\/vc_row][vc_row disable_element=&#8221;yes&#8221;][vc_column][vc_row_inner][vc_column_inner][vc_column_text]<\/p>\n<p style=\"text-align: justify;\"><strong>Espace d\u00e9couverte<\/strong><br \/>\nL&#8217;Espace d\u00e9couverte est le point de d\u00e9part de votre aventure \u00e0 Mont-Saint-Pierre. Vous y apprendrez tout sur notre offre de plein air et nos autres attraits. C&#8217;est aussi l&#8217;endroit o\u00f9 se situe notre billetterie pour toutes nos activit\u00e9s.<\/p>\n<p>Nos \u00e9crans g\u00e9ants vous pr\u00e9senteront les activit\u00e9s et les points d\u2019int\u00e9r\u00eats de Mont-Saint-Pierre, alors qu\u2019une maquette interactive et unique vous montrera nos sentiers \u00e0 explorer, comme le Delta ou le Lynx. Un arr\u00eat essentiel afin de conna\u00eetre tous les secrets de notre destination.<\/p>\n<p style=\"text-align: justify;\"><strong>Terrasse les vagues<\/strong><br \/>\nDans la cour int\u00e9rieure, vous trouverez aussi la Terrasse les vagues. Un lieu bavard et gourmand, parfait pour se repa\u00eetre et se poser apr\u00e8s une journ\u00e9e de d\u00e9couvertes.<\/p>\n<p style=\"text-align: justify;\"><strong>Kiosques<\/strong><br \/>\nApercevez-vous nos kiosques? Ils sont am\u00e9nag\u00e9s dans l\u2019ancien motel. Des produits et services touristiques s\u2019y cachent, venez les d\u00e9couvrir. Et ne manquez surtout pas notre chafaud. Il s\u2019agit d\u2019un petit hangar que les p\u00eacheurs construisaient pr\u00e8s du fleuve \u00e0 l\u2019\u00e9poque.<\/p>\n<p>[\/vc_column_text][\/vc_column_inner][\/vc_row_inner][\/vc_column][\/vc_row][vc_row full_width=&#8221;stretch_row_content_no_spaces&#8221;][vc_column]\n<div class=\"henri-vc-module module-accordeon question-reponse\">\n    <div class=\"container-xl\">\n        <div class=\"row justify-content-center\">\n            <div class=\"col-12 col-lg-10\">\n\n                \n                <div class=\"title\">\n                    <h2>Questions?<\/h2>\n                <\/div>\n\n                <div class=\"subtitle\">\n                    <p>You might find an answer below.<\/p>\n                <\/div>\n\n                <div class=\"accordion accordion-3\">\n                  \n                    \n<div class=\"accordion-item\">\n    <h5 class=\"accordion-header\" id=\"accordion-3-heading-1\">\n        <button class=\"accordion-button collapsed\" type=\"button\" data-bs-toggle=\"collapse\" data-bs-target=\"#accordion-3-collapse-1\" aria-expanded=\"true\" aria-controls=\"accordion-3-collapse-1\">\n            Is Place du Village accessible to people with reduced mobility?        <\/button>\n    <\/h5>\n    <div id=\"accordion-3-collapse-1\" class=\"accordion-collapse collapse\" aria-labelledby=\"accordion-3-heading-1\" data-bs-parent=\"#accordion-3\">\n        <div class=\"accordion-body\">\n            <\/p>\n<p align=\"left\"><span style=\"font-family: Aptos, serif;\"><span style=\"font-size: small;\"><span style=\"font-family: Calibri, serif;\">Yes!<\/span><\/span><\/span><\/p>\n        <\/div>\n    <\/div>\n<\/div>\n\n<div class=\"accordion-item\">\n    <h5 class=\"accordion-header\" id=\"accordion-3-heading-2\">\n        <button class=\"accordion-button collapsed\" type=\"button\" data-bs-toggle=\"collapse\" data-bs-target=\"#accordion-3-collapse-2\" aria-expanded=\"true\" aria-controls=\"accordion-3-collapse-2\">\n            Is it possible to pay cash?        <\/button>\n    <\/h5>\n    <div id=\"accordion-3-collapse-2\" class=\"accordion-collapse collapse\" aria-labelledby=\"accordion-3-heading-2\" data-bs-parent=\"#accordion-3\">\n        <div class=\"accordion-body\">\n            <\/p>\n<p align=\"left\">Absolutely! Cash is accepted at Espace D\u00e9couverte.<\/p>\n        <\/div>\n    <\/div>\n<\/div>\n\n<div class=\"accordion-item\">\n    <h5 class=\"accordion-header\" id=\"accordion-3-heading-3\">\n        <button class=\"accordion-button collapsed\" type=\"button\" data-bs-toggle=\"collapse\" data-bs-target=\"#accordion-3-collapse-3\" aria-expanded=\"true\" aria-controls=\"accordion-3-collapse-3\">\n            Is there a food service on site?        <\/button>\n    <\/h5>\n    <div id=\"accordion-3-collapse-3\" class=\"accordion-collapse collapse\" aria-labelledby=\"accordion-3-heading-3\" data-bs-parent=\"#accordion-3\">\n        <div class=\"accordion-body\">\n            <p>Yes, at Terrasse les Vagues, behind Espace D\u00e9couverte.<\/p>        <\/div>\n    <\/div>\n<\/div>\n                  \n                <\/div>\n            <\/div>\n        <\/div>\n    <\/div>\n<\/div>\n[\/vc_column][\/vc_row][vc_row full_width=&#8221;stretch_row_content_no_spaces&#8221;][vc_column]<div class=\"henri-vc-module module-image-fond  \">\n    <div class=\"background\" style=\"background-image:url(https:\/\/mont-saint-pierre.s3.bhs.io.cloud.ovh.net\/2024\/02\/prendre-soin-de-msp.jpg)\"><\/div>\n    <div class=\"container-xl\">\n        <div class=\"row\">\n            <div class=\"col-12 col-xl-10\">\n                <h2 class=\"color-inverse\">Caring for Mont-Saint-Pierre<\/h2>\n\n                                    <div class=\"content color-inverse\">\n                        <\/p>\n<p align=\"left\">Coming to Mont-Saint-Pierre is also a commitment to protect its magnificent landscape. That\u2019s why we\u2019ve created a code of conduct.<\/p>\n                    <\/div>\n                \n\n                                    <a class=\"link-arrow orange-arrow-blue-bg color-inverse\" href=\"https:\/\/montsaintpierre.ca\/charte-du-visiteur-de-la-visiteuse\/\" title=\"Charte du visiteur, de la visiteuse\" target=\"\">Our Visitor Code of Conduct<\/a>\n                            <\/div>\n        <\/div>\n    <\/div>\n<\/div>\n[\/vc_column][\/vc_row][vc_row full_width=&#8221;stretch_row_content_no_spaces&#8221;][vc_column css=&#8221;.vc_custom_1710275011365{margin-top: -25px !important;}&#8221;]<div class=\"henri-vc-module module-carousel-images \">\n\n            <div class=\"container-xl\">\n            <div class=\"row\">\n                <div class=\"col-12\">\n                    <div class=\"title-section\">\n                                                    <h2 class=\"color-inverse\">A mountain of activities<\/h2>\n                                                                            <p class=\"color-inverse\">Whether you\u2019re looking for relaxation or adrenaline, during winter or summer, Mont-Saint-Pierre has a host of activities to offer.<\/p>\n                                            <\/div>\n                <\/div>\n            <\/div>\n        <\/div>\n    \n    \n    <div class=\"carousel-images-container\" data-skin=\"photos\">\n\n            <div class=\"carousel-images-wrapper\">\n                <div class=\"carousel-images-slide  \">\n    <div class=\"item-content\">\n        <div class=\"image-container\">\n            <img decoding=\"async\" src=\"https:\/\/mont-saint-pierre.s3.bhs.io.cloud.ovh.net\/2024\/02\/2e-polaroid-rando-dans-le-bois.jpg\">\n        <\/div>\n        <div class=\"link-wrapper\">\n                            <a class=\"link-arrow blue-arrow-orange-bg\" href=\"https:\/\/montsaintpierre.ca\/activites\/randonnee\/\" title=\"Randonn\u00e9e\" target=\"\">Hiking<\/a>\n                    <\/div>\n    <\/div>\n<\/div>\n<div class=\"carousel-images-slide  \">\n    <div class=\"item-content\">\n        <div class=\"image-container\">\n            <img decoding=\"async\" src=\"https:\/\/mont-saint-pierre.s3.bhs.io.cloud.ovh.net\/2024\/01\/trois-amis-vacances-raquettes-neige-scaled.jpg\">\n        <\/div>\n        <div class=\"link-wrapper\">\n                            <a class=\"link-arrow blue-arrow-orange-bg\" href=\"https:\/\/montsaintpierre.ca\/activites\/raquette\/\" title=\"Raquette\" target=\"\">Snowshoeing<\/a>\n                    <\/div>\n    <\/div>\n<\/div>\n<div class=\"carousel-images-slide  \">\n    <div class=\"item-content\">\n        <div class=\"image-container\">\n            <img decoding=\"async\" src=\"https:\/\/mont-saint-pierre.s3.bhs.io.cloud.ovh.net\/2024\/02\/img-0094-1.jpg\">\n        <\/div>\n        <div class=\"link-wrapper\">\n                            <a class=\"link-arrow blue-arrow-orange-bg\" href=\"https:\/\/montsaintpierre.ca\/activites\/motoneige\/\" title=\"Motoneige\" target=\"\">Snowmobiling<\/a>\n                    <\/div>\n    <\/div>\n<\/div>\n<div class=\"carousel-images-slide  \">\n    <div class=\"item-content\">\n        <div class=\"image-container\">\n            <img decoding=\"async\" src=\"https:\/\/mont-saint-pierre.s3.bhs.io.cloud.ovh.net\/2024\/02\/escalade-glace-2-grimpeur-montagne-ciel-bleujpg-e1708345713369.jpg\">\n        <\/div>\n        <div class=\"link-wrapper\">\n                            <a class=\"link-arrow blue-arrow-orange-bg\" href=\"https:\/\/montsaintpierre.ca\/activites\/escalade-de-glace\/\" title=\"Escalade de glace\" target=\"\">Ice climbing<\/a>\n                    <\/div>\n    <\/div>\n<\/div>\n<div class=\"carousel-images-slide  \">\n    <div class=\"item-content\">\n        <div class=\"image-container\">\n            <img decoding=\"async\" src=\"https:\/\/mont-saint-pierre.s3.bhs.io.cloud.ovh.net\/2024\/03\/chic-chac-ski-hors-piste-mod.jpg\">\n        <\/div>\n        <div class=\"link-wrapper\">\n                            <a class=\"link-arrow blue-arrow-orange-bg\" href=\"https:\/\/montsaintpierre.ca\/activites\/ski-hors-piste\/\" title=\"Ski hors-piste\" target=\"\">Backcountry skiing<\/a>\n                    <\/div>\n    <\/div>\n<\/div>\n<div class=\"carousel-images-slide  \">\n    <div class=\"item-content\">\n        <div class=\"image-container\">\n            <img decoding=\"async\" src=\"https:\/\/mont-saint-pierre.s3.bhs.io.cloud.ovh.net\/2024\/03\/3-vol-libre.jpg\">\n        <\/div>\n        <div class=\"link-wrapper\">\n                            <a class=\"link-arrow blue-arrow-orange-bg\" href=\"https:\/\/montsaintpierre.ca\/activites\/vol-libre\/\" title=\"Randonn\u00e9e\" target=\"\">Tandem hang gliding <\/a>\n                    <\/div>\n    <\/div>\n<\/div>\n<div class=\"carousel-images-slide  \">\n    <div class=\"item-content\">\n        <div class=\"image-container\">\n            <img decoding=\"async\" src=\"https:\/\/mont-saint-pierre.s3.bhs.io.cloud.ovh.net\/2024\/01\/chok-msp-juin-2023-130-scaled.jpg\">\n        <\/div>\n        <div class=\"link-wrapper\">\n                            <a class=\"link-arrow blue-arrow-orange-bg\" href=\"https:\/\/montsaintpierre.ca\/activites\/plage\/\" title=\"Plage\" target=\"\">Beach<\/a>\n                    <\/div>\n    <\/div>\n<\/div>\n                            <\/div>\n\n            <div class=\"swiper-nav\">\n                <div class=\"swiper-button-prev\"><\/div>\n                <div class=\"swiper-button-next\"><\/div>\n            <\/div>\n        <\/div>\n\n<\/div>\n[\/vc_column][\/vc_row]<\/p>\n<\/div>","protected":false},"excerpt":{"rendered":"<p>[vc_row full_width=&#8221;stretch_row_content_no_spaces&#8221;][vc_column][\/vc_column][\/vc_row][vc_row][vc_column][vc_row_inner css=&#8221;.vc_custom_1709064690973{margin-right: 0px !important;margin-left: 0px !important;padding-right: 0px !important;padding-left: 0px !important;}&#8221;][vc_column_inner css=&#8221;.vc_custom_1709064746837{margin-right: 0px !important;margin-left: 0px !important;padding-right: 0px !important;padding-left: 0px !important;}&#8221;][vc_column_text]Terrasse les vagues In the square, you\u2019ll also find Terrasse les Vagues, which is a community gathering place for locals and visitors alike. It\u2019s also a place to showcase the history of Mont-Saint-Pierre, with a fishing [&hellip;]<\/p>\n","protected":false},"author":1,"featured_media":0,"parent":0,"menu_order":0,"comment_status":"closed","ping_status":"closed","template":"","meta":{"_acf_changed":false,"inline_featured_image":false,"footnotes":""},"class_list":["post-1740","page","type-page","status-publish","hentry"],"acf":[],"yoast_head":"<!-- This site is optimized with the Yoast SEO plugin v25.3.1 - https:\/\/yoast.com\/wordpress\/plugins\/seo\/ -->\n<title>Place du village | Mont-Saint-Pierre<\/title>\n<meta name=\"description\" content=\"La Place du village est le lieu de d\u00e9part de chaque activit\u00e9, l\u2019endroit o\u00f9 tout le monde se rassemble, et c\u2019est surtout le c\u0153ur de Mont-Saint-Pierre.\" \/>\n<meta name=\"robots\" content=\"index, follow, max-snippet:-1, max-image-preview:large, max-video-preview:-1\" \/>\n<link rel=\"canonical\" href=\"https:\/\/montsaintpierre.ca\/en\/place-du-village\/\" \/>\n<meta property=\"og:locale\" content=\"en_US\" \/>\n<meta property=\"og:type\" content=\"article\" \/>\n<meta property=\"og:title\" content=\"Place du village | Mont-Saint-Pierre\" \/>\n<meta property=\"og:description\" content=\"La Place du village est le lieu de d\u00e9part de chaque activit\u00e9, l\u2019endroit o\u00f9 tout le monde se rassemble, et c\u2019est surtout le c\u0153ur de Mont-Saint-Pierre.\" \/>\n<meta property=\"og:url\" content=\"https:\/\/montsaintpierre.ca\/en\/place-du-village\/\" \/>\n<meta property=\"og:site_name\" content=\"Mont-Saint-Pierre\" \/>\n<meta property=\"article:modified_time\" content=\"2024-05-13T14:25:30+00:00\" \/>\n<meta property=\"og:image\" content=\"https:\/\/mont-saint-pierre.s3.bhs.io.cloud.ovh.net\/2024\/02\/entete-du-tourisme-autrement.jpg\" \/>\n\t<meta property=\"og:image:width\" content=\"2160\" \/>\n\t<meta property=\"og:image:height\" content=\"1438\" \/>\n\t<meta property=\"og:image:type\" content=\"image\/jpeg\" \/>\n<meta name=\"twitter:card\" content=\"summary_large_image\" \/>\n<meta name=\"twitter:label1\" content=\"Est. reading time\" \/>\n\t<meta name=\"twitter:data1\" content=\"4 minutes\" \/>\n<script type=\"application\/ld+json\" class=\"yoast-schema-graph\">{\"@context\":\"https:\/\/schema.org\",\"@graph\":[{\"@type\":\"WebPage\",\"@id\":\"https:\/\/montsaintpierre.ca\/en\/place-du-village\/\",\"url\":\"https:\/\/montsaintpierre.ca\/en\/place-du-village\/\",\"name\":\"Place du village | Mont-Saint-Pierre\",\"isPartOf\":{\"@id\":\"https:\/\/montsaintpierre.ca\/en\/#website\"},\"datePublished\":\"2024-01-11T15:34:26+00:00\",\"dateModified\":\"2024-05-13T14:25:30+00:00\",\"description\":\"La Place du village est le lieu de d\u00e9part de chaque activit\u00e9, l\u2019endroit o\u00f9 tout le monde se rassemble, et c\u2019est surtout le c\u0153ur de Mont-Saint-Pierre.\",\"breadcrumb\":{\"@id\":\"https:\/\/montsaintpierre.ca\/en\/place-du-village\/#breadcrumb\"},\"inLanguage\":\"en-US\",\"potentialAction\":[{\"@type\":\"ReadAction\",\"target\":[\"https:\/\/montsaintpierre.ca\/en\/place-du-village\/\"]}]},{\"@type\":\"BreadcrumbList\",\"@id\":\"https:\/\/montsaintpierre.ca\/en\/place-du-village\/#breadcrumb\",\"itemListElement\":[{\"@type\":\"ListItem\",\"position\":1,\"name\":\"Home\",\"item\":\"https:\/\/montsaintpierre.ca\/en\/\"},{\"@type\":\"ListItem\",\"position\":2,\"name\":\"Place du village\"}]},{\"@type\":\"WebSite\",\"@id\":\"https:\/\/montsaintpierre.ca\/en\/#website\",\"url\":\"https:\/\/montsaintpierre.ca\/en\/\",\"name\":\"Mont-Saint-Pierre\",\"description\":\"Station de montagne sur mer\",\"alternateName\":\"MSP\",\"potentialAction\":[{\"@type\":\"SearchAction\",\"target\":{\"@type\":\"EntryPoint\",\"urlTemplate\":\"https:\/\/montsaintpierre.ca\/en\/?s={search_term_string}\"},\"query-input\":{\"@type\":\"PropertyValueSpecification\",\"valueRequired\":true,\"valueName\":\"search_term_string\"}}],\"inLanguage\":\"en-US\"}]}<\/script>\n<!-- \/ Yoast SEO plugin. -->","yoast_head_json":{"title":"Place du village | Mont-Saint-Pierre","description":"La Place du village est le lieu de d\u00e9part de chaque activit\u00e9, l\u2019endroit o\u00f9 tout le monde se rassemble, et c\u2019est surtout le c\u0153ur de Mont-Saint-Pierre.","robots":{"index":"index","follow":"follow","max-snippet":"max-snippet:-1","max-image-preview":"max-image-preview:large","max-video-preview":"max-video-preview:-1"},"canonical":"https:\/\/montsaintpierre.ca\/en\/place-du-village\/","og_locale":"en_US","og_type":"article","og_title":"Place du village | Mont-Saint-Pierre","og_description":"La Place du village est le lieu de d\u00e9part de chaque activit\u00e9, l\u2019endroit o\u00f9 tout le monde se rassemble, et c\u2019est surtout le c\u0153ur de Mont-Saint-Pierre.","og_url":"https:\/\/montsaintpierre.ca\/en\/place-du-village\/","og_site_name":"Mont-Saint-Pierre","article_modified_time":"2024-05-13T14:25:30+00:00","og_image":[{"width":2160,"height":1438,"url":"https:\/\/mont-saint-pierre.s3.bhs.io.cloud.ovh.net\/2024\/02\/entete-du-tourisme-autrement.jpg","type":"image\/jpeg"}],"twitter_card":"summary_large_image","twitter_misc":{"Est. reading time":"4 minutes"},"schema":{"@context":"https:\/\/schema.org","@graph":[{"@type":"WebPage","@id":"https:\/\/montsaintpierre.ca\/en\/place-du-village\/","url":"https:\/\/montsaintpierre.ca\/en\/place-du-village\/","name":"Place du village | Mont-Saint-Pierre","isPartOf":{"@id":"https:\/\/montsaintpierre.ca\/en\/#website"},"datePublished":"2024-01-11T15:34:26+00:00","dateModified":"2024-05-13T14:25:30+00:00","description":"La Place du village est le lieu de d\u00e9part de chaque activit\u00e9, l\u2019endroit o\u00f9 tout le monde se rassemble, et c\u2019est surtout le c\u0153ur de Mont-Saint-Pierre.","breadcrumb":{"@id":"https:\/\/montsaintpierre.ca\/en\/place-du-village\/#breadcrumb"},"inLanguage":"en-US","potentialAction":[{"@type":"ReadAction","target":["https:\/\/montsaintpierre.ca\/en\/place-du-village\/"]}]},{"@type":"BreadcrumbList","@id":"https:\/\/montsaintpierre.ca\/en\/place-du-village\/#breadcrumb","itemListElement":[{"@type":"ListItem","position":1,"name":"Home","item":"https:\/\/montsaintpierre.ca\/en\/"},{"@type":"ListItem","position":2,"name":"Place du village"}]},{"@type":"WebSite","@id":"https:\/\/montsaintpierre.ca\/en\/#website","url":"https:\/\/montsaintpierre.ca\/en\/","name":"Mont-Saint-Pierre","description":"Station de montagne sur mer","alternateName":"MSP","potentialAction":[{"@type":"SearchAction","target":{"@type":"EntryPoint","urlTemplate":"https:\/\/montsaintpierre.ca\/en\/?s={search_term_string}"},"query-input":{"@type":"PropertyValueSpecification","valueRequired":true,"valueName":"search_term_string"}}],"inLanguage":"en-US"}]}},"_links":{"self":[{"href":"https:\/\/montsaintpierre.ca\/en\/wp-json\/wp\/v2\/pages\/1740","targetHints":{"allow":["GET"]}}],"collection":[{"href":"https:\/\/montsaintpierre.ca\/en\/wp-json\/wp\/v2\/pages"}],"about":[{"href":"https:\/\/montsaintpierre.ca\/en\/wp-json\/wp\/v2\/types\/page"}],"author":[{"embeddable":true,"href":"https:\/\/montsaintpierre.ca\/en\/wp-json\/wp\/v2\/users\/1"}],"replies":[{"embeddable":true,"href":"https:\/\/montsaintpierre.ca\/en\/wp-json\/wp\/v2\/comments?post=1740"}],"version-history":[{"count":2,"href":"https:\/\/montsaintpierre.ca\/en\/wp-json\/wp\/v2\/pages\/1740\/revisions"}],"predecessor-version":[{"id":1742,"href":"https:\/\/montsaintpierre.ca\/en\/wp-json\/wp\/v2\/pages\/1740\/revisions\/1742"}],"wp:attachment":[{"href":"https:\/\/montsaintpierre.ca\/en\/wp-json\/wp\/v2\/media?parent=1740"}],"curies":[{"name":"wp","href":"https:\/\/api.w.org\/{rel}","templated":true}]}}